{"id":7845,"date":"2025-03-08T17:13:22","date_gmt":"2025-03-08T17:13:22","guid":{"rendered":"https:\/\/bigfunhobby.com\/butikk\/marklin-add-on-car-set-3-for-giruno\/"},"modified":"2025-12-04T10:59:17","modified_gmt":"2025-12-04T08:59:17","slug":"marklin-add-on-vogn-saet-3-til-giruno","status":"publish","type":"product","link":"https:\/\/bigfunhobby.com\/da\/butikk\/marklin-add-on-car-set-3-for-giruno\/","title":{"rendered":"M\u00e4rklin - S\u00e6t med ekstra vogne 3 til Giruno"},"content":{"rendered":"<p>Udvid din modeljernbane med M\u00e4rklin add-on s\u00e6t 3 til Giruno. Dette er et add-on-s\u00e6t til de schweiziske statsbaners (SBB) h\u00f8jhastighedstog i klasse RABe 501 'Giruno'. S\u00e6ttet indeholder to f\u00f8rsteklasses vogns\u00e6t, en type J (A4) mellemvogn og en type K (A3) mellemvogn, designet som de s\u00e5 ud i 2021.<\/p>\n<p><strong>Specifikationer for modellen:<\/strong><\/p>\n<ul>\n<li>2-delt add-on-s\u00e6t til at udvide h\u00f8jhastighedstoget klasse RABe 501 'Giruno' til en enhed med 11 dele<\/li>\n<li>Indvendig belysning installeret p\u00e5 fabrikken med vedligeholdelsesfri varmhvide LED-lys<\/li>\n<li>Kontinuerlig elektrisk forbindelse i hele toget<\/li>\n<li>Bev\u00e6gelsesmekanisme i Jakobs' lastbiler<\/li>\n<li>Modelleret i realtid<\/li>\n<li>Mindste arbejdsradius er 360 mm \/ 14-3\/16\u2032.<\/li>\n<li>L\u00e6ngden p\u00e5 bilparret er 40,2 cm \/ 15-13\/16\u2032.<\/li>\n<\/ul>\n<p>Denne RABe 501 'Giruno' klasse add-on enhed er perfekt til dem, der er interesseret i modeljernbaner og skalamodeller. Den giver en autentisk modeloplevelse for voksne og unge entusiaster.<\/p>\n<p>For at f\u00e5 den mest autentiske oplevelse kan 39810-grunds\u00e6ttet udvides til en prototypisk enhed med 11 dele med 43461-, 43462- og 43463-tilf\u00f8jelsess\u00e6ttene.<\/p>\n<p>Vent ikke med at tage din modeljernbane til det n\u00e6ste niveau. Udforsk vores udvalg, og bestil M\u00e4rklin add-on s\u00e6t 3 til Giruno i dag.<\/p>","protected":false},"excerpt":{"rendered":"<p>Udvid din modeljernbane med M\u00e4rklin add-on s\u00e6t 3 til Giruno. S\u00e6ttet indeholder to f\u00f8rsteklasses vogns\u00e6t med indvendig belysning og autentisk design fra 2021.<\/p>","protected":false},"featured_media":7844,"comment_status":"open","ping_status":"closed","template":"","meta":[],"product_brand":[107],"product_cat":[72],"product_tag":[],"class_list":{"0":"post-7845","1":"product","2":"type-product","3":"status-publish","4":"has-post-thumbnail","6":"product_brand-marklin","7":"product_cat-marklin-h0-originalen","9":"first","10":"outofstock","11":"taxable","12":"shipping-taxable","13":"purchasable","14":"product-type-simple"},"_links":{"self":[{"href":"https:\/\/bigfunhobby.com\/da\/wp-json\/wp\/v2\/product\/7845","targetHints":{"allow":["GET"]}}],"collection":[{"href":"https:\/\/bigfunhobby.com\/da\/wp-json\/wp\/v2\/product"}],"about":[{"href":"https:\/\/bigfunhobby.com\/da\/wp-json\/wp\/v2\/types\/product"}],"replies":[{"embeddable":true,"href":"https:\/\/bigfunhobby.com\/da\/wp-json\/wp\/v2\/comments?post=7845"}],"wp:featuredmedia":[{"embeddable":true,"href":"https:\/\/bigfunhobby.com\/da\/wp-json\/wp\/v2\/media\/7844"}],"wp:attachment":[{"href":"https:\/\/bigfunhobby.com\/da\/wp-json\/wp\/v2\/media?parent=7845"}],"wp:term":[{"taxonomy":"product_brand","embeddable":true,"href":"https:\/\/bigfunhobby.com\/da\/wp-json\/wp\/v2\/product_brand?post=7845"},{"taxonomy":"product_cat","embeddable":true,"href":"https:\/\/bigfunhobby.com\/da\/wp-json\/wp\/v2\/product_cat?post=7845"},{"taxonomy":"product_tag","embeddable":true,"href":"https:\/\/bigfunhobby.com\/da\/wp-json\/wp\/v2\/product_tag?post=7845"}],"curies":[{"name":"wp","href":"https:\/\/api.w.org\/{rel}","templated":true}]}}