{"id":7869,"date":"2025-03-08T17:13:29","date_gmt":"2025-03-08T17:13:29","guid":{"rendered":"https:\/\/bigfunhobby.com\/butikk\/marklin-db-konigsberg-om21-high-sid\/"},"modified":"2025-12-04T10:59:18","modified_gmt":"2025-12-04T08:59:18","slug":"marklin-db-konigsberg-om21-high-sid","status":"publish","type":"product","link":"https:\/\/bigfunhobby.com\/da\/butikk\/marklin-db-konigsberg-om21-high-sid\/","title":{"rendered":"M\u00e4rklin - DB \"K\u00f6nigsberg\" Om21 High Sid"},"content":{"rendered":"<p>For b\u00e5de begyndere og erfarne modeljernbaneentusiaster vil M\u00e4rklin - DB 'K\u00f6nigsberg' Om21 High Sid give en autentisk og engagerende oplevelse. Dette er ikke bare en hvilken som helst modeljernbanevogn, men et stykke historie genskabt ned til mindste detalje.<\/p>\n<p>Produktet har en realistisk lastindsats med kul i den rigtige skala, som giver en autentisk f\u00f8lelse af en rigtig jernbanevogn. Derudover er vognen autentisk forvitret, hvilket bidrager til det realistiske udseende.<\/p>\n<ul>\n<li><strong>L\u00e6ngde over buffere:<\/strong> 11,3 cm<\/li>\n<li><strong>DC-hjuls\u00e6t:<\/strong> E700580<\/li>\n<li><strong>Trix Express bilhjuls\u00e6t:<\/strong> E258259<\/li>\n<\/ul>\n<p>Navnet \"K\u00f6nigsberg\" hentyder til den historiske by af samme navn og giver dette produkt en ekstra dimension for dem, der interesserer sig for jernbanehistorie.<\/p>\n<p>S\u00e5 uanset om du er en erfaren modeljernbanebygger, der leder efter den perfekte tilf\u00f8jelse til din samling, eller en nybegynder, der er ivrig efter at dykke ned i denne fascinerende hobby, er M\u00e4rklin - DB 'K\u00f6nigsberg' Om21 High Sid det perfekte valg. K\u00f8b her for at starte eller udvide din modeljernbaneverden i dag.<\/p>","protected":false},"excerpt":{"rendered":"<p>Nyd en autentisk modeljernbaneoplevelse med M\u00e4rklin - DB 'K\u00f6nigsberg' Om21 High Sid, komplet med en realistisk kullast og et vejrbidt design.<\/p>","protected":false},"featured_media":7868,"comment_status":"open","ping_status":"closed","template":"","meta":[],"product_brand":[107],"product_cat":[72],"product_tag":[],"class_list":{"0":"post-7869","1":"product","2":"type-product","3":"status-publish","4":"has-post-thumbnail","6":"product_brand-marklin","7":"product_cat-marklin-h0-originalen","9":"first","10":"instock","11":"taxable","12":"shipping-taxable","13":"purchasable","14":"product-type-simple"},"_links":{"self":[{"href":"https:\/\/bigfunhobby.com\/da\/wp-json\/wp\/v2\/product\/7869","targetHints":{"allow":["GET"]}}],"collection":[{"href":"https:\/\/bigfunhobby.com\/da\/wp-json\/wp\/v2\/product"}],"about":[{"href":"https:\/\/bigfunhobby.com\/da\/wp-json\/wp\/v2\/types\/product"}],"replies":[{"embeddable":true,"href":"https:\/\/bigfunhobby.com\/da\/wp-json\/wp\/v2\/comments?post=7869"}],"wp:featuredmedia":[{"embeddable":true,"href":"https:\/\/bigfunhobby.com\/da\/wp-json\/wp\/v2\/media\/7868"}],"wp:attachment":[{"href":"https:\/\/bigfunhobby.com\/da\/wp-json\/wp\/v2\/media?parent=7869"}],"wp:term":[{"taxonomy":"product_brand","embeddable":true,"href":"https:\/\/bigfunhobby.com\/da\/wp-json\/wp\/v2\/product_brand?post=7869"},{"taxonomy":"product_cat","embeddable":true,"href":"https:\/\/bigfunhobby.com\/da\/wp-json\/wp\/v2\/product_cat?post=7869"},{"taxonomy":"product_tag","embeddable":true,"href":"https:\/\/bigfunhobby.com\/da\/wp-json\/wp\/v2\/product_tag?post=7869"}],"curies":[{"name":"wp","href":"https:\/\/api.w.org\/{rel}","templated":true}]}}