{"id":7905,"date":"2025-03-08T17:13:39","date_gmt":"2025-03-08T17:13:39","guid":{"rendered":"https:\/\/bigfunhobby.com\/butikk\/gauge-h0-article-no-47543-type-zans-tank-car\/"},"modified":"2025-12-04T10:59:19","modified_gmt":"2025-12-04T08:59:19","slug":"sporvidde-h0-varenr-47543-type-zans-tankvogn","status":"publish","type":"product","link":"https:\/\/bigfunhobby.com\/da\/butikk\/gauge-h0-article-no-47543-type-zans-tank-car\/","title":{"rendered":"Sporvidde H0 - Artikel nr. 47543 Type Zans Tankvogn"},"content":{"rendered":"<p>Udforsk modeljernbanens verden med vores sporvidde H0 - artikel nr. 47543 Type Zans tankvogn. Denne fireakslede tankvogn er en tro gengivelse af den moderne Type Zans, som var i drift i Tyskland i 2018. Med en kapacitet p\u00e5 95 kubikmeter \/ 25.096 gallons giver denne model en autentisk oplevelse for b\u00e5de nybegyndere og erfarne samlere.<\/p>\n<p><strong>Specifikationer:<\/strong><\/p>\n<ul>\n<li>Modellen har moderne lastbiler af typen Y25 Lsd1 med dobbelte bremseklodser.<\/li>\n<li>Tankvognen har en bremseplatform og en stige for enden.<\/li>\n<li>Bremsesystem, udst\u00f8dningsr\u00f8r, kuppeld\u00e6ksel, sikkerhedsb\u00f8jler og mange andre detaljer er p\u00e5f\u00f8rt separat for st\u00f8rre realisme.<\/li>\n<li>Modellen er ca. 19,6 cm \/ 7-3\/4\u2032 lang over buffere.<\/li>\n<\/ul>\n<p><strong>Materialer:<\/strong><\/p>\n<p>Denne plastikmodel af h\u00f8j kvalitet har mange metaldetaljer, bl.a. sikkerhedsb\u00f8jler, som giver den et ekstra strejf af autenticitet og holdbarhed.<\/p>\n<p>Med sin historiske n\u00f8jagtighed og detaljerede udf\u00f8relse vil denne tankvogn v\u00e6re en fremragende tilf\u00f8jelse til enhver modeljernbaneudstilling. Uanset om du er en erfaren samler p\u00e5 udkig efter et unikt stykke eller en nybegynder, der \u00f8nsker at starte din samling, er Gauge H0 - Article No. 47543 Type Zans Tank Car et fremragende valg.<\/p>\n<p>T\u00f8v ikke med at tilf\u00f8je denne model til din samling. Bestil nu, og tag din modeljernbane til det n\u00e6ste niveau.<\/p>","protected":false},"excerpt":{"rendered":"<p>Sporvidde H0 - artikel nr. 47543 Type Zans Tank Car er en detaljeret skalamodel af en moderne tankvogn, perfekt til modeljernbaneentusiaster, der er p\u00e5 udkig efter en autentisk tilf\u00f8jelse til deres samling.<\/p>","protected":false},"featured_media":7904,"comment_status":"open","ping_status":"closed","template":"","meta":[],"product_brand":[107],"product_cat":[72],"product_tag":[],"class_list":{"0":"post-7905","1":"product","2":"type-product","3":"status-publish","4":"has-post-thumbnail","6":"product_brand-marklin","7":"product_cat-marklin-h0-originalen","9":"first","10":"outofstock","11":"taxable","12":"shipping-taxable","13":"purchasable","14":"product-type-simple"},"_links":{"self":[{"href":"https:\/\/bigfunhobby.com\/da\/wp-json\/wp\/v2\/product\/7905","targetHints":{"allow":["GET"]}}],"collection":[{"href":"https:\/\/bigfunhobby.com\/da\/wp-json\/wp\/v2\/product"}],"about":[{"href":"https:\/\/bigfunhobby.com\/da\/wp-json\/wp\/v2\/types\/product"}],"replies":[{"embeddable":true,"href":"https:\/\/bigfunhobby.com\/da\/wp-json\/wp\/v2\/comments?post=7905"}],"wp:featuredmedia":[{"embeddable":true,"href":"https:\/\/bigfunhobby.com\/da\/wp-json\/wp\/v2\/media\/7904"}],"wp:attachment":[{"href":"https:\/\/bigfunhobby.com\/da\/wp-json\/wp\/v2\/media?parent=7905"}],"wp:term":[{"taxonomy":"product_brand","embeddable":true,"href":"https:\/\/bigfunhobby.com\/da\/wp-json\/wp\/v2\/product_brand?post=7905"},{"taxonomy":"product_cat","embeddable":true,"href":"https:\/\/bigfunhobby.com\/da\/wp-json\/wp\/v2\/product_cat?post=7905"},{"taxonomy":"product_tag","embeddable":true,"href":"https:\/\/bigfunhobby.com\/da\/wp-json\/wp\/v2\/product_tag?post=7905"}],"curies":[{"name":"wp","href":"https:\/\/api.w.org\/{rel}","templated":true}]}}