{"id":7923,"date":"2025-03-08T17:13:44","date_gmt":"2025-03-08T17:13:44","guid":{"rendered":"https:\/\/bigfunhobby.com\/butikk\/gauge-h0-article-no-7263-arched-bridge\/"},"modified":"2025-12-04T10:59:19","modified_gmt":"2025-12-04T08:59:19","slug":"sporvidde-h0-varenr-7263-buet-bro","status":"publish","type":"product","link":"https:\/\/bigfunhobby.com\/da\/butikk\/gauge-h0-article-no-7263-arched-bridge\/","title":{"rendered":"Sporvidde H0 - Artikel nr. 7263 Buet bro"},"content":{"rendered":"<p>Du ser p\u00e5 Gauge H0 - varenr. 7263, en buet bro til modeljernbaner, der giver dit landskab et naturligt og realistisk pr\u00e6g. Dens detaljerede design vil uden tvivl give karakter og dybde til ethvert modeljernbaneprojekt.<\/p>\n<ul>\n<li>Designet til K- eller M-spor\n<li>Indeholder 6 clips til montering af K-skinner\n<li>Instruktioner til ops\u00e6tning af broer medf\u00f8lger\n<li>Buens h\u00f8jde er 117 mm\n<li>L\u00e6ngden er 360 mm\n<\/ul>\n<p>Dette er et bygges\u00e6t af h\u00f8j kvalitet, som er lavet til at passe perfekt til skalaen p\u00e5 din modeljernbane. Med sin imponerende l\u00e6ngde og h\u00f8jde vil denne bro v\u00e6re et centralt element i dit landskab.<\/p>\n<p>Modeljernbaner er en passion og hobby for mange. Fra planl\u00e6gning og design til bygning og udsmykning giver den en unik mulighed for at skabe et lille univers i miniature. Denne buede bro er en fantastisk tilf\u00f8jelse til enhver modeljernbane, uanset om du er nybegynder eller erfaren modelbygger.<\/p>\n<p>Invester i kvalitet, detaljer og n\u00f8jagtighed til din modeljernbane. K\u00f8b Gauge H0 - Artikel nr. 7263 buet bro i dag, og tag din modeljernbane til det n\u00e6ste niveau! <\/p>","protected":false},"excerpt":{"rendered":"<p>Sporvidde H0 - artikel nr. 7263 er en detaljeret modeljernbanebro i skala 1:87, som er perfekt til at give landskabet p\u00e5 din modeljernbane et naturligt og realistisk pr\u00e6g.<\/p>","protected":false},"featured_media":7922,"comment_status":"open","ping_status":"closed","template":"","meta":[],"product_brand":[107],"product_cat":[72],"product_tag":[],"class_list":{"0":"post-7923","1":"product","2":"type-product","3":"status-publish","4":"has-post-thumbnail","6":"product_brand-marklin","7":"product_cat-marklin-h0-originalen","9":"first","10":"instock","11":"taxable","12":"shipping-taxable","13":"purchasable","14":"product-type-simple"},"_links":{"self":[{"href":"https:\/\/bigfunhobby.com\/da\/wp-json\/wp\/v2\/product\/7923","targetHints":{"allow":["GET"]}}],"collection":[{"href":"https:\/\/bigfunhobby.com\/da\/wp-json\/wp\/v2\/product"}],"about":[{"href":"https:\/\/bigfunhobby.com\/da\/wp-json\/wp\/v2\/types\/product"}],"replies":[{"embeddable":true,"href":"https:\/\/bigfunhobby.com\/da\/wp-json\/wp\/v2\/comments?post=7923"}],"wp:featuredmedia":[{"embeddable":true,"href":"https:\/\/bigfunhobby.com\/da\/wp-json\/wp\/v2\/media\/7922"}],"wp:attachment":[{"href":"https:\/\/bigfunhobby.com\/da\/wp-json\/wp\/v2\/media?parent=7923"}],"wp:term":[{"taxonomy":"product_brand","embeddable":true,"href":"https:\/\/bigfunhobby.com\/da\/wp-json\/wp\/v2\/product_brand?post=7923"},{"taxonomy":"product_cat","embeddable":true,"href":"https:\/\/bigfunhobby.com\/da\/wp-json\/wp\/v2\/product_cat?post=7923"},{"taxonomy":"product_tag","embeddable":true,"href":"https:\/\/bigfunhobby.com\/da\/wp-json\/wp\/v2\/product_tag?post=7923"}],"curies":[{"name":"wp","href":"https:\/\/api.w.org\/{rel}","templated":true}]}}