{"id":7925,"date":"2025-03-08T17:13:45","date_gmt":"2025-03-08T17:13:45","guid":{"rendered":"https:\/\/bigfunhobby.com\/butikk\/gauge-h0-article-no-74030-center-rail-insulators-cont-5-pcs\/"},"modified":"2025-12-04T10:59:21","modified_gmt":"2025-12-04T08:59:21","slug":"sporvidde-h0-varenr-74030-midterskinneisolatorer-cont-5-stk","status":"publish","type":"product","link":"https:\/\/bigfunhobby.com\/da\/butikk\/gauge-h0-article-no-74030-center-rail-insulators-cont-5-pcs\/","title":{"rendered":"Spor H0 - Artikel nr. 74030 Midterskinneisolatorer (cont.5 stk.)"},"content":{"rendered":"<p>Dette er et s\u00e6t med 5 midterskinneisolatorer i sporvidde H0. Disse er vigtige komponenter i modeljernbanebyggeri og bruges til at adskille str\u00f8mkredse eller signalblokke. Produktet er perfekt til b\u00e5de begyndere og erfarne modeljernbaneentusiaster.<\/p>\n<ul>\n<li>Artikel nr: 74030<\/li>\n<li>Indhold: 8 stk. til 4 isoleringspunkter<\/li>\n<li>Skala: Sporvidde H0<\/li>\n<\/ul>\n<p>At bygge en modeljernbane er ikke bare en hobby, det er en passion. Fra planl\u00e6gning og design til bygning og detaljering er alle dele af processen lige vigtige. Disse isolatorer er designet til at give dig fuld kontrol over str\u00f8mforsyningen til din modeljernbane, hvilket g\u00f8r dem til en uvurderlig del af ethvert modeljernbaneprojekt.<\/p>\n<p>Uanset om du skal i gang med dit f\u00f8rste modeljernbaneprojekt eller er en erfaren modelbygger, vil disse midterskinneisolatorer hj\u00e6lpe dig med at skabe en mere realistisk og funktionel modeljernbane. De er nemme at installere og kan bruges med de fleste typer modeljernbaner i sporvidde H0.<\/p>\n<p>S\u00e5 hvorfor vente? Tag dit modeljernbanebyggeri til det n\u00e6ste niveau med disse midterskinneisolatorer. K\u00f8b dem her og kom i gang med at bygge dit n\u00e6ste modeljernbaneprojekt.<\/p>","protected":false},"excerpt":{"rendered":"<p>Midterskinneisolatorer i pakning med sporvidde H0 - 5. Bruges til at adskille str\u00f8mkredse eller signalblokke i modeljernbanebyggeri.<\/p>","protected":false},"featured_media":7924,"comment_status":"open","ping_status":"closed","template":"","meta":[],"product_brand":[107],"product_cat":[72],"product_tag":[],"class_list":{"0":"post-7925","1":"product","2":"type-product","3":"status-publish","4":"has-post-thumbnail","6":"product_brand-marklin","7":"product_cat-marklin-h0-originalen","9":"first","10":"instock","11":"taxable","12":"shipping-taxable","13":"purchasable","14":"product-type-simple"},"_links":{"self":[{"href":"https:\/\/bigfunhobby.com\/da\/wp-json\/wp\/v2\/product\/7925","targetHints":{"allow":["GET"]}}],"collection":[{"href":"https:\/\/bigfunhobby.com\/da\/wp-json\/wp\/v2\/product"}],"about":[{"href":"https:\/\/bigfunhobby.com\/da\/wp-json\/wp\/v2\/types\/product"}],"replies":[{"embeddable":true,"href":"https:\/\/bigfunhobby.com\/da\/wp-json\/wp\/v2\/comments?post=7925"}],"wp:featuredmedia":[{"embeddable":true,"href":"https:\/\/bigfunhobby.com\/da\/wp-json\/wp\/v2\/media\/7924"}],"wp:attachment":[{"href":"https:\/\/bigfunhobby.com\/da\/wp-json\/wp\/v2\/media?parent=7925"}],"wp:term":[{"taxonomy":"product_brand","embeddable":true,"href":"https:\/\/bigfunhobby.com\/da\/wp-json\/wp\/v2\/product_brand?post=7925"},{"taxonomy":"product_cat","embeddable":true,"href":"https:\/\/bigfunhobby.com\/da\/wp-json\/wp\/v2\/product_cat?post=7925"},{"taxonomy":"product_tag","embeddable":true,"href":"https:\/\/bigfunhobby.com\/da\/wp-json\/wp\/v2\/product_tag?post=7925"}],"curies":[{"name":"wp","href":"https:\/\/api.w.org\/{rel}","templated":true}]}}