{"id":7935,"date":"2025-03-08T17:13:48","date_gmt":"2025-03-08T17:13:48","guid":{"rendered":"https:\/\/bigfunhobby.com\/butikk\/gauge-h0-article-no-74491-electric-turnout-mechanism-c-track\/"},"modified":"2025-12-04T10:59:21","modified_gmt":"2025-12-04T08:59:21","slug":"sporvidde-h0-artikel-nr-74491-elektrisk-sporskifte-mekanisme-c-spor","status":"publish","type":"product","link":"https:\/\/bigfunhobby.com\/da\/butikk\/gauge-h0-article-no-74491-electric-turnout-mechanism-c-track\/","title":{"rendered":"Sporvidde H0 - artikel nr. 74491 Elektrisk sporskiftemekanisme (C-spor)"},"content":{"rendered":"<p>G\u00f8r din modeljernbane endnu bedre med Gauge H0 - 74491 Electric Turnout Mechanism (C Track). Dette er en forbedret opgraderingspakke til C-sporskifter, designet til b\u00e5de begyndere og erfarne modeljernbaneentusiaster.<\/p>\n<p>Produktet er udstyret med en dobbelt magnetmekanisme med endestopkontakter. Det kan betjenes fra en tilbeh\u00f8rscontroller (f.eks. 72720) eller ved hj\u00e6lp af en digital dekoder (74461). En feedback-funktion er mulig med 7271\/72710-tilbeh\u00f8rscontrollerne.<\/p>\n<ul>\n<li>Nem installation p\u00e5 kontakter uden specialv\u00e6rkt\u00f8j<\/li>\n<li>Sidder skjult i vejd\u00e6kket; ingen undervognsmontering n\u00f8dvendig<\/li>\n<li>Indkapslet mod snavs og beskyttet mod overbelastning med endestopkontakter<\/li>\n<li>Kan styres med en standard tilbeh\u00f8rsstyring, en tilbeh\u00f8rsstyring med feedbackfunktion eller en digital dekoder<\/li>\n<\/ul>\n<p>Bem\u00e6rk, at den dobbelte glidekontakt 24624 allerede har en s\u00e6rlig mekanisme indbygget.<\/p>\n<p>Denne elektriske mekanisme giver din modeljernbane en mere autentisk og realistisk oplevelse. Med mulighed for manuel styring ved at lade h\u00e5ndtaget blive p\u00e5 sporskiftet, kan du nyde en mere praktisk oplevelse med din modeljernbane.<\/p>\n<p>Gauge H0 - 74491 Elektrisk sporskiftemekanisme (C-spor) er et must for enhver seri\u00f8s modeljernbaneentusiast. Tag din modeljernbane til det n\u00e6ste niveau. K\u00f8b her og begynd at opgradere i dag.<\/p>","protected":false},"excerpt":{"rendered":"<p>Opgrader din modeljernbane med Gauge H0 - 74491 Elektrisk sporskiftemekanisme (C-spor). Let at installere for at f\u00e5 en mere autentisk og realistisk modeljernbaneoplevelse.<\/p>","protected":false},"featured_media":7934,"comment_status":"open","ping_status":"closed","template":"","meta":[],"product_brand":[107],"product_cat":[72],"product_tag":[],"class_list":{"0":"post-7935","1":"product","2":"type-product","3":"status-publish","4":"has-post-thumbnail","6":"product_brand-marklin","7":"product_cat-marklin-h0-originalen","9":"first","10":"instock","11":"taxable","12":"shipping-taxable","13":"purchasable","14":"product-type-simple"},"_links":{"self":[{"href":"https:\/\/bigfunhobby.com\/da\/wp-json\/wp\/v2\/product\/7935","targetHints":{"allow":["GET"]}}],"collection":[{"href":"https:\/\/bigfunhobby.com\/da\/wp-json\/wp\/v2\/product"}],"about":[{"href":"https:\/\/bigfunhobby.com\/da\/wp-json\/wp\/v2\/types\/product"}],"replies":[{"embeddable":true,"href":"https:\/\/bigfunhobby.com\/da\/wp-json\/wp\/v2\/comments?post=7935"}],"wp:featuredmedia":[{"embeddable":true,"href":"https:\/\/bigfunhobby.com\/da\/wp-json\/wp\/v2\/media\/7934"}],"wp:attachment":[{"href":"https:\/\/bigfunhobby.com\/da\/wp-json\/wp\/v2\/media?parent=7935"}],"wp:term":[{"taxonomy":"product_brand","embeddable":true,"href":"https:\/\/bigfunhobby.com\/da\/wp-json\/wp\/v2\/product_brand?post=7935"},{"taxonomy":"product_cat","embeddable":true,"href":"https:\/\/bigfunhobby.com\/da\/wp-json\/wp\/v2\/product_cat?post=7935"},{"taxonomy":"product_tag","embeddable":true,"href":"https:\/\/bigfunhobby.com\/da\/wp-json\/wp\/v2\/product_tag?post=7935"}],"curies":[{"name":"wp","href":"https:\/\/api.w.org\/{rel}","templated":true}]}}