{"id":7943,"date":"2025-03-08T17:13:50","date_gmt":"2025-03-08T17:13:50","guid":{"rendered":"https:\/\/bigfunhobby.com\/butikk\/gauge-h0-article-no-74623-curved-ramp\/"},"modified":"2025-12-04T10:59:21","modified_gmt":"2025-12-04T08:59:21","slug":"gauge-h0-article-no-74623-curved-ramp","status":"publish","type":"product","link":"https:\/\/bigfunhobby.com\/da\/butikk\/gauge-h0-article-no-74623-curved-ramp\/","title":{"rendered":"Gauge H0 &#8211; Article No. 74623 Curved Ramp"},"content":{"rendered":"<p>Gauge H0 &#8211; Artikkel nr. 74623 er en buet rampe av h\u00f8y kvalitet til modelljernbaneentusiaster. Dette er et ideelt tilbeh\u00f8r for \u00e5 utvide og forbedre din modelljernbane, og bringe mer liv til togsystemet ditt.<\/p>\n<p>Specifikationer:<\/p>\n<ul>\n<li>Radius: 437,5 mm<\/li>\n<li>Kurve: 30\u00b0<\/li>\n<li>Bredde: 64 mm<\/li>\n<li>Passer til R2 radius C spor buede deler<\/li>\n<li>En rampe-seksjon har samme lengde som 24230 spor-seksjonen<\/li>\n<\/ul>\n<p>Buet rampe er laget for \u00e5 passe perfekt inn i ditt eksisterende modelljernbanesystem. Dette tilbeh\u00f8ret vil bidra til \u00e5 skape en mer dynamisk og realistisk jernbaneopplevelse, og gir deg ubegrensede muligheter for \u00e5 utforme ditt unike toglandskap.<\/p>\n<p>Historisk sett har buede ramper v\u00e6rt en viktig del av mange jernbanesystemer, noe som gir en ekstra autentisk f\u00f8lelse til din modelljernbane. Med denne buede rampen kan du etterligne virkelighetens jernbanestrukturer p\u00e5 en troverdig m\u00e5te.<\/p>\n<p>Enten du er en erfaren modelljernbanebygger eller en nybegynner, vil denne buede rampen gi deg mulighet til \u00e5 utvide og forbedre din modelljernbane. Ikke vent, ta din modelljernbane til nye h\u00f8yder i dag. <strong>K\u00f8b her<\/strong>.<\/p>","protected":false},"excerpt":{"rendered":"<p>Gauge H0 &#8211; Artikkel nr. 74623 er en buet rampe til modelljernbaner, perfekt for \u00e5 skape mer realistiske og spennende baner i din modelljernbaneverden.<\/p>","protected":false},"featured_media":7942,"comment_status":"open","ping_status":"closed","template":"","meta":[],"product_brand":[107],"product_cat":[72],"product_tag":[],"class_list":{"0":"post-7943","1":"product","2":"type-product","3":"status-publish","4":"has-post-thumbnail","6":"product_brand-marklin","7":"product_cat-marklin-h0-originalen","9":"first","10":"outofstock","11":"taxable","12":"shipping-taxable","13":"purchasable","14":"product-type-simple"},"_links":{"self":[{"href":"https:\/\/bigfunhobby.com\/da\/wp-json\/wp\/v2\/product\/7943","targetHints":{"allow":["GET"]}}],"collection":[{"href":"https:\/\/bigfunhobby.com\/da\/wp-json\/wp\/v2\/product"}],"about":[{"href":"https:\/\/bigfunhobby.com\/da\/wp-json\/wp\/v2\/types\/product"}],"replies":[{"embeddable":true,"href":"https:\/\/bigfunhobby.com\/da\/wp-json\/wp\/v2\/comments?post=7943"}],"wp:featuredmedia":[{"embeddable":true,"href":"https:\/\/bigfunhobby.com\/da\/wp-json\/wp\/v2\/media\/7942"}],"wp:attachment":[{"href":"https:\/\/bigfunhobby.com\/da\/wp-json\/wp\/v2\/media?parent=7943"}],"wp:term":[{"taxonomy":"product_brand","embeddable":true,"href":"https:\/\/bigfunhobby.com\/da\/wp-json\/wp\/v2\/product_brand?post=7943"},{"taxonomy":"product_cat","embeddable":true,"href":"https:\/\/bigfunhobby.com\/da\/wp-json\/wp\/v2\/product_cat?post=7943"},{"taxonomy":"product_tag","embeddable":true,"href":"https:\/\/bigfunhobby.com\/da\/wp-json\/wp\/v2\/product_tag?post=7943"}],"curies":[{"name":"wp","href":"https:\/\/api.w.org\/{rel}","templated":true}]}}