{"id":7957,"date":"2025-03-08T17:13:55","date_gmt":"2025-03-08T17:13:55","guid":{"rendered":"https:\/\/bigfunhobby.com\/butikk\/133-smit-nederland-plastic-hull\/"},"modified":"2025-12-04T10:59:21","modified_gmt":"2025-12-04T08:59:21","slug":"133-smit-nederland-plastskrog","status":"publish","type":"product","link":"https:\/\/bigfunhobby.com\/da\/butikk\/133-smit-nederland-plastic-hull\/","title":{"rendered":"1:33 SMIT NEDERLAND - PLASTSKROG"},"content":{"rendered":"<p>Tag udfordringen op og byg din egen skalamodel af det ber\u00f8mte skib Smit Nederland. Dette s\u00e6t er ideelt til erfarne modelbyggere og elskere af maritim historie.<\/p>\n<p><strong>Om Smit Holland:<\/strong><br \/> Smit Nederland blev bygget i 1979 p\u00e5 BV Scheepswerft &amp; Machine-fabriek 'De Merwede' i Hardinxveld, Holland. Skibet er kendt for sit unikke design med propeller udstyret med drejelige blade og to ror, der sikrer fremragende man\u00f8vredygtighed.<\/p>\n<p><strong>Om s\u00e6ttet:<\/strong><br \/> S\u00e6ttet kommer i skala 1\/33 og er lavet med stor opm\u00e6rksomhed p\u00e5 detaljer. S\u00e6ttet indeholder et skrog i ABS-plast og lasersk\u00e5rne tr\u00e6dele, der giver en autentisk og detaljeret gengivelse af det originale skib.<\/p>\n<ul>\n<li>Skala: 1\/33<\/li>\n<li>Sv\u00e6rhedsgrad: Erfaren<\/li>\n<li>L\u00e6ngde: 87 cm<\/li>\n<li>Bredde: 27 cm<\/li>\n<li>H\u00f8jde: 52 cm<\/li>\n<li>Skrog i ABS-plast<\/li>\n<li>Lim, v\u00e6rkt\u00f8j og lak\/maling er ikke inkluderet.<\/li>\n<\/ul>\n<p>Vi anbefaler f\u00f8lgende farver for et optimalt resultat: Billing No 1 White, Billing No 2 Duck Egg Blue, Billing No 4 Orange, Billing No 5 Tan, Billing No 8 Brunswick, Billing No 10 Lemon, Billing No 11 Black, Billing No 12 Pale Grey, Billing No 13 Trainer Yellow, Billing No 18 Mediterranean Blue, Billing No 21 Crimson, Billing No 23 Copper, Billing No 30 Dark Ad Grey, Billing No 36 Mahogany.<\/p>\n<p>Byg din egen model af Smit Nederland, og f\u00e5 et stykke maritim historie ind i din stue. Perfekt til en regnvejrsdag eller som gave til en modelbygningsentusiast. Vent ikke, bestil dit s\u00e6t i dag, og start dit n\u00e6ste modelprojekt.<\/p>","protected":false},"excerpt":{"rendered":"<p>Byg din egen skalamodel af det ber\u00f8mte skib Smit Nederland med vores detaljerede bygges\u00e6t. Perfekt til erfarne modelbyggere, der er interesserede i maritim historie.<\/p>","protected":false},"featured_media":7956,"comment_status":"open","ping_status":"closed","template":"","meta":[],"product_brand":[96],"product_cat":[53],"product_tag":[],"class_list":{"0":"post-7957","1":"product","2":"type-product","3":"status-publish","4":"has-post-thumbnail","6":"product_brand-billing-boats","7":"product_cat-bater-billing-boats","9":"first","10":"instock","11":"taxable","12":"shipping-taxable","13":"purchasable","14":"product-type-simple"},"_links":{"self":[{"href":"https:\/\/bigfunhobby.com\/da\/wp-json\/wp\/v2\/product\/7957","targetHints":{"allow":["GET"]}}],"collection":[{"href":"https:\/\/bigfunhobby.com\/da\/wp-json\/wp\/v2\/product"}],"about":[{"href":"https:\/\/bigfunhobby.com\/da\/wp-json\/wp\/v2\/types\/product"}],"replies":[{"embeddable":true,"href":"https:\/\/bigfunhobby.com\/da\/wp-json\/wp\/v2\/comments?post=7957"}],"wp:featuredmedia":[{"embeddable":true,"href":"https:\/\/bigfunhobby.com\/da\/wp-json\/wp\/v2\/media\/7956"}],"wp:attachment":[{"href":"https:\/\/bigfunhobby.com\/da\/wp-json\/wp\/v2\/media?parent=7957"}],"wp:term":[{"taxonomy":"product_brand","embeddable":true,"href":"https:\/\/bigfunhobby.com\/da\/wp-json\/wp\/v2\/product_brand?post=7957"},{"taxonomy":"product_cat","embeddable":true,"href":"https:\/\/bigfunhobby.com\/da\/wp-json\/wp\/v2\/product_cat?post=7957"},{"taxonomy":"product_tag","embeddable":true,"href":"https:\/\/bigfunhobby.com\/da\/wp-json\/wp\/v2\/product_tag?post=7957"}],"curies":[{"name":"wp","href":"https:\/\/api.w.org\/{rel}","templated":true}]}}