{"id":7961,"date":"2025-03-08T17:13:57","date_gmt":"2025-03-08T17:13:57","guid":{"rendered":"https:\/\/bigfunhobby.com\/butikk\/1-50-hms-endeavours-longboat-2022\/"},"modified":"2025-12-04T10:59:21","modified_gmt":"2025-12-04T08:59:21","slug":"1-50-hms-endeavours-longboat-2022","status":"publish","type":"product","link":"https:\/\/bigfunhobby.com\/da\/butikk\/1-50-hms-endeavours-longboat-2022\/","title":{"rendered":"1\/50 HMS ENDEAVOUR'S LONGBOAT 2022"},"content":{"rendered":"<p>Udforsk s\u00f8fartens historie med s\u00e6ttet HMS Endeavour's Longboat 2022. Dette er en fantastisk tr\u00e6skibsmodel i skala 1:50, gengivet med enest\u00e5ende n\u00f8jagtighed. Med vores detaljerede trinvise multimedieinstruktioner p\u00e5 dvd kan modelbyggere bygge en n\u00f8jagtig kopi af denne smukke langb\u00e5d med d\u00e6k og to stifter til sejl. Dette s\u00e6t er perfekt til dem, der gerne vil i gang med skibsmodellering.<\/p>\n<p>Skibet har dele af h\u00f8j kvalitet til samling: pr\u00e6cisionslasersk\u00e5ret, h\u00e5rdt tr\u00e6 som birk, h\u00e5ndsyede sejl klar til at blive placeret, bomuldstr\u00e5d og metalkomponenter i foto\u00e6tsning, messing og st\u00f8bt materiale. Dette modelbygges\u00e6t indeholder ogs\u00e5 en udstillingsbase i tr\u00e6 med et navneskilt i metal, s\u00e5 skalamodellen er perfekt udstillet. N\u00e5r modellen er f\u00e6rdig, m\u00e5ler den 420 mm i l\u00e6ngden, 90 mm i bredden og 270 mm i h\u00f8jden.<\/p>\n<ul>\n<li>M\u00e5lestok: 1:50<\/li>\n<li>L\u00e6ngde: 420 mm<\/li>\n<li>Bredde: 90mm<\/li>\n<li>H\u00f8jde: 270 mm<\/li>\n<li>Materialer: Lasersk\u00e5ret plade, birk, bomuldstr\u00e5d, foto\u00e6tsede metalkomponenter, messing og formst\u00f8bt materiale<\/li>\n<\/ul>\n<p>Historisk set blev HMS Endeavour s\u00f8sat i 1765 og valgt af James Cook tre \u00e5r senere til at forberede sin historiske rejse. Takket v\u00e6re dette britiske skib blev Australien opdaget, og Tahiti og en r\u00e6kke \u00f8er blev lokaliseret. Desuden blev der opdaget nye dyre- og plantearter, som var ukendte i Europa. Nu kan du l\u00e6re, hvordan kaptajnens b\u00e5d p\u00e5 HMS Endeavour s\u00e5 ud, takket v\u00e6re denne tr\u00e6skibsmodel i skala 1:50 fra Artesania Latina, en sand juvel inden for skibsmodellering.<\/p>\n<p>Kom i gang med denne fantastiske hobby med denne model med lav sv\u00e6rhedsgrad. Vent ikke l\u00e6ngere, begynd at modellere nu, og opdag s\u00f8fartens historie med HMS Endeavour's Longboat 2022!<\/p>","protected":false},"excerpt":{"rendered":"<p>HMS Endeavour's Longboat 2022 er et meget detaljeret bygges\u00e6t i tr\u00e6 i skala 1:50. Ideelt til begyndere og erfarne entusiaster, der interesserer sig for modelbygning og historiske fart\u00f8jer.<\/p>","protected":false},"featured_media":7960,"comment_status":"open","ping_status":"closed","template":"","meta":[],"product_brand":[97],"product_cat":[54],"product_tag":[],"class_list":{"0":"post-7961","1":"product","2":"type-product","3":"status-publish","4":"has-post-thumbnail","6":"product_brand-artesania","7":"product_cat-bater-artesania","9":"first","10":"instock","11":"taxable","12":"shipping-taxable","13":"purchasable","14":"product-type-simple"},"_links":{"self":[{"href":"https:\/\/bigfunhobby.com\/da\/wp-json\/wp\/v2\/product\/7961","targetHints":{"allow":["GET"]}}],"collection":[{"href":"https:\/\/bigfunhobby.com\/da\/wp-json\/wp\/v2\/product"}],"about":[{"href":"https:\/\/bigfunhobby.com\/da\/wp-json\/wp\/v2\/types\/product"}],"replies":[{"embeddable":true,"href":"https:\/\/bigfunhobby.com\/da\/wp-json\/wp\/v2\/comments?post=7961"}],"wp:featuredmedia":[{"embeddable":true,"href":"https:\/\/bigfunhobby.com\/da\/wp-json\/wp\/v2\/media\/7960"}],"wp:attachment":[{"href":"https:\/\/bigfunhobby.com\/da\/wp-json\/wp\/v2\/media?parent=7961"}],"wp:term":[{"taxonomy":"product_brand","embeddable":true,"href":"https:\/\/bigfunhobby.com\/da\/wp-json\/wp\/v2\/product_brand?post=7961"},{"taxonomy":"product_cat","embeddable":true,"href":"https:\/\/bigfunhobby.com\/da\/wp-json\/wp\/v2\/product_cat?post=7961"},{"taxonomy":"product_tag","embeddable":true,"href":"https:\/\/bigfunhobby.com\/da\/wp-json\/wp\/v2\/product_tag?post=7961"}],"curies":[{"name":"wp","href":"https:\/\/api.w.org\/{rel}","templated":true}]}}