{"id":7963,"date":"2025-03-08T17:13:58","date_gmt":"2025-03-08T17:13:58","guid":{"rendered":"https:\/\/bigfunhobby.com\/butikk\/1-25-bon-retour\/"},"modified":"2026-03-16T21:12:44","modified_gmt":"2026-03-16T19:12:44","slug":"1-25-bon-retour","status":"publish","type":"product","link":"https:\/\/bigfunhobby.com\/da\/butikk\/1-25-bon-retour\/","title":{"rendered":"1\/25 GODT AFKAST"},"content":{"rendered":"<p>Oppdag det spennende byggesettet av treskipsmodellen Bon Retour, en fransk scallopfiskeb\u00e5t fra Bretagne-kysten. Denne b\u00e5ten, bygget i 1952 ved Tertu du Fret skipsverft, ble brukt til scallopfiske i 37 \u00e5r f\u00f8r den gikk over i hendene til Guy Le Cornec som restaurerte den. I dag er b\u00e5ten forvaltet av foreningen TUD AR MOR, som har som m\u00e5l \u00e5 bevare maritim kultur.<\/p>\n<p>Med dette byggesettet kan du lage din egen 1:25 skalamodell av Bon Retour. Modellen er laget med en falsk kj\u00f8l og rammer, som gjenspeiler det virkelige skipets konstruksjon. N\u00e5r den er ferdigbygd, m\u00e5ler modellb\u00e5ten 395mm i lengden, 371mm i h\u00f8yden, og 103mm i bredden.<\/p>\n<p>Byggesettet inneholder deler av h\u00f8y presisjon laserkuttet treverk, l\u00f8vtre, messing, st\u00f8pejern og bomullsseil klare til \u00e5 plasseres. Du f\u00e5r ogs\u00e5 med en flott utstillingsbase i tre som en bonus. For \u00e5 hjelpe deg med monteringen, f\u00f8lger det med en komplett trinn-for-trinn guide i fire spr\u00e5k p\u00e5 DVD (PC og MAC). Merk at settet ikke inkluderer trykte instruksjoner.<\/p>\n<p>La deg fascinere av den rike historien til Bon Retour og gleden ved modellbygging. Dette byggesettet er perfekt for b\u00e5de nybegynnere og erfarne entusiaster. Sett i gang med byggingen og se hvordan denne unike treskipsmodellen tar form.<\/p>\n<p>Bestill ditt Bon Retour byggesett i dag og ta del i den fantastiske verden av modellbygging.<\/p>","protected":false},"excerpt":{"rendered":"<p>Bygg din egen modell av den franske scallopfiskeb\u00e5ten Bon Retour. Settet inkluderer alt du trenger for \u00e5 lage en detaljert skalamodell i tre av dette historiske fart\u00f8yet.<\/p>","protected":false},"featured_media":7962,"comment_status":"open","ping_status":"closed","template":"","meta":[],"product_brand":[97],"product_cat":[54],"product_tag":[],"class_list":{"0":"post-7963","1":"product","2":"type-product","3":"status-publish","4":"has-post-thumbnail","6":"product_brand-artesania","7":"product_cat-bater-artesania","9":"first","10":"outofstock","11":"taxable","12":"shipping-taxable","13":"purchasable","14":"product-type-simple"},"_links":{"self":[{"href":"https:\/\/bigfunhobby.com\/da\/wp-json\/wp\/v2\/product\/7963","targetHints":{"allow":["GET"]}}],"collection":[{"href":"https:\/\/bigfunhobby.com\/da\/wp-json\/wp\/v2\/product"}],"about":[{"href":"https:\/\/bigfunhobby.com\/da\/wp-json\/wp\/v2\/types\/product"}],"replies":[{"embeddable":true,"href":"https:\/\/bigfunhobby.com\/da\/wp-json\/wp\/v2\/comments?post=7963"}],"wp:featuredmedia":[{"embeddable":true,"href":"https:\/\/bigfunhobby.com\/da\/wp-json\/wp\/v2\/media\/7962"}],"wp:attachment":[{"href":"https:\/\/bigfunhobby.com\/da\/wp-json\/wp\/v2\/media?parent=7963"}],"wp:term":[{"taxonomy":"product_brand","embeddable":true,"href":"https:\/\/bigfunhobby.com\/da\/wp-json\/wp\/v2\/product_brand?post=7963"},{"taxonomy":"product_cat","embeddable":true,"href":"https:\/\/bigfunhobby.com\/da\/wp-json\/wp\/v2\/product_cat?post=7963"},{"taxonomy":"product_tag","embeddable":true,"href":"https:\/\/bigfunhobby.com\/da\/wp-json\/wp\/v2\/product_tag?post=7963"}],"curies":[{"name":"wp","href":"https:\/\/api.w.org\/{rel}","templated":true}]}}