{"id":7965,"date":"2025-03-08T17:13:59","date_gmt":"2025-03-08T17:13:59","guid":{"rendered":"https:\/\/bigfunhobby.com\/butikk\/1-50-santisima-trinidad-captain-longboat\/"},"modified":"2025-12-04T10:59:21","modified_gmt":"2025-12-04T08:59:21","slug":"1-50-santisima-trinidad-captain-longboat","status":"publish","type":"product","link":"https:\/\/bigfunhobby.com\/da\/butikk\/1-50-santisima-trinidad-captain-longboat\/","title":{"rendered":"1\/50 SANTISIMA TRINIDAD KAPTAJN LONGBOAT"},"content":{"rendered":"<p>Lag din egen detaljerte treskipsmodell av kapteinens longb\u00e5t fra det ber\u00f8mte spanske skipet, Santisima Trinidad. Med dette byggesettet i tre, kan du gjenoppleve en viktig del av sj\u00f8fartshistorien og utvikle dine ferdigheter innen modellbygging.<\/p>\n<p>Det spanske skipet Santisima Trinidad, offisielt kjent som Nuestra Se\u00f1ora de la Sant\u00edsima Trinidad, var det st\u00f8rste skipet p\u00e5 sin tid med opprinnelig 120 kanoner, utvidet til 140 senere. Skipet er mest kjent for sitt tragiske endelikt i slaget ved Trafalgar i 1805 hvor det ble tatt av engelskmennene etter en hard kamp. I dag ligger dette imponerende skipet p\u00e5 bunnen av havet, som et symbol p\u00e5 slutten av spansk havmakt.<\/p>\n<p>Dette byggesettet lar deg bygge en 1:50 skala modell av kapteinens longb\u00e5t fra Santisima Trinidad. N\u00e5r den er ferdig montert, m\u00e5ler modellen 380mm i lengde, 85mm i bredde og 235mm i h\u00f8yde. Med h\u00f8y presisjonslasersk\u00e5rne borddeler, edeltre, messing, st\u00f8pejern og seil som er klare til \u00e5 monteres, inneholder dette settet alt du trenger for \u00e5 bygge en autentisk modell.<\/p>\n<p>For \u00e5 hjelpe deg gjennom byggeprosessen f\u00f8lger det med en komplett trinn-for-trinn instruksjon p\u00e5 DVD, kompatibel med b\u00e5de PC og MAC. Du kan ogs\u00e5 laste ned de digitale instruksjonene gratis. Som en ekstra bonus, inkluderer dette byggesettet en treutstillingsbase som lar deg vise frem din ferdige modell.<\/p>\n<p>Dette byggesettet er ideelt for b\u00e5de nybegynnere og erfarne modellbyggere som \u00f8nsker \u00e5 dykke dypere inn i historien og utvikle sine ferdigheter innen modellbygging. Ikke vent lenger, ta steget inn i en verden av historisk modellbygging med dette unike byggesettet. Bestill n\u00e5!<\/p>","protected":false},"excerpt":{"rendered":"<p>Byggesett i tre av kapteinens longb\u00e5t fra det spanske skipet Santisima Trinidad, kjent som verdens st\u00f8rste skip p\u00e5 sin tid. Perfekt for b\u00e5de nybegynnere og erfarne modellbyggere.<\/p>","protected":false},"featured_media":7964,"comment_status":"open","ping_status":"closed","template":"","meta":[],"product_brand":[97],"product_cat":[54],"product_tag":[],"class_list":{"0":"post-7965","1":"product","2":"type-product","3":"status-publish","4":"has-post-thumbnail","6":"product_brand-artesania","7":"product_cat-bater-artesania","9":"first","10":"instock","11":"taxable","12":"shipping-taxable","13":"purchasable","14":"product-type-simple"},"_links":{"self":[{"href":"https:\/\/bigfunhobby.com\/da\/wp-json\/wp\/v2\/product\/7965","targetHints":{"allow":["GET"]}}],"collection":[{"href":"https:\/\/bigfunhobby.com\/da\/wp-json\/wp\/v2\/product"}],"about":[{"href":"https:\/\/bigfunhobby.com\/da\/wp-json\/wp\/v2\/types\/product"}],"replies":[{"embeddable":true,"href":"https:\/\/bigfunhobby.com\/da\/wp-json\/wp\/v2\/comments?post=7965"}],"wp:featuredmedia":[{"embeddable":true,"href":"https:\/\/bigfunhobby.com\/da\/wp-json\/wp\/v2\/media\/7964"}],"wp:attachment":[{"href":"https:\/\/bigfunhobby.com\/da\/wp-json\/wp\/v2\/media?parent=7965"}],"wp:term":[{"taxonomy":"product_brand","embeddable":true,"href":"https:\/\/bigfunhobby.com\/da\/wp-json\/wp\/v2\/product_brand?post=7965"},{"taxonomy":"product_cat","embeddable":true,"href":"https:\/\/bigfunhobby.com\/da\/wp-json\/wp\/v2\/product_cat?post=7965"},{"taxonomy":"product_tag","embeddable":true,"href":"https:\/\/bigfunhobby.com\/da\/wp-json\/wp\/v2\/product_tag?post=7965"}],"curies":[{"name":"wp","href":"https:\/\/api.w.org\/{rel}","templated":true}]}}