{"id":7969,"date":"2025-03-08T17:14:01","date_gmt":"2025-03-08T17:14:01","guid":{"rendered":"https:\/\/bigfunhobby.com\/butikk\/1-35-j-s-elcano-lifeboat\/"},"modified":"2025-12-04T10:59:21","modified_gmt":"2025-12-04T08:59:21","slug":"1-35-j-s-elcano-redningsbad","status":"publish","type":"product","link":"https:\/\/bigfunhobby.com\/da\/butikk\/1-35-j-s-elcano-lifeboat\/","title":{"rendered":"1\/35 J.S.ELCANO - REDNINGSB\u00c5D"},"content":{"rendered":"<h2>Historien om det spanske skib Juan Sebastian Elcano<\/h2>\n<p>Du kan nu bygge din egen tr\u00e6skibsmodel fra <span>Juan Sebastian Elcanos redningsb\u00e5d<\/span>er en repr\u00e6sentativ model af den spanske brigantinskonnert. Dette skib er opkaldt efter den spanske opdagelsesrejsende Juan Sebastian Elcano, kaptajnen, der gennemf\u00f8rte <span>verdens f\u00f8rste jordomsejling i 1522<\/span> efter Fernando de Magallanes' d\u00f8d.<\/p>\n<p>Juan Sebastian Elcano blev s\u00f8sat i 1927 i Cadiz og fungerer som et tr\u00e6ningsskib for fl\u00e5den. I l\u00f8bet af andet semester af det fjerde \u00e5r p\u00e5 den milit\u00e6re fl\u00e5deskole tager kadetterne p\u00e5 et instruktionstogt, en seks m\u00e5neder lang rejse til Amerika og en afstand p\u00e5 20.000 s\u00f8mil.<\/p>\n<h2>Indhold i Juan Sebastian Elcano-models\u00e6ttet<\/h2>\n<p>Nu kan du bygge din egen model af Juan Sebastian Elcanos redningsb\u00e5d i skala 1:35. S\u00e6ttet er designet til begyndere og indeholder alle de dele, du skal bruge for at samle det: lasersk\u00e5rne dele i br\u00e6dder, h\u00e5rdt tr\u00e6, messing og st\u00f8bejern.<\/p>\n<p>Til montering kan du f\u00f8lge vores komplette trin-for-trin-guide p\u00e5 dvd til computer - PC &amp; Mac. S\u00e6ttet indeholder ikke trykte instruktioner, men du kan ogs\u00e5 downloade digitale instruktioner gratis fra knappen p\u00e5 denne produktside, der hedder 'Instruktioner og indhold, der kan downloades'.<\/p>\n<p>Dette er den perfekte skalamodel til dem, der vil begynde at bygge skibe. Du kan ogs\u00e5 supplere den med <a href=\"https:\/\/artesanialatina.net\/en\/ships-initiation\/62367-wooden-plastic-model-ship-kit-training-ship-juan-sebastian-elcano-1-250-8421426222555.html\" target=\"_blank\" rel=\"noopener\">Modellen af det spanske tr\u00e6ningsskib<\/a> (22260), som s\u00e6lges separat.<\/p>\n<p>Uanset om du er nybegynder eller en erfaren entusiast, er dette s\u00e6t en fantastisk mulighed for at dykke ned i en verden af historie og modellering. Vent ikke l\u00e6ngere, start din modelbyggerrejse nu.<\/p>","protected":false},"excerpt":{"rendered":"<p>Byg din egen skibsmodel i tr\u00e6 med redningsb\u00e5den J.S.Elcano i 1\/35. Dette er et tr\u00e6s\u00e6t, der tager dig tilbage til den historiske spanske brigantinskonnert og dens jordomsejling i 1522.<\/p>","protected":false},"featured_media":7968,"comment_status":"open","ping_status":"closed","template":"","meta":[],"product_brand":[97],"product_cat":[54],"product_tag":[],"class_list":{"0":"post-7969","1":"product","2":"type-product","3":"status-publish","4":"has-post-thumbnail","6":"product_brand-artesania","7":"product_cat-bater-artesania","9":"first","10":"instock","11":"taxable","12":"shipping-taxable","13":"purchasable","14":"product-type-simple"},"_links":{"self":[{"href":"https:\/\/bigfunhobby.com\/da\/wp-json\/wp\/v2\/product\/7969","targetHints":{"allow":["GET"]}}],"collection":[{"href":"https:\/\/bigfunhobby.com\/da\/wp-json\/wp\/v2\/product"}],"about":[{"href":"https:\/\/bigfunhobby.com\/da\/wp-json\/wp\/v2\/types\/product"}],"replies":[{"embeddable":true,"href":"https:\/\/bigfunhobby.com\/da\/wp-json\/wp\/v2\/comments?post=7969"}],"wp:featuredmedia":[{"embeddable":true,"href":"https:\/\/bigfunhobby.com\/da\/wp-json\/wp\/v2\/media\/7968"}],"wp:attachment":[{"href":"https:\/\/bigfunhobby.com\/da\/wp-json\/wp\/v2\/media?parent=7969"}],"wp:term":[{"taxonomy":"product_brand","embeddable":true,"href":"https:\/\/bigfunhobby.com\/da\/wp-json\/wp\/v2\/product_brand?post=7969"},{"taxonomy":"product_cat","embeddable":true,"href":"https:\/\/bigfunhobby.com\/da\/wp-json\/wp\/v2\/product_cat?post=7969"},{"taxonomy":"product_tag","embeddable":true,"href":"https:\/\/bigfunhobby.com\/da\/wp-json\/wp\/v2\/product_tag?post=7969"}],"curies":[{"name":"wp","href":"https:\/\/api.w.org\/{rel}","templated":true}]}}