{"id":7973,"date":"2025-03-08T17:14:03","date_gmt":"2025-03-08T17:14:03","guid":{"rendered":"https:\/\/bigfunhobby.com\/butikk\/1-50-swift\/"},"modified":"2025-12-04T10:59:21","modified_gmt":"2025-12-04T08:59:21","slug":"1-50-swift","status":"publish","type":"product","link":"https:\/\/bigfunhobby.com\/da\/butikk\/1-50-swift\/","title":{"rendered":"1\/50 SWIFT"},"content":{"rendered":"<p>Dette er en fantastisk mulighet til \u00e5 lage din egen modell av det mytiske skipet Swift, en Virginia Pilot Boat fra det tidlige 19. \u00e5rhundre. Dette byggesettet er perfekt for b\u00e5de nybegynnere og erfarne entusiaster innen modellbygging.<\/p>\n<h2>Historien om Swift<\/h2>\n<p>Skipet Swift var et lettvekts og kraftig seilskip som guidet de st\u00f8rste innkommende skipene trygt inn til havn. Disse typene b\u00e5ter ble brukt til \u00e5 lede store skip inn og ut av havner, spesielt p\u00e5 Nord-Amerikas \u00f8stkyst, p\u00e5 grunn av deres letthet, hastighet og man\u00f8vrerbarhet.<\/p>\n<h2>Innholdet i Swift Pilot Boat Wooden Model Ship Kit<\/h2>\n<p>Dette byggesettet inneholder alt du trenger for \u00e5 bygge din egen treskipsmodell av Swift. Det inkluderer laserkuttede trebiter, forh\u00e5ndsutsk\u00e5rne messingdeler, h\u00e5nds\u00f8mte seil som er klare til \u00e5 bli plassert, og en praktfull treutstillingsbase med et navneskilt hvor du kan vise frem din ferdige modell.<\/p>\n<h2>Montering<\/h2>\n<p>For montering av denne vakre 1:50 skalamodellen, f\u00f8lger det med en DVD til datamaskinen din &#8211; b\u00e5de PC og MAC &#8211; med en sv\u00e6rt detaljert steg-for-steg monteringsveiledning og en 1:1 plan av modellen. DVD-en inneholder ogs\u00e5 tips og triks-videoer om hvordan du kan montere Swift. Du kan ogs\u00e5 laste ned de digitale instruksjonene gratis.<\/p>\n<h2>Specifikationer<\/h2>\n<p>N\u00e5r den er bygget, m\u00e5ler denne trofaste miniatyrkopien 24,48&raquo; (622mm) i lengde, 4,72&raquo; (120mm) i bredde og 17,24&raquo; (438mm) i h\u00f8yde. Du kan male modellskipet ditt med Paints Set for American Schooners Models (selges separat).<\/p>\n<p>La deg fascinere av historien og detaljene i dette byggesettet. Bestill Swift Pilot Boat Wooden Model Ship Kit n\u00e5 og begynn p\u00e5 din reise inn i modellbyggingens verden.<\/p>","protected":false},"excerpt":{"rendered":"<p>Byggesett for modell av det mytiske skipet Swift, en Virginia Pilot Boat fra det 19. \u00e5rhundre. H\u00f8ykvalitets treskipsmodell med detaljerte instruksjoner og materialer inkludert.<\/p>","protected":false},"featured_media":7972,"comment_status":"open","ping_status":"closed","template":"","meta":[],"product_brand":[97],"product_cat":[54],"product_tag":[],"class_list":{"0":"post-7973","1":"product","2":"type-product","3":"status-publish","4":"has-post-thumbnail","6":"product_brand-artesania","7":"product_cat-bater-artesania","9":"first","10":"instock","11":"taxable","12":"shipping-taxable","13":"purchasable","14":"product-type-simple"},"_links":{"self":[{"href":"https:\/\/bigfunhobby.com\/da\/wp-json\/wp\/v2\/product\/7973","targetHints":{"allow":["GET"]}}],"collection":[{"href":"https:\/\/bigfunhobby.com\/da\/wp-json\/wp\/v2\/product"}],"about":[{"href":"https:\/\/bigfunhobby.com\/da\/wp-json\/wp\/v2\/types\/product"}],"replies":[{"embeddable":true,"href":"https:\/\/bigfunhobby.com\/da\/wp-json\/wp\/v2\/comments?post=7973"}],"wp:featuredmedia":[{"embeddable":true,"href":"https:\/\/bigfunhobby.com\/da\/wp-json\/wp\/v2\/media\/7972"}],"wp:attachment":[{"href":"https:\/\/bigfunhobby.com\/da\/wp-json\/wp\/v2\/media?parent=7973"}],"wp:term":[{"taxonomy":"product_brand","embeddable":true,"href":"https:\/\/bigfunhobby.com\/da\/wp-json\/wp\/v2\/product_brand?post=7973"},{"taxonomy":"product_cat","embeddable":true,"href":"https:\/\/bigfunhobby.com\/da\/wp-json\/wp\/v2\/product_cat?post=7973"},{"taxonomy":"product_tag","embeddable":true,"href":"https:\/\/bigfunhobby.com\/da\/wp-json\/wp\/v2\/product_tag?post=7973"}],"curies":[{"name":"wp","href":"https:\/\/api.w.org\/{rel}","templated":true}]}}