{"id":7975,"date":"2025-03-08T17:14:04","date_gmt":"2025-03-08T17:14:04","guid":{"rendered":"https:\/\/bigfunhobby.com\/butikk\/1-35-botter-2021\/"},"modified":"2025-12-04T10:59:21","modified_gmt":"2025-12-04T08:59:21","slug":"1-35-bade-2021","status":"publish","type":"product","link":"https:\/\/bigfunhobby.com\/da\/butikk\/1-35-botter-2021\/","title":{"rendered":"1\/35 BOTTER 2021"},"content":{"rendered":"<p>Oplev gl\u00e6den ved at bygge modeller med vores bygges\u00e6t af den traditionelle fiskerb\u00e5d \"Botter\" i skala 1:35. Dette er en fantastisk mulighed for at dykke ned i en verden af detaljer, pr\u00e6cision og historie, n\u00e5r du skaber en trofast miniaturekopi af denne hollandske fiskerb\u00e5d. Perfekt til modelbyggere med lidt erfaring.<\/p>\n<p><strong>Specifikationer:<\/strong><br \/>\nN\u00e5r den er f\u00e6rdig, m\u00e5ler denne trofaste miniaturekopi af fiskerb\u00e5den Botter 475 mm i l\u00e6ngden, 115 mm i bredden og 375 mm i h\u00f8jden. S\u00e6ttet giver dig en autentisk modeloplevelse, da konstruktionen med falsk k\u00f8l og spanter afspejler bygningen af det rigtige skib.<\/p>\n<p><strong>Materialer:<\/strong><br \/>\nS\u00e6ttet indeholder lasersk\u00e5rne dele med h\u00f8j pr\u00e6cision, \u00e6deltr\u00e6, messing, st\u00f8bejern og h\u00e5ndsyede bomuldssejl, der er klar til at blive sat p\u00e5. Som en bonus f\u00f8lger der ogs\u00e5 en smuk udstillingsbase af tr\u00e6 med, komplet med et navneskilt til Botters fiskerb\u00e5d.<\/p>\n<p><strong>Montering:<\/strong><br \/>\nFor at g\u00f8re monteringen s\u00e5 nem og underholdende som muligt er der pr\u00e6cise trinvise instruktioner p\u00e5 video og dvd til computere -PC &amp; MAC-. Vores modelbyggere har dokumenteret monteringen af hver eneste del, s\u00e5 det bliver nemmere for dig. <a href=\"https:\/\/www.youtube.com\/watch?v=Ah3bCFJIHGs&amp;list=PLSWjc49gHdjk5_Ducxf7LiAIzFCCW_c10&amp;index=1\" target=\"_blank\" rel=\"noopener\">Du kan se alle videoinstruktionerne gratis ved at klikke her<\/a> p\u00e5 vores YouTube-kanal.<\/p>\n<p>Begynd at modellere, og oplev gl\u00e6den ved at skabe din egen skibsmodel i tr\u00e6. K\u00f8b Botter-s\u00e6ttet her, og start dit n\u00e6ste projekt i dag!<\/p>","protected":false},"excerpt":{"rendered":"<p>Byg din egen tr\u00e6model af den traditionelle fiskerb\u00e5d 'Botter' med dette detaljerede s\u00e6t af h\u00f8j kvalitet i skala 1:35. Perfekt til modelbyggere med lidt erfaring.<\/p>","protected":false},"featured_media":7974,"comment_status":"open","ping_status":"closed","template":"","meta":[],"product_brand":[97],"product_cat":[54],"product_tag":[],"class_list":{"0":"post-7975","1":"product","2":"type-product","3":"status-publish","4":"has-post-thumbnail","6":"product_brand-artesania","7":"product_cat-bater-artesania","9":"first","10":"instock","11":"taxable","12":"shipping-taxable","13":"purchasable","14":"product-type-simple"},"_links":{"self":[{"href":"https:\/\/bigfunhobby.com\/da\/wp-json\/wp\/v2\/product\/7975","targetHints":{"allow":["GET"]}}],"collection":[{"href":"https:\/\/bigfunhobby.com\/da\/wp-json\/wp\/v2\/product"}],"about":[{"href":"https:\/\/bigfunhobby.com\/da\/wp-json\/wp\/v2\/types\/product"}],"replies":[{"embeddable":true,"href":"https:\/\/bigfunhobby.com\/da\/wp-json\/wp\/v2\/comments?post=7975"}],"wp:featuredmedia":[{"embeddable":true,"href":"https:\/\/bigfunhobby.com\/da\/wp-json\/wp\/v2\/media\/7974"}],"wp:attachment":[{"href":"https:\/\/bigfunhobby.com\/da\/wp-json\/wp\/v2\/media?parent=7975"}],"wp:term":[{"taxonomy":"product_brand","embeddable":true,"href":"https:\/\/bigfunhobby.com\/da\/wp-json\/wp\/v2\/product_brand?post=7975"},{"taxonomy":"product_cat","embeddable":true,"href":"https:\/\/bigfunhobby.com\/da\/wp-json\/wp\/v2\/product_cat?post=7975"},{"taxonomy":"product_tag","embeddable":true,"href":"https:\/\/bigfunhobby.com\/da\/wp-json\/wp\/v2\/product_tag?post=7975"}],"curies":[{"name":"wp","href":"https:\/\/api.w.org\/{rel}","templated":true}]}}