{"id":7979,"date":"2025-03-08T17:14:06","date_gmt":"2025-03-08T17:14:06","guid":{"rendered":"https:\/\/bigfunhobby.com\/butikk\/1-85-arab-sultan-dhow\/"},"modified":"2025-12-04T10:59:21","modified_gmt":"2025-12-04T08:59:21","slug":"1-85-arabisk-sultan-dhow","status":"publish","type":"product","link":"https:\/\/bigfunhobby.com\/da\/butikk\/1-85-arab-sultan-dhow\/","title":{"rendered":"1\/85 ARABISK SULTAN DHOW"},"content":{"rendered":"<h2><span><span>Historien om den arabiske sultan-dhow: L\u00e6r om den model, du er ved at bygge<\/span><\/span><\/h2>\n<p>G\u00f8r dig bekendt med Sultan, en model med tre skibe af den traditionelle arabiske dhow, som kendes fra kysterne p\u00e5 Den Arabiske Halv\u00f8, Indien og \u00d8stafrika. Denne b\u00e5d var det vigtigste instrument for handel og udbredelse af den islamiske tro. Derudover blev dhow'en hovedsageligt brugt som fragtskib med varer som korn, fisk, mineraler og endda slaver.<\/p>\n<p>Dhowens n\u00f8jagtige oprindelse er ukendt, selvom dens udseende synes at v\u00e6re knyttet til islam. Den er revolutionerende i s\u00f8fartshistorien p\u00e5 grund af sine trekantede sejl og er stort set u\u00e6ndret siden sit oprindelige design, og det menes, at dhow'en var grundlaget for konstruktionen af venetianske galejer og karaveller, som foretrak st\u00f8rre skibe med blandede sejl. Dhow'en sejler stadig langs kysten i Det Indiske Ocean.<\/p>\n<h2><span><span>Indholdet af bygges\u00e6ttet til tr\u00e6b\u00e5den Sultan <\/span><\/span><\/h2>\n<p>Dette Sultan-dhow-s\u00e6t i tr\u00e6 indeholder alle de dele, du skal bruge til at bygge modellen, som er en tro kopi af den originale b\u00e5d takket v\u00e6re dens falske k\u00f8l og spantdesign. Det er en model i skala 1:85, en elegant tosidet b\u00e5d, som er uundv\u00e6rlig i skibsmodellering. N\u00e5r den er f\u00e6rdigbygget, m\u00e5ler denne trofaste miniaturekopi 390 mm i l\u00e6ngden, 125 mm i bredden og 440 mm i h\u00f8jden.<\/p>\n<p>Sultan-modelbygges\u00e6ttet indeholder et s\u00e6t borddele, laserudsk\u00e5ret med h\u00f8j pr\u00e6cision; tr\u00e6-, messing- og st\u00f8bedele; tr\u00e6- og birkefin\u00e9r; messing og foto\u00e6tsede dele af h\u00f8j kvalitet; h\u00e5ndsyede sejl, der er klar til at blive sat p\u00e5; bomuldstr\u00e5d og en udstillingsbase til at fremvise modelskibet, n\u00e5r det er f\u00e6rdigt.<\/p>\n<p>Til montering kan du f\u00f8lge vores superdetaljerede trin-for-trin-guide p\u00e5 dvd til computer -PC &amp; MAC-. S\u00e6ttet indeholder ikke trykte instruktioner. Du kan ogs\u00e5 downloade de digitale instruktioner gratis ved at klikke p\u00e5 knappen 'Instruktioner og indhold til download' p\u00e5 denne produktside.<\/p>\n<p>Uanset om du er en erfaren modelbygger eller en nybegynder, vil du finde gl\u00e6de ved at bygge denne historiske tr\u00e6skibsmodel. Hver eneste detalje er designet til at skabe en autentisk og tro gengivelse af den originale dhow. K\u00f8b dit s\u00e6t i dag, og start et sp\u00e6ndende modelbygningsprojekt!<\/p>\n<p>&#8216;<\/p>","protected":false},"excerpt":{"rendered":"<p>Arab Sultan Dhow 1\/85 er et detaljeret tr\u00e6s\u00e6t, der skaber en autentisk model af en traditionel arabisk dhow. Perfekt til modelbyggere og historieentusiaster.<\/p>","protected":false},"featured_media":7978,"comment_status":"open","ping_status":"closed","template":"","meta":[],"product_brand":[97],"product_cat":[54],"product_tag":[],"class_list":{"0":"post-7979","1":"product","2":"type-product","3":"status-publish","4":"has-post-thumbnail","6":"product_brand-artesania","7":"product_cat-bater-artesania","9":"first","10":"instock","11":"taxable","12":"shipping-taxable","13":"purchasable","14":"product-type-simple"},"_links":{"self":[{"href":"https:\/\/bigfunhobby.com\/da\/wp-json\/wp\/v2\/product\/7979","targetHints":{"allow":["GET"]}}],"collection":[{"href":"https:\/\/bigfunhobby.com\/da\/wp-json\/wp\/v2\/product"}],"about":[{"href":"https:\/\/bigfunhobby.com\/da\/wp-json\/wp\/v2\/types\/product"}],"replies":[{"embeddable":true,"href":"https:\/\/bigfunhobby.com\/da\/wp-json\/wp\/v2\/comments?post=7979"}],"wp:featuredmedia":[{"embeddable":true,"href":"https:\/\/bigfunhobby.com\/da\/wp-json\/wp\/v2\/media\/7978"}],"wp:attachment":[{"href":"https:\/\/bigfunhobby.com\/da\/wp-json\/wp\/v2\/media?parent=7979"}],"wp:term":[{"taxonomy":"product_brand","embeddable":true,"href":"https:\/\/bigfunhobby.com\/da\/wp-json\/wp\/v2\/product_brand?post=7979"},{"taxonomy":"product_cat","embeddable":true,"href":"https:\/\/bigfunhobby.com\/da\/wp-json\/wp\/v2\/product_cat?post=7979"},{"taxonomy":"product_tag","embeddable":true,"href":"https:\/\/bigfunhobby.com\/da\/wp-json\/wp\/v2\/product_tag?post=7979"}],"curies":[{"name":"wp","href":"https:\/\/api.w.org\/{rel}","templated":true}]}}