{"id":7981,"date":"2025-03-08T17:14:07","date_gmt":"2025-03-08T17:14:07","guid":{"rendered":"https:\/\/bigfunhobby.com\/butikk\/1-50-marie-jeanne-2022-with-stand\/"},"modified":"2025-12-04T10:59:21","modified_gmt":"2025-12-04T08:59:21","slug":"1-50-marie-jeanne-2022-with-stand","status":"publish","type":"product","link":"https:\/\/bigfunhobby.com\/da\/butikk\/1-50-marie-jeanne-2022-with-stand\/","title":{"rendered":"1\/50 MARIE-JEANNE 2022 with stand"},"content":{"rendered":"<p>Utforsk gleden av modellbygging med v\u00e5r treskipsmodell av den tradisjonelle franske tunfiskb\u00e5ten, Marie-Jeanne. Dette byggesettet i tre er utformet for b\u00e5de erfarne modellbyggere og de som \u00f8nsker \u00e5 ta skrittet inn i verdenen av rigging for f\u00f8rste gang.<\/p>\n<h3>Specifikationer<\/h3>\n<p>Denne skalamodellen er i 1:50 og byggesettet inkluderer presisjonskuttede trebiter, fotoinstruksjoner p\u00e5 DVD, og h\u00e5ndsydde bomullsseil. N\u00e5r modellen er ferdig satt sammen, m\u00e5ler Marie-Jeanne 565 mm i lengde, 115 mm i bredde og 495 mm i h\u00f8yde. Byggesettet kommer ogs\u00e5 med en utstillingssokkel i tre, komplett med en metallnavneplate, slik at den ferdige modellen kan vises frem p\u00e5 beste m\u00e5te.<\/p>\n<h3>Materialer<\/h3>\n<p>Byggesettet er av h\u00f8y kvalitet og inkluderer forh\u00e5ndskuttede trebiter, hardved, fotoetsede deler, messing og st\u00f8pte deler, samt h\u00e5ndsydde bomullsseil. Du kan ogs\u00e5 laste ned digitale instruksjoner gratis.<\/p>\n<h3>Historien om Marie-Jeanne<\/h3>\n<p>Marie-Jeanne, en fransk tunfiskb\u00e5t, seilte mellom 1900 og 1950. Den forlot den franske havnen i Concarneau, og seilte til kysten av Mauritania p\u00e5 turer som varte opptil to m\u00e5neder. Tunfiskfiske krever sterke og relativt raske b\u00e5ter, og Marie-Jeanne var en av dem. Denne elegante fiskeb\u00e5ten er kjent for sine fargerike seil.<\/p>\n<p>Bygg din egen treskipsmodell av Marie-Jeanne og fordyp deg i historien om denne bemerkelsesverdige b\u00e5ten. Kj\u00f8p byggesettet her og begynn din modellbyggingsreise i dag.<\/p>","protected":false},"excerpt":{"rendered":"<p>Bygg din egen Marie-Jeanne, en detaljert og h\u00f8ykvalitets treskipsmodell av den tradisjonelle franske tunfiskb\u00e5ten.<\/p>","protected":false},"featured_media":7980,"comment_status":"open","ping_status":"closed","template":"","meta":[],"product_brand":[97],"product_cat":[54],"product_tag":[],"class_list":{"0":"post-7981","1":"product","2":"type-product","3":"status-publish","4":"has-post-thumbnail","6":"product_brand-artesania","7":"product_cat-bater-artesania","9":"first","10":"outofstock","11":"taxable","12":"shipping-taxable","13":"purchasable","14":"product-type-simple"},"_links":{"self":[{"href":"https:\/\/bigfunhobby.com\/da\/wp-json\/wp\/v2\/product\/7981","targetHints":{"allow":["GET"]}}],"collection":[{"href":"https:\/\/bigfunhobby.com\/da\/wp-json\/wp\/v2\/product"}],"about":[{"href":"https:\/\/bigfunhobby.com\/da\/wp-json\/wp\/v2\/types\/product"}],"replies":[{"embeddable":true,"href":"https:\/\/bigfunhobby.com\/da\/wp-json\/wp\/v2\/comments?post=7981"}],"wp:featuredmedia":[{"embeddable":true,"href":"https:\/\/bigfunhobby.com\/da\/wp-json\/wp\/v2\/media\/7980"}],"wp:attachment":[{"href":"https:\/\/bigfunhobby.com\/da\/wp-json\/wp\/v2\/media?parent=7981"}],"wp:term":[{"taxonomy":"product_brand","embeddable":true,"href":"https:\/\/bigfunhobby.com\/da\/wp-json\/wp\/v2\/product_brand?post=7981"},{"taxonomy":"product_cat","embeddable":true,"href":"https:\/\/bigfunhobby.com\/da\/wp-json\/wp\/v2\/product_cat?post=7981"},{"taxonomy":"product_tag","embeddable":true,"href":"https:\/\/bigfunhobby.com\/da\/wp-json\/wp\/v2\/product_tag?post=7981"}],"curies":[{"name":"wp","href":"https:\/\/api.w.org\/{rel}","templated":true}]}}