{"id":7983,"date":"2025-03-08T17:14:08","date_gmt":"2025-03-08T17:14:08","guid":{"rendered":"https:\/\/bigfunhobby.com\/butikk\/1-60-red-dragon-chinese-junk\/"},"modified":"2025-12-04T10:59:21","modified_gmt":"2025-12-04T08:59:21","slug":"1-60-rod-drage-kinesisk-junk","status":"publish","type":"product","link":"https:\/\/bigfunhobby.com\/da\/butikk\/1-60-red-dragon-chinese-junk\/","title":{"rendered":"1\/60 R\u00d8D DRAGE KINESISK SKROTBUNKE"},"content":{"rendered":"<h2>Historien om den r\u00f8de drage: En eksotisk model af et tr\u00e6skib<\/h2>\n<p>Udforsk den historiske 'Red Dragon', en model med tre skibe af en autentisk kinesisk 'skrotb\u00e5d'. Disse b\u00e5de er stadig i brug i mange dele af Syd\u00f8stasien og har historisk set v\u00e6ret brugt til b\u00e5de krig og handel. De v\u00e6rdifulde junkb\u00e5de, som er typiske for Det Kinesiske Hav, blev brugt af ledere som Djengis Khan og Kublai Khan i deres fors\u00f8g p\u00e5 at erobre Japan i det 13. \u00e5rhundrede.<\/p>\n<p>Junkb\u00e5de kan spores tilbage til omkring 600 f.Kr. og er kendetegnet ved et skrog uden k\u00f8l og en kort agterstavn. Sejlene er lavet af tykt stof, der er forst\u00e6rket med siv, hvilket giver stor stabilitet og fremdrift. Skrotb\u00e5den var et af de mest anvendte skibe blandt pirater ud for Syd\u00f8stasiens kyst.<\/p>\n<h2>Red Dragon models\u00e6t af tr\u00e6skib<\/h2>\n<p>Byg din egen model i skala 1:60 af Red Dragon, en kinesisk \"skrotbunke\". Konstruktionssystemet med falsk k\u00f8l og spanter g\u00f8r, at samlingen af modellen ligner konstruktionen af det faktiske skib. N\u00e5r modellen er f\u00e6rdigbygget, m\u00e5ler den 480 mm i l\u00e6ngden, 130 mm i bredden og 440 mm i h\u00f8jden.<\/p>\n<p>Red Dragon-s\u00e6ttet indeholder lasersk\u00e5rne br\u00e6ddedele, h\u00e5rdt tr\u00e6, messing, st\u00f8bejern og stof. Til samling kan du f\u00f8lge vores komplette trin-for-trin-vejledning i farver p\u00e5 dvd. Vejledningen findes p\u00e5 fem sprog (spansk, engelsk, fransk, tysk og dansk) og indeholder detaljerede tegninger af skibet. Bem\u00e6rk, at s\u00e6ttet ikke indeholder trykte instruktioner.<\/p>\n<p>Uanset om du er nybegynder eller garvet modelbygger, er dette skibsmodels\u00e6t i tr\u00e6 perfekt til dig. Tr\u00e6d ind i den fascinerende verden af historiske s\u00f8fart\u00f8jer, og lad eventyret begynde med Red Dragon.<\/p>\n<p><strong>Bestil dit Red Dragon-s\u00e6t her, og begynd din rejse som modelbygger i dag!<\/strong><\/p>","protected":false},"excerpt":{"rendered":"<p>Byg din egen tr\u00e6skibsmodel i skala 1\/60 af den historiske Red Dragon, en kinesisk \"skrotb\u00e5d\", der er ber\u00f8mt for sin rolle i handel og krig i Syd\u00f8stasien.<\/p>","protected":false},"featured_media":7982,"comment_status":"open","ping_status":"closed","template":"","meta":[],"product_brand":[97],"product_cat":[54],"product_tag":[],"class_list":{"0":"post-7983","1":"product","2":"type-product","3":"status-publish","4":"has-post-thumbnail","6":"product_brand-artesania","7":"product_cat-bater-artesania","9":"first","10":"instock","11":"taxable","12":"shipping-taxable","13":"purchasable","14":"product-type-simple"},"_links":{"self":[{"href":"https:\/\/bigfunhobby.com\/da\/wp-json\/wp\/v2\/product\/7983","targetHints":{"allow":["GET"]}}],"collection":[{"href":"https:\/\/bigfunhobby.com\/da\/wp-json\/wp\/v2\/product"}],"about":[{"href":"https:\/\/bigfunhobby.com\/da\/wp-json\/wp\/v2\/types\/product"}],"replies":[{"embeddable":true,"href":"https:\/\/bigfunhobby.com\/da\/wp-json\/wp\/v2\/comments?post=7983"}],"wp:featuredmedia":[{"embeddable":true,"href":"https:\/\/bigfunhobby.com\/da\/wp-json\/wp\/v2\/media\/7982"}],"wp:attachment":[{"href":"https:\/\/bigfunhobby.com\/da\/wp-json\/wp\/v2\/media?parent=7983"}],"wp:term":[{"taxonomy":"product_brand","embeddable":true,"href":"https:\/\/bigfunhobby.com\/da\/wp-json\/wp\/v2\/product_brand?post=7983"},{"taxonomy":"product_cat","embeddable":true,"href":"https:\/\/bigfunhobby.com\/da\/wp-json\/wp\/v2\/product_cat?post=7983"},{"taxonomy":"product_tag","embeddable":true,"href":"https:\/\/bigfunhobby.com\/da\/wp-json\/wp\/v2\/product_tag?post=7983"}],"curies":[{"name":"wp","href":"https:\/\/api.w.org\/{rel}","templated":true}]}}