{"id":7985,"date":"2025-03-08T17:14:09","date_gmt":"2025-03-08T17:14:09","guid":{"rendered":"https:\/\/bigfunhobby.com\/butikk\/1-50-san-francisco-cross-section-model-kit\/"},"modified":"2025-12-04T10:59:23","modified_gmt":"2025-12-04T08:59:23","slug":"1-50-san-francisco-cross-section-model-kit","status":"publish","type":"product","link":"https:\/\/bigfunhobby.com\/da\/butikk\/1-50-san-francisco-cross-section-model-kit\/","title":{"rendered":"1\/50 SAN FRANCISCO TV\u00c6RSNIT MODELS\u00c6T"},"content":{"rendered":"<h2>Byggesett av Galeonen San Francisco II<\/h2>\n<p>Dette kvalitetsbyggesettet lar deg lage din egen 1:50 skalamodell av galeonen San Francisco II, et ikonisk spansk skip fra det 16. \u00e5rhundre. Galeoner var noen av de mest kraftfulle skipene i sin tid og utgjorde ryggraden i den spanske sj\u00f8makten i det sekstende og syttende \u00e5rhundre.<\/p>\n<h2>Historikk<\/h2>\n<p>Galeoner dukket opp midt p\u00e5 det 16. \u00e5rhundre og dannet hovedkjernen i den spanske armada. Disse skipene utmerket seg takket v\u00e6re deres kombinasjon av stor transportkapasitet og ildkraft, noe som gjorde dem ideelle for de lange havseilasene mellom Spania og India.<\/p>\n<h2>Specifikationer<\/h2>\n<p>N\u00e5r den er bygget, m\u00e5ler San Francisco II-modellen 120mm i lengde, 664mm i h\u00f8yde og 312mm i bredde. Dette gir deg en detaljert og autentisk modell som gjenspeiler den virkelige konstruksjonen og strukturen av et galeonskip.<\/p>\n<h2>Materialer<\/h2>\n<p>Byggesettet inneholder n\u00f8yaktig lasersk\u00e5rne trekomponenter, hardved, messing, st\u00f8pejern og en liten utstillingsbase med en metallplate. En komplett trinnvis guide p\u00e5 flere spr\u00e5k f\u00f8lger med p\u00e5 DVD, og digitale instruksjoner kan ogs\u00e5 lastes ned gratis.<\/p>\n<h2>Oppdag Modellbygging<\/h2>\n<p>Dette byggesettet gir en unik mulighet til \u00e5 dykke dypt inn i konstruksjonen og strukturen av et galeonskip, samt detaljene i dets tre dekk. Perfekt for b\u00e5de erfarne modellbyggere og de som er nye til hobbyen.<\/p>\n<p>Utforsk v\u00e5r samling av treskipsmodeller og byggesett i dag &#8211; og start din modellbyggingsreise med San Francisco II Galeon byggesettet. Kj\u00f8p her!<\/p>","protected":false},"excerpt":{"rendered":"<p>Bygg din egen treskipsmodell med dette detaljerte byggesettet av galeonen San Francisco II fra det 16. \u00e5rhundre. Du vil kunne utforske skipets struktur og design gjennom denne n\u00f8yaktige modellen.<\/p>","protected":false},"featured_media":7984,"comment_status":"open","ping_status":"closed","template":"","meta":[],"product_brand":[97],"product_cat":[54],"product_tag":[],"class_list":{"0":"post-7985","1":"product","2":"type-product","3":"status-publish","4":"has-post-thumbnail","6":"product_brand-artesania","7":"product_cat-bater-artesania","9":"first","10":"outofstock","11":"taxable","12":"shipping-taxable","13":"purchasable","14":"product-type-simple"},"_links":{"self":[{"href":"https:\/\/bigfunhobby.com\/da\/wp-json\/wp\/v2\/product\/7985","targetHints":{"allow":["GET"]}}],"collection":[{"href":"https:\/\/bigfunhobby.com\/da\/wp-json\/wp\/v2\/product"}],"about":[{"href":"https:\/\/bigfunhobby.com\/da\/wp-json\/wp\/v2\/types\/product"}],"replies":[{"embeddable":true,"href":"https:\/\/bigfunhobby.com\/da\/wp-json\/wp\/v2\/comments?post=7985"}],"wp:featuredmedia":[{"embeddable":true,"href":"https:\/\/bigfunhobby.com\/da\/wp-json\/wp\/v2\/media\/7984"}],"wp:attachment":[{"href":"https:\/\/bigfunhobby.com\/da\/wp-json\/wp\/v2\/media?parent=7985"}],"wp:term":[{"taxonomy":"product_brand","embeddable":true,"href":"https:\/\/bigfunhobby.com\/da\/wp-json\/wp\/v2\/product_brand?post=7985"},{"taxonomy":"product_cat","embeddable":true,"href":"https:\/\/bigfunhobby.com\/da\/wp-json\/wp\/v2\/product_cat?post=7985"},{"taxonomy":"product_tag","embeddable":true,"href":"https:\/\/bigfunhobby.com\/da\/wp-json\/wp\/v2\/product_tag?post=7985"}],"curies":[{"name":"wp","href":"https:\/\/api.w.org\/{rel}","templated":true}]}}