{"id":7987,"date":"2025-03-08T17:14:10","date_gmt":"2025-03-08T17:14:10","guid":{"rendered":"https:\/\/bigfunhobby.com\/butikk\/1-80-king-of-the-mississippi-2021\/"},"modified":"2025-12-04T10:59:23","modified_gmt":"2025-12-04T08:59:23","slug":"1-80-king-of-the-mississippi-2021","status":"publish","type":"product","link":"https:\/\/bigfunhobby.com\/da\/butikk\/1-80-king-of-the-mississippi-2021\/","title":{"rendered":"1\/80 KONGEN AF MISSISSIPPI 2021"},"content":{"rendered":"<p>Oppdag gleden av modellbygging med treskipsmodellen 1\/80 King of the Mississippi 2021. Byggesettet er utformet for modellbyggere p\u00e5 et mellomliggende niv\u00e5 og gir en n\u00f8yaktig replika av den ikoniske Mississippi hjuldampb\u00e5ten i 1:80 skala. Med dette settet vil du f\u00e5 gleden av \u00e5 bygge en del av amerikansk historie rett hjemme i din egen stue.<\/p>\n<h2>Historien om hjuldampb\u00e5ten King of the Mississippi<\/h2>\n<p>King of the Mississippi var en hjuldampb\u00e5t som spilte en viktig rolle i utviklingen av Mississippi-elvens basseng og dens elvegrenser. Disse b\u00e5tene, kjent som &#8216;teaterb\u00e5ter&#8217;, bidro til \u00e5 redusere Amerikas avstander ved \u00e5 tilby praktisk transport i begge retninger av elven. Opplev en bit av denne historien med v\u00e5r treskipsmodell.<\/p>\n<h2>Innholdet i King of the Mississippi byggesettet<\/h2>\n<p>Dette byggesettet inneholder alt du trenger for \u00e5 bygge din egen skalamodell av King of the Mississippi. Settet inneholder 8 ark med h\u00f8y presisjons laser-kuttede kryssfiner deler, bj\u00f8rk og basswood-striper, finer og plugs, 2 store fotoetsede ark som inkluderer flere utrolige detaljer. Settet kommer ogs\u00e5 med die-cast, messing og tre detaljer, beslag, selvklebende klut flagg og en utstillingsbase med navneplate som en bonus.<\/p>\n<p>For monteringen vil du kunne f\u00f8lge v\u00e5r komplette trinn-for-trinn guide p\u00e5 DVD for datamaskiner -PC &amp; MAC-, som er ledsaget av en hel serie med online video-tutorials. Du kan ogs\u00e5 laste ned de digitale instruksjonene gratis p\u00e5 knappen av dette produktsiden kalt &#8216;Instruksjoner og Nedlastbart Innhold&#8217;.<\/p>\n<h2>Tilleggsutstyr for King of the Mississippi<\/h2>\n<p>For \u00e5 bringe modellen til liv kan du kj\u00f8pe to forskjellige effektsett: Led Lightning Set for skalamodeller og DIY-prosjekter (27590) og Motor for Movement (27591) av skipets hjul. Du kan ogs\u00e5 bestille et sett med figurer (20515F) som selges separat.<\/p>\n<p>Vi anbefaler f\u00f8lgende sett for en vellykket fremtoning av King of the Mississippi modellskip, til salgs i tre separate sett: Finishes Set (277PACKB1), Dyes Set (277PACKB2) og Paints Set (277PACK6). Skalamodellen er ogs\u00e5 klar for \u00e5 innlemme en motor som produserer r\u00f8yk hvis du \u00f8nsker \u00e5 f\u00e5 enda mer realisme (vi selger den ikke).<\/p>\n<p>Opplev gleden av modellbygging med v\u00e5rt King of the Mississippi byggesett. <strong>Book nu!<\/strong><\/p>","protected":false},"excerpt":{"rendered":"<p>Utforsk modellbygging med denne trofaste treskipsmodellen av dampb\u00e5ten King of the Mississippi. Dette byggesettet i tre er perfekt for mellomliggende modellbyggere som \u00f8nsker \u00e5 dykke dypere inn i denne fascinerende hobbyen.<\/p>","protected":false},"featured_media":7986,"comment_status":"open","ping_status":"closed","template":"","meta":[],"product_brand":[97],"product_cat":[54],"product_tag":[],"class_list":{"0":"post-7987","1":"product","2":"type-product","3":"status-publish","4":"has-post-thumbnail","6":"product_brand-artesania","7":"product_cat-bater-artesania","9":"first","10":"outofstock","11":"taxable","12":"shipping-taxable","13":"purchasable","14":"product-type-simple"},"_links":{"self":[{"href":"https:\/\/bigfunhobby.com\/da\/wp-json\/wp\/v2\/product\/7987","targetHints":{"allow":["GET"]}}],"collection":[{"href":"https:\/\/bigfunhobby.com\/da\/wp-json\/wp\/v2\/product"}],"about":[{"href":"https:\/\/bigfunhobby.com\/da\/wp-json\/wp\/v2\/types\/product"}],"replies":[{"embeddable":true,"href":"https:\/\/bigfunhobby.com\/da\/wp-json\/wp\/v2\/comments?post=7987"}],"wp:featuredmedia":[{"embeddable":true,"href":"https:\/\/bigfunhobby.com\/da\/wp-json\/wp\/v2\/media\/7986"}],"wp:attachment":[{"href":"https:\/\/bigfunhobby.com\/da\/wp-json\/wp\/v2\/media?parent=7987"}],"wp:term":[{"taxonomy":"product_brand","embeddable":true,"href":"https:\/\/bigfunhobby.com\/da\/wp-json\/wp\/v2\/product_brand?post=7987"},{"taxonomy":"product_cat","embeddable":true,"href":"https:\/\/bigfunhobby.com\/da\/wp-json\/wp\/v2\/product_cat?post=7987"},{"taxonomy":"product_tag","embeddable":true,"href":"https:\/\/bigfunhobby.com\/da\/wp-json\/wp\/v2\/product_tag?post=7987"}],"curies":[{"name":"wp","href":"https:\/\/api.w.org\/{rel}","templated":true}]}}