{"id":7989,"date":"2025-03-08T17:14:10","date_gmt":"2025-03-08T17:14:10","guid":{"rendered":"https:\/\/bigfunhobby.com\/butikk\/set-of-18-metal-figurines-and-animals-for-mississippi\/"},"modified":"2025-12-04T10:59:23","modified_gmt":"2025-12-04T08:59:23","slug":"set-of-18-metal-figurines-and-animals-for-mississippi","status":"publish","type":"product","link":"https:\/\/bigfunhobby.com\/da\/butikk\/set-of-18-metal-figurines-and-animals-for-mississippi\/","title":{"rendered":"SET OF 18 METAL FIGURINES AND ANIMALS FOR MISSISSIPPI"},"content":{"rendered":"<p>Gi treskipsmodellen din et autentisk utseende med dette settet med 18 metallfigurer og dyr til modellb\u00e5ten King of the Mississippi. Settet passer perfekt til byggesett i tre og gir en ekstra dimensjon av realisme til modellbyggingsprosjektet ditt.<\/p>\n<p>Settet inkluderer:<\/p>\n<ul>\n<li>14 figurer: mannskap og passasjerer.<\/li>\n<li>4 dyr: 2 hester og 2 kyr.<\/li>\n<\/ul>\n<p>Figurene varierer i st\u00f8rrelse fra 25 mm til 30 mm og er klare til \u00e5 bli montert og malt. Vi anbefaler \u00e5 male figurene med Basic Paints Set for Figurines eller Advanced Paints Set for Figurines, og bruke Specific Set of 4 Synthetic Brushes for Figurines for best resultat. Alle er tilgjengelig for kj\u00f8p separat.<\/p>\n<p>Disse miniatyrfigurene representerer historien til de ber\u00f8mte hjuldampskipene som seilte p\u00e5 Mississippi og Missouri-elvene p\u00e5 1800-tallet. P\u00e5 begynnelsen av 1900-tallet ble hjuldampskipene erstattet av skip med propell, men noen overlevde som historiske symboler i Nord-Amerika. N\u00e5 kan du gjenskape denne perioden med dette byggesettet for voksne.<\/p>\n<p>Ikke g\u00e5 glipp av muligheten til \u00e5 berike treskipsmodellen din med dette unike settet av metallfigurer. Perfekt for b\u00e5de nybegynnere og erfarne entusiaster innen modellbygging. Bestill n\u00e5 for \u00e5 bringe modellen din til liv!<\/p>","protected":false},"excerpt":{"rendered":"<p>Dette er et sett med 18 metallfigurer og dyr til modellbat King of the Mississippi. Perfekt for \u00e5 gi treskipsmodellen din et realistisk preg.<\/p>","protected":false},"featured_media":7988,"comment_status":"open","ping_status":"closed","template":"","meta":[],"product_brand":[97],"product_cat":[54],"product_tag":[],"class_list":{"0":"post-7989","1":"product","2":"type-product","3":"status-publish","4":"has-post-thumbnail","6":"product_brand-artesania","7":"product_cat-bater-artesania","9":"first","10":"instock","11":"taxable","12":"shipping-taxable","13":"purchasable","14":"product-type-simple"},"_links":{"self":[{"href":"https:\/\/bigfunhobby.com\/da\/wp-json\/wp\/v2\/product\/7989","targetHints":{"allow":["GET"]}}],"collection":[{"href":"https:\/\/bigfunhobby.com\/da\/wp-json\/wp\/v2\/product"}],"about":[{"href":"https:\/\/bigfunhobby.com\/da\/wp-json\/wp\/v2\/types\/product"}],"replies":[{"embeddable":true,"href":"https:\/\/bigfunhobby.com\/da\/wp-json\/wp\/v2\/comments?post=7989"}],"wp:featuredmedia":[{"embeddable":true,"href":"https:\/\/bigfunhobby.com\/da\/wp-json\/wp\/v2\/media\/7988"}],"wp:attachment":[{"href":"https:\/\/bigfunhobby.com\/da\/wp-json\/wp\/v2\/media?parent=7989"}],"wp:term":[{"taxonomy":"product_brand","embeddable":true,"href":"https:\/\/bigfunhobby.com\/da\/wp-json\/wp\/v2\/product_brand?post=7989"},{"taxonomy":"product_cat","embeddable":true,"href":"https:\/\/bigfunhobby.com\/da\/wp-json\/wp\/v2\/product_cat?post=7989"},{"taxonomy":"product_tag","embeddable":true,"href":"https:\/\/bigfunhobby.com\/da\/wp-json\/wp\/v2\/product_tag?post=7989"}],"curies":[{"name":"wp","href":"https:\/\/api.w.org\/{rel}","templated":true}]}}