{"id":7991,"date":"2025-03-08T17:14:11","date_gmt":"2025-03-08T17:14:11","guid":{"rendered":"https:\/\/bigfunhobby.com\/butikk\/1-50-marina-ii-diesel-boat\/"},"modified":"2025-12-04T10:59:23","modified_gmt":"2025-12-04T08:59:23","slug":"1-50-marina-ii-dieselbad","status":"publish","type":"product","link":"https:\/\/bigfunhobby.com\/da\/butikk\/1-50-marina-ii-diesel-boat\/","title":{"rendered":"1\/50 MARINA II DIESELB\u00c5D"},"content":{"rendered":"<p>Dette skibsmodels\u00e6t i tr\u00e6 genopliver den traditionelle spanske fiskerb\u00e5d Marina II i skala 1:50. Dette s\u00e6t er perfekt til avancerede modelbyggere og er en trofast miniaturekopi fuld af detaljer, der vil imponere og udfordre selv den mest erfarne entusiast.<\/p>\n<h2>Historien om fiskerb\u00e5den Marina II<\/h2>\n<p>Marina II er en typisk tunb\u00e5d fra Cantabria-s\u00f8en. Om sommeren er den dedikeret til tunfiskeri, mens den resten af \u00e5ret jager andre arter eller fisker i andre omr\u00e5der for at f\u00f8lge de forskellige tunarters s\u00e6sonbestemte vandringer. B\u00e5den er kendt for sine traditionelle fisketeknikker, som omfatter trolling og levende agn.<\/p>\n<h2>Indhold i Marina II tunb\u00e5d-models\u00e6ttet<\/h2>\n<p>Dette modelbygges\u00e6t til tr\u00e6skibe indeholder alt, hvad du skal bruge til at bygge din egen Marina II-b\u00e5d. S\u00e6ttet indeholder lasersk\u00e5rne br\u00e6ddedele med h\u00f8j pr\u00e6cision, h\u00e5rdt tr\u00e6, messing, st\u00f8bejern og stof. N\u00e5r den er bygget, m\u00e5ler denne trofaste miniaturekopi 610 mm i l\u00e6ngden, 157 mm i bredden og 450 mm i h\u00f8jden.<\/p>\n<p>N\u00e5r du skal samle b\u00e5den, kan du f\u00f8lge vores komplette trin-for-trin-vejledning i farver, ledsaget af tegninger af b\u00e5den, begge i dvd-format. Du kan ogs\u00e5 downloade de digitale instruktioner gratis ved at klikke p\u00e5 knappen \"Instruktioner og indhold, der kan downloades\" p\u00e5 denne produktside.<\/p>\n<p>Vi anbefaler vores <a href=\"https:\/\/artesanialatina.net\/en\/paints-and-finishing-sets\/62315-paints-set-ship-models-fishing-boats.html\" target=\"_blank\" rel=\"noopener\">Malingss\u00e6t til fiskerb\u00e5dsmodeller<\/a> (s\u00e6lges separat) for at give din model den perfekte finish.<\/p>\n<p>Byg dit eget stykke s\u00f8fartshistorie med dette detaljerede bygges\u00e6t i tr\u00e6. Perfekt til dedikerede modelbyggere og entusiaster. Tag et dybt dyk ned i modelverdenen med Marina II Diesel Boat-s\u00e6ttet. Bestil dit s\u00e6t nu.<\/p>","protected":false},"excerpt":{"rendered":"<p>Marina II Diesel Boat i skala 1\/50 er et detaljeret tr\u00e6s\u00e6t til erfarne modelbyggere, som genskaber en traditionel spansk fiskerb\u00e5d.<\/p>","protected":false},"featured_media":7990,"comment_status":"open","ping_status":"closed","template":"","meta":[],"product_brand":[97],"product_cat":[54],"product_tag":[],"class_list":{"0":"post-7991","1":"product","2":"type-product","3":"status-publish","4":"has-post-thumbnail","6":"product_brand-artesania","7":"product_cat-bater-artesania","9":"first","10":"instock","11":"taxable","12":"shipping-taxable","13":"purchasable","14":"product-type-simple"},"_links":{"self":[{"href":"https:\/\/bigfunhobby.com\/da\/wp-json\/wp\/v2\/product\/7991","targetHints":{"allow":["GET"]}}],"collection":[{"href":"https:\/\/bigfunhobby.com\/da\/wp-json\/wp\/v2\/product"}],"about":[{"href":"https:\/\/bigfunhobby.com\/da\/wp-json\/wp\/v2\/types\/product"}],"replies":[{"embeddable":true,"href":"https:\/\/bigfunhobby.com\/da\/wp-json\/wp\/v2\/comments?post=7991"}],"wp:featuredmedia":[{"embeddable":true,"href":"https:\/\/bigfunhobby.com\/da\/wp-json\/wp\/v2\/media\/7990"}],"wp:attachment":[{"href":"https:\/\/bigfunhobby.com\/da\/wp-json\/wp\/v2\/media?parent=7991"}],"wp:term":[{"taxonomy":"product_brand","embeddable":true,"href":"https:\/\/bigfunhobby.com\/da\/wp-json\/wp\/v2\/product_brand?post=7991"},{"taxonomy":"product_cat","embeddable":true,"href":"https:\/\/bigfunhobby.com\/da\/wp-json\/wp\/v2\/product_cat?post=7991"},{"taxonomy":"product_tag","embeddable":true,"href":"https:\/\/bigfunhobby.com\/da\/wp-json\/wp\/v2\/product_tag?post=7991"}],"curies":[{"name":"wp","href":"https:\/\/api.w.org\/{rel}","templated":true}]}}