{"id":7993,"date":"2025-03-08T17:14:12","date_gmt":"2025-03-08T17:14:12","guid":{"rendered":"https:\/\/bigfunhobby.com\/butikk\/1-65-la-nina\/"},"modified":"2025-12-04T10:59:23","modified_gmt":"2025-12-04T08:59:23","slug":"1-65-la-nina","status":"publish","type":"product","link":"https:\/\/bigfunhobby.com\/da\/butikk\/1-65-la-nina\/","title":{"rendered":"1\/65 LA NI\u00d1A"},"content":{"rendered":"<h2>Byg din egen tr\u00e6skibsmodel af La Ni\u00f1a<\/h2>\n<p>La Ni\u00f1a er en ber\u00f8mt karavelle, som opdagede Amerika, og nu kan du bygge din egen skalamodel i tr\u00e6 af dette historiske fart\u00f8j. Med en skala p\u00e5 1:65 giver dette s\u00e6t en autentisk og detaljeret gengivelse af det originale skib. Med en l\u00e6ngde p\u00e5 415 mm, en bredde p\u00e5 111 mm og en h\u00f8jde p\u00e5 495 mm vil denne model v\u00e6re en imponerende tilf\u00f8jelse til enhver modelsamling.<\/p>\n<h2>Specifikationer og materialer<\/h2>\n<ul>\n<li>Lasersk\u00e5rne borddele med h\u00f8j pr\u00e6cision<\/li>\n<li>Tr\u00e6 og birkefin\u00e9r<\/li>\n<li>Forskellige messing-, st\u00f8be- og stofdele som tilbeh\u00f8r<\/li>\n<li>Foto\u00e6tsede messingdele af h\u00f8j kvalitet<\/li>\n<li>F\u00e6rdiglavede h\u00e5ndsyede sejl<\/li>\n<li>Der medf\u00f8lger en tr\u00e6fod til udstilling som gave<\/li>\n<\/ul>\n<h2>Historisk betydning<\/h2>\n<p>La Ni\u00f1a er en af de tre spanske karaveller, som Christoffer Columbus brugte p\u00e5 sin f\u00f8rste rejse til den nye verden i 1492. Den blev bygget p\u00e5 skibsv\u00e6rftet i Moguer havn (Huelva, Andalusien) et par \u00e5r f\u00f8r ekspeditionen og blev flagskib, da Santa Maria gik p\u00e5 grund. Efter at have opdaget den nye verden vendte La Ni\u00f1a tilbage med Christoffer Columbus om bord og n\u00e5ede Lissabon den 4. marts og til sidst havnen i Palos (Spanien) den 15. marts 1493.<\/p>\n<h2>Byg din egen historie<\/h2>\n<p>Tr\u00e6skibsmodellen La Ni\u00f1a er det perfekte projekt for alle, der elsker at modellere. Uanset om du er en erfaren modelbygger eller en nybegynder, vil du s\u00e6tte pris p\u00e5 detaljerne og kvaliteten i dette s\u00e6t. S\u00e6t sejl p\u00e5 din egen modelbyggerrejse, og opdag gl\u00e6den ved at skabe dit eget stykke historie. <a href='#'>Book nu<\/a> og start dit nye modelleringsprojekt.<\/p>","protected":false},"excerpt":{"rendered":"<p>Byg din egen tr\u00e6skibsmodel af den ber\u00f8mte karavelle La Ni\u00f1a, et detaljeret tr\u00e6s\u00e6t i skala 1:65, perfekt til modelbygningsentusiaster.<\/p>","protected":false},"featured_media":7992,"comment_status":"open","ping_status":"closed","template":"","meta":[],"product_brand":[97],"product_cat":[54],"product_tag":[],"class_list":{"0":"post-7993","1":"product","2":"type-product","3":"status-publish","4":"has-post-thumbnail","6":"product_brand-artesania","7":"product_cat-bater-artesania","9":"first","10":"outofstock","11":"taxable","12":"shipping-taxable","13":"purchasable","14":"product-type-simple"},"_links":{"self":[{"href":"https:\/\/bigfunhobby.com\/da\/wp-json\/wp\/v2\/product\/7993","targetHints":{"allow":["GET"]}}],"collection":[{"href":"https:\/\/bigfunhobby.com\/da\/wp-json\/wp\/v2\/product"}],"about":[{"href":"https:\/\/bigfunhobby.com\/da\/wp-json\/wp\/v2\/types\/product"}],"replies":[{"embeddable":true,"href":"https:\/\/bigfunhobby.com\/da\/wp-json\/wp\/v2\/comments?post=7993"}],"wp:featuredmedia":[{"embeddable":true,"href":"https:\/\/bigfunhobby.com\/da\/wp-json\/wp\/v2\/media\/7992"}],"wp:attachment":[{"href":"https:\/\/bigfunhobby.com\/da\/wp-json\/wp\/v2\/media?parent=7993"}],"wp:term":[{"taxonomy":"product_brand","embeddable":true,"href":"https:\/\/bigfunhobby.com\/da\/wp-json\/wp\/v2\/product_brand?post=7993"},{"taxonomy":"product_cat","embeddable":true,"href":"https:\/\/bigfunhobby.com\/da\/wp-json\/wp\/v2\/product_cat?post=7993"},{"taxonomy":"product_tag","embeddable":true,"href":"https:\/\/bigfunhobby.com\/da\/wp-json\/wp\/v2\/product_tag?post=7993"}],"curies":[{"name":"wp","href":"https:\/\/api.w.org\/{rel}","templated":true}]}}