{"id":7995,"date":"2025-03-08T17:14:14","date_gmt":"2025-03-08T17:14:14","guid":{"rendered":"https:\/\/bigfunhobby.com\/butikk\/1-65-santa-maria-2020\/"},"modified":"2025-12-04T10:59:23","modified_gmt":"2025-12-04T08:59:23","slug":"1-65-santa-maria-2020","status":"publish","type":"product","link":"https:\/\/bigfunhobby.com\/da\/butikk\/1-65-santa-maria-2020\/","title":{"rendered":"1\/65 SANTA MARIA 2020"},"content":{"rendered":"<p>Dykk ned i historien med v\u00e5rt treskipsmodell byggesett, 1\/65 Santa Maria 2020. Dette byggesettet er en uunnv\u00e6rlig del av enhver modellbygger-samling. Med sin detaljerte konstruksjon, er dette byggesettet en perfekt utfordring for hobbyentusiaster med avansert ferdighetsniv\u00e5.<\/p>\n<p>Byggesettet inneholder deler av h\u00f8ykvalitets bj\u00f8rketre, kuttet med presisjon takket v\u00e6re laserteknologi. Detaljene i metall og foto-etsede deler, sammen med forsterkede bomullsseil &#8211; klare til \u00e5 bli plassert &#8211; gir en realistisk finish. Dette byggesettet inkluderer ogs\u00e5 en utstillingsbase i tre med en metallplate for navn, slik at du kan vise frem ditt mesterverk med stolthet.<\/p>\n<p>For \u00e5 lette monteringen inkluderer settet en DVD med instruksjoner i ni forskjellige spr\u00e5k og flere videooppl\u00e6ringer. N\u00e5r Santa Maria treskipsmodellen er ferdig bygget, m\u00e5ler den 503mm i lengden, 264mm i bredden og 498mm i h\u00f8yden.<\/p>\n<p>Santa Maria er mest kjent for \u00e5 v\u00e6re skipet hvor Christofer Columbus oppdaget Amerika i 1492. Selv om det i utgangspunktet ble kalt en karavell, var Santa Maria faktisk en nao. Skipets opprinnelige navn var La Gallega, eiet av Juan de la Cosa. Eventyret begynte med et m\u00e5l om \u00e5 finne en ny sikker rute til Stillehavet, men endte opp med \u00e5 oppdage et helt nytt kontinent.<\/p>\n<p>Gj\u00f8r din modell enda mer realistisk med et sett av 10 Metal Figurines of the Crew Members, solgt separat. Du kan ogs\u00e5 male modellen med v\u00e5rt Paints Set for Caravels and Galleons, ogs\u00e5 til salgs separat.<\/p>\n<p>Utforsk verden av modellbygging med v\u00e5rt utvalg av byggesett. Fra treskipsmodeller til plastmodeller, har vi noe for enhver entusiast. Bestill ditt 1\/65 Santa Maria 2020 byggesett i dag og gjenopplev et stykke historie.<\/p>","protected":false},"excerpt":{"rendered":"<p>Gjenopplev historien med v\u00e5rt 1\/65 Santa Maria 2020 byggesett i tre. Perfekt for erfarne modellbyggere som \u00f8nsker en detaljert og trofast replika av dette ikoniske skipet.<\/p>","protected":false},"featured_media":7994,"comment_status":"open","ping_status":"closed","template":"","meta":[],"product_brand":[97],"product_cat":[54],"product_tag":[],"class_list":{"0":"post-7995","1":"product","2":"type-product","3":"status-publish","4":"has-post-thumbnail","6":"product_brand-artesania","7":"product_cat-bater-artesania","9":"first","10":"instock","11":"taxable","12":"shipping-taxable","13":"purchasable","14":"product-type-simple"},"_links":{"self":[{"href":"https:\/\/bigfunhobby.com\/da\/wp-json\/wp\/v2\/product\/7995","targetHints":{"allow":["GET"]}}],"collection":[{"href":"https:\/\/bigfunhobby.com\/da\/wp-json\/wp\/v2\/product"}],"about":[{"href":"https:\/\/bigfunhobby.com\/da\/wp-json\/wp\/v2\/types\/product"}],"replies":[{"embeddable":true,"href":"https:\/\/bigfunhobby.com\/da\/wp-json\/wp\/v2\/comments?post=7995"}],"wp:featuredmedia":[{"embeddable":true,"href":"https:\/\/bigfunhobby.com\/da\/wp-json\/wp\/v2\/media\/7994"}],"wp:attachment":[{"href":"https:\/\/bigfunhobby.com\/da\/wp-json\/wp\/v2\/media?parent=7995"}],"wp:term":[{"taxonomy":"product_brand","embeddable":true,"href":"https:\/\/bigfunhobby.com\/da\/wp-json\/wp\/v2\/product_brand?post=7995"},{"taxonomy":"product_cat","embeddable":true,"href":"https:\/\/bigfunhobby.com\/da\/wp-json\/wp\/v2\/product_cat?post=7995"},{"taxonomy":"product_tag","embeddable":true,"href":"https:\/\/bigfunhobby.com\/da\/wp-json\/wp\/v2\/product_tag?post=7995"}],"curies":[{"name":"wp","href":"https:\/\/api.w.org\/{rel}","templated":true}]}}