{"id":7997,"date":"2025-03-08T17:14:15","date_gmt":"2025-03-08T17:14:15","guid":{"rendered":"https:\/\/bigfunhobby.com\/butikk\/set-of-10-metal-figurines-for-caravels-and-gallions\/"},"modified":"2025-12-04T10:59:23","modified_gmt":"2025-12-04T08:59:23","slug":"set-of-10-metal-figurines-for-caravels-and-gallions","status":"publish","type":"product","link":"https:\/\/bigfunhobby.com\/da\/butikk\/set-of-10-metal-figurines-for-caravels-and-gallions\/","title":{"rendered":"SET OF 10 METAL FIGURINES FOR CARAVELS AND GALLIONS"},"content":{"rendered":"<p> Legg til liv i dine treskipsmodeller med dette detaljerte settet av 10 metallfigurer til karaveller og galleoner. Settet gir en realistisk touch til ditt byggesett, og er spesielt tilpasset entusiaster innen modellbygging. Figurene er i skala 1\/65 og klare til \u00e5 monteres og males. <\/p>\n<p> Hver figur i settet m\u00e5ler mellom 25 mm og 30 mm, og inkluderer f\u00f8lgende karakterer: <\/p>\n<ul>\n<li> Christopher Columbus, Juan de la Cosa og Mart\u00edn Alonso Pinz\u00f3n.<\/li>\n<li> Vicente Y\u00e1\u00f1ez Pinz\u00f3n og Rodrigo de Triana.<\/li>\n<li> Sj\u00f8menn 1, 2, 3, 4 &#038; 5.<\/li>\n<\/ul>\n<p> For \u00e5 gi figurene et profesjonelt utseende, anbefaler vi \u00e5 male dem med ett av to sett med akryl- og vannbaserte maling laget av Artesania Latina. Disse er allerede til salgs separat: Basic Paints Set for Figurines eller Advanced Paints Set for Figurines. For \u00e5 sikre presisjon i malingen anbefaler vi \u00e5 bruke et sett med 4 syntetiske pensler for figurer og sm\u00e5 deler, ogs\u00e5 tilgjengelig separat. <\/p>\n<p> Dette settet er en unik mulighet til \u00e5 tilf\u00f8ye historisk autentisitet til dine modellskip, enten du er en erfaren modellbygger eller en nybegynner. La kreativiteten flyte og gi dine byggesett en ekstra dimensjon med dette settet av metallfigurer. <\/p>\n<p> Oppdag gleden ved modellbygging og bestill ditt sett i dag! <\/p>","protected":false},"excerpt":{"rendered":"<p>Gi modellskipene dine en realistisk touch med dette settet av 10 metallfigurer. Skala 1\/65, klare til \u00e5 monteres og males.<\/p>","protected":false},"featured_media":7996,"comment_status":"open","ping_status":"closed","template":"","meta":[],"product_brand":[97],"product_cat":[54],"product_tag":[],"class_list":{"0":"post-7997","1":"product","2":"type-product","3":"status-publish","4":"has-post-thumbnail","6":"product_brand-artesania","7":"product_cat-bater-artesania","9":"first","10":"outofstock","11":"taxable","12":"shipping-taxable","13":"purchasable","14":"product-type-simple"},"_links":{"self":[{"href":"https:\/\/bigfunhobby.com\/da\/wp-json\/wp\/v2\/product\/7997","targetHints":{"allow":["GET"]}}],"collection":[{"href":"https:\/\/bigfunhobby.com\/da\/wp-json\/wp\/v2\/product"}],"about":[{"href":"https:\/\/bigfunhobby.com\/da\/wp-json\/wp\/v2\/types\/product"}],"replies":[{"embeddable":true,"href":"https:\/\/bigfunhobby.com\/da\/wp-json\/wp\/v2\/comments?post=7997"}],"wp:featuredmedia":[{"embeddable":true,"href":"https:\/\/bigfunhobby.com\/da\/wp-json\/wp\/v2\/media\/7996"}],"wp:attachment":[{"href":"https:\/\/bigfunhobby.com\/da\/wp-json\/wp\/v2\/media?parent=7997"}],"wp:term":[{"taxonomy":"product_brand","embeddable":true,"href":"https:\/\/bigfunhobby.com\/da\/wp-json\/wp\/v2\/product_brand?post=7997"},{"taxonomy":"product_cat","embeddable":true,"href":"https:\/\/bigfunhobby.com\/da\/wp-json\/wp\/v2\/product_cat?post=7997"},{"taxonomy":"product_tag","embeddable":true,"href":"https:\/\/bigfunhobby.com\/da\/wp-json\/wp\/v2\/product_tag?post=7997"}],"curies":[{"name":"wp","href":"https:\/\/api.w.org\/{rel}","templated":true}]}}