{"id":7999,"date":"2025-03-08T17:14:16","date_gmt":"2025-03-08T17:14:16","guid":{"rendered":"https:\/\/bigfunhobby.com\/butikk\/1-65-la-pinta\/"},"modified":"2025-12-04T10:59:23","modified_gmt":"2025-12-04T08:59:23","slug":"1-65-la-pinta","status":"publish","type":"product","link":"https:\/\/bigfunhobby.com\/da\/butikk\/1-65-la-pinta\/","title":{"rendered":"1\/65 LA PINTA"},"content":{"rendered":"<p>Bli kjent med v\u00e5r fascinerende 1\/65 skala treskipsmodell av La Pinta-karavelen fra det 15. \u00e5rhundre. Et fantastisk byggesett i tre som b\u00f8r v\u00e6re en del av samlingen din, sammen med de andre karavelene fra oppdagelsen av Amerika.<\/p>\n<p>La Pinta-modellen er bygget med en falsk kj\u00f8l og rammer for \u00e5 etterligne designet til det virkelige skipet s\u00e5 tett som mulig. N\u00e5r det er ferdig bygget, m\u00e5ler denne trofaste miniatyrreplikaen 510mm i lengden, 230mm i bredden og 400mm i h\u00f8yden.<\/p>\n<h2>Spesifikasjoner og Materialer<\/h2>\n<p>Byggesettet inneholder h\u00f8ytpresisjons laser-kuttede brettdeler; tre og bj\u00f8rkefin\u00e9r; mange deler i tre, metall og messing; h\u00f8ykvalitets fotoutskj\u00e6rte messingdeler; h\u00e5ndsydde seil klare til \u00e5 bli plassert; bomullstr\u00e5der; og en virkelighetstro utstillingsbase for \u00e5 vise frem modellen n\u00e5r den er ferdig.<\/p>\n<p>For \u00e5 hjelpe deg gjennom byggeprosessen, har vi inkludert en superdetaljert trinnvis veiledning p\u00e5 DVD-format for datamaskin (Windows og Mac). Dette byggesettet i tre er rettet mot modellbyggere med mellomliggende ferdighetsniv\u00e5.<\/p>\n<h2>Historien om La Pinta<\/h2>\n<p>Oppdag La Pinta, det raskeste av de tre karavelene brukt av Christopher Columbus p\u00e5 hans f\u00f8rste reise til den nye verden i 1492. La Pinta ble bygget i skipsverftene i Palos de la Frontera noen \u00e5r f\u00f8r reisen. Den var kjent for sin hastighet og m\u00e5tte ofte vente p\u00e5 de to andre skipene.<\/p>\n<p>La Pinta var det f\u00f8rste skipet til \u00e5 n\u00e5 en europeisk havn etter oppdagelsen av Amerika, og ankom Bayona 1. mars 1493.<\/p>\n<p>Opplev en del av denne historien ved \u00e5 bygge din egen modell av La Pinta. Perfekt for fans av modellbygging og historieentusiaster.<\/p>\n<p><strong>Ikke vent lenger, dykk inn i verdenen av modellbygging med v\u00e5rt La Pinta treskipsmodell. Bestill n\u00e5!<\/strong><\/p>","protected":false},"excerpt":{"rendered":"<p>Bygg ditt eget 1\/65 skala treskipsmodell av La Pinta-karavelen fra det 15. \u00e5rhundre. Perfekt for modellbyggere p\u00e5 mellomniv\u00e5 som s\u00f8ker etter h\u00f8ykvalitets komponenter og detaljert design.<\/p>","protected":false},"featured_media":7998,"comment_status":"open","ping_status":"closed","template":"","meta":[],"product_brand":[97],"product_cat":[54],"product_tag":[],"class_list":{"0":"post-7999","1":"product","2":"type-product","3":"status-publish","4":"has-post-thumbnail","6":"product_brand-artesania","7":"product_cat-bater-artesania","9":"first","10":"outofstock","11":"taxable","12":"shipping-taxable","13":"purchasable","14":"product-type-simple"},"_links":{"self":[{"href":"https:\/\/bigfunhobby.com\/da\/wp-json\/wp\/v2\/product\/7999","targetHints":{"allow":["GET"]}}],"collection":[{"href":"https:\/\/bigfunhobby.com\/da\/wp-json\/wp\/v2\/product"}],"about":[{"href":"https:\/\/bigfunhobby.com\/da\/wp-json\/wp\/v2\/types\/product"}],"replies":[{"embeddable":true,"href":"https:\/\/bigfunhobby.com\/da\/wp-json\/wp\/v2\/comments?post=7999"}],"wp:featuredmedia":[{"embeddable":true,"href":"https:\/\/bigfunhobby.com\/da\/wp-json\/wp\/v2\/media\/7998"}],"wp:attachment":[{"href":"https:\/\/bigfunhobby.com\/da\/wp-json\/wp\/v2\/media?parent=7999"}],"wp:term":[{"taxonomy":"product_brand","embeddable":true,"href":"https:\/\/bigfunhobby.com\/da\/wp-json\/wp\/v2\/product_brand?post=7999"},{"taxonomy":"product_cat","embeddable":true,"href":"https:\/\/bigfunhobby.com\/da\/wp-json\/wp\/v2\/product_cat?post=7999"},{"taxonomy":"product_tag","embeddable":true,"href":"https:\/\/bigfunhobby.com\/da\/wp-json\/wp\/v2\/product_tag?post=7999"}],"curies":[{"name":"wp","href":"https:\/\/api.w.org\/{rel}","templated":true}]}}