{"id":8003,"date":"2025-03-08T17:14:18","date_gmt":"2025-03-08T17:14:18","guid":{"rendered":"https:\/\/bigfunhobby.com\/butikk\/1-90-san-francisco-ii-with-metal-figures\/"},"modified":"2025-12-04T10:59:23","modified_gmt":"2025-12-04T08:59:23","slug":"1-90-san-francisco-ii-with-metal-figures","status":"publish","type":"product","link":"https:\/\/bigfunhobby.com\/da\/butikk\/1-90-san-francisco-ii-with-metal-figures\/","title":{"rendered":"1\/90 SAN FRANCISCO II  WITH  METAL FIGURES"},"content":{"rendered":"<h2>San Francisco II treskipsmodell i skala 1:90 med metallfigurer<\/h2>\n<p>Bygg din egen treskipsmodell av det legendariske spanske galleonskipet, San Francisco II, fra det 16. \u00e5rhundre. Dette byggesettet i tre er designet for \u00e5 gi deg en autentisk modellbygging-opplevelse, med en konstruksjonssystem som bruker falsk kj\u00f8l og rammer, likt byggingen av det faktiske skipet.<\/p>\n<h3>Specifikationer<\/h3>\n<p>Modellen m\u00e5ler 680 x 240 x 520 mm og er i skala 1:90. Med over 1,400 h\u00f8ykvalitetsdeler, inkludert laserkuttet trestruktur, bj\u00f8rk- og sapellyfyrfiner, bomullstr\u00e5der, bomullsseil og bannere klare til \u00e5 plasseres, f\u00e5r du en detaljert og realistisk modell.<\/p>\n<h3>Materialer og Tilbeh\u00f8r<\/h3>\n<p>For \u00e5 \u00f8ke realismen inneholder settet ogs\u00e5 foto-etsede dekorasjoner og fem fantastiske metallfigurer som kan males. I tillegg f\u00e5r du en utstillingsbase med en metallplate for galleonen.<\/p>\n<h3>Historikk<\/h3>\n<p>Galleonene var de mest kraftfulle skipene i sin tid og ryggraden i spansk sj\u00f8makt i det 16. og 17. \u00e5rhundre. Ved \u00e5 bygge San Francisco II-modellen, gjenopplever du en viktig del av sj\u00f8fartshistorien.<\/p>\n<p>Byggesettet inkluderer et DVD for datamaskiner eller b\u00e6rbare datamaskiner (Windows og Mac) med multimedia instruksjoner, videoveiledninger og over 1,000 bilder som veileder deg trinnvis gjennom prosessen for \u00e5 fullf\u00f8re din modell av dette legendariske skipet. Merk at settet ikke inkluderer trykte instruksjoner.<\/p>\n<p>Uansett om du er en erfaren modellbygger eller en nybegynner, vil dette treskipsmodellsettet gi deg timer med kreativ moro og en fantastisk modell \u00e5 vise frem n\u00e5r du er ferdig.<\/p>\n<p>Ikke vent, begynn din modellbyggingsreise med San Francisco II treskipsmodell. Kj\u00f8p her!<\/p>","protected":false},"excerpt":{"rendered":"<p>Bygg din egen skalamodell av det spanske galleonskipet San Francisco II fra det 16. \u00e5rhundre. Dette byggesettet kommer med en mengde h\u00f8ykvalitetsdeler og metallfigurer for \u00e5 gi en realistisk modellbygging-opplevelse.<\/p>","protected":false},"featured_media":8002,"comment_status":"open","ping_status":"closed","template":"","meta":[],"product_brand":[97],"product_cat":[54],"product_tag":[],"class_list":{"0":"post-8003","1":"product","2":"type-product","3":"status-publish","4":"has-post-thumbnail","6":"product_brand-artesania","7":"product_cat-bater-artesania","9":"first","10":"instock","11":"taxable","12":"shipping-taxable","13":"purchasable","14":"product-type-simple"},"_links":{"self":[{"href":"https:\/\/bigfunhobby.com\/da\/wp-json\/wp\/v2\/product\/8003","targetHints":{"allow":["GET"]}}],"collection":[{"href":"https:\/\/bigfunhobby.com\/da\/wp-json\/wp\/v2\/product"}],"about":[{"href":"https:\/\/bigfunhobby.com\/da\/wp-json\/wp\/v2\/types\/product"}],"replies":[{"embeddable":true,"href":"https:\/\/bigfunhobby.com\/da\/wp-json\/wp\/v2\/comments?post=8003"}],"wp:featuredmedia":[{"embeddable":true,"href":"https:\/\/bigfunhobby.com\/da\/wp-json\/wp\/v2\/media\/8002"}],"wp:attachment":[{"href":"https:\/\/bigfunhobby.com\/da\/wp-json\/wp\/v2\/media?parent=8003"}],"wp:term":[{"taxonomy":"product_brand","embeddable":true,"href":"https:\/\/bigfunhobby.com\/da\/wp-json\/wp\/v2\/product_brand?post=8003"},{"taxonomy":"product_cat","embeddable":true,"href":"https:\/\/bigfunhobby.com\/da\/wp-json\/wp\/v2\/product_cat?post=8003"},{"taxonomy":"product_tag","embeddable":true,"href":"https:\/\/bigfunhobby.com\/da\/wp-json\/wp\/v2\/product_tag?post=8003"}],"curies":[{"name":"wp","href":"https:\/\/api.w.org\/{rel}","templated":true}]}}