{"id":8007,"date":"2025-03-08T17:14:19","date_gmt":"2025-03-08T17:14:19","guid":{"rendered":"https:\/\/bigfunhobby.com\/butikk\/1-89-hermione-lafayette\/"},"modified":"2025-12-04T10:59:23","modified_gmt":"2025-12-04T08:59:23","slug":"1-89-hermione-lafayette","status":"publish","type":"product","link":"https:\/\/bigfunhobby.com\/da\/butikk\/1-89-hermione-lafayette\/","title":{"rendered":"1\/89 HERMIONE LAFAYETTE"},"content":{"rendered":"<h2>Oppdag stoltheten av en eksepsjonell modell: 1\/89 Hermione La Fayette<\/h2>\n<p>Den fantastiske treskipsmodellen av det s\u00e5kalte &#8216;Frigate of Freedom&#8217;, Hermione La Fayette, er n\u00e5 tilgjengelig. Vi er stolte over \u00e5 presentere v\u00e5r nye modell av det franske skipet, som begynner p\u00e5 en ny reise. Ikke bare har vi skapt en helt ny modell med utrolige detaljer og museumskvalitet for modellbyggere, vi har ogs\u00e5 utviklet en komplett og detaljert multimedia monteringsguide p\u00e5 DVD-format som gj\u00f8r monteringen av din skala av L&#8217;Hermione til en ren forn\u00f8yelse.<\/p>\n<h2>Innholdet i Hermione La Fayette treskipsmodellsett<\/h2>\n<p>1:89 skalamodellen er laget med h\u00f8y presisjon av lasersk\u00e5ret kryssfiner; tre og bj\u00f8rkfin\u00e9r; tre og messing; h\u00f8ykvalitets foto-etsede messingdeler; og alt n\u00f8dvendig for \u00e5 gj\u00f8re sj\u00f8en til en glede \u00e5 seile med denne klassiske gala-b\u00e5ten. Bomullsseilene er h\u00e5ndsydd og klare til \u00e5 bli plassert p\u00e5 modellen. Settet inkluderer ogs\u00e5 en st\u00f8tte for \u00e5 vise frem modellen n\u00e5r den er ferdig.<\/p>\n<p>I tillegg har den en DVD for datamaskiner (Windows og Mac) som inneholder en trinnvis guide med mer enn 2000 bilder totalt, men den viser ogs\u00e5 p\u00e5 video teknikkene og triksene innen modellbygging brukt av profesjonelle.<\/p>\n<p>Som ekstra sett for \u00e5 fullf\u00f8re modellen, som ikke er inkludert i Hermione La Fayette-modellsettet, kan modellbyggeren kj\u00f8pe et sett med 14 metallfigurer (22517-F) som skal monteres og males. Du kan ogs\u00e5 legge til et sett med vannbaserte akrylmaling for Hermione La Fayette-modellskipet (277PACK4). Vi minner om at disse selges separat fra skipsmodellsettet. Klart nok, realismen gir sjelen til replikaen i seg selv.<\/p>\n<h2>Historien om et legendarisk skip: Hermione La Fayette fregatten<\/h2>\n<p>Den 21. mars 1780 gikk den unge LaFayette Marki ombord p\u00e5 Hermione. Den forlot kursen til Amerika for \u00e5 kjempe p\u00e5 siden av de amerikanske oppr\u00f8rerne som kjempet for sin uavhengighet. To \u00e5r tidligere ble Hermione bygget i arsenalen til Rochefort, p\u00e5 et trinn n\u00e6r Corderie Royale.<\/p>\n<p>To \u00e5rhundrer senere, i 1997, ble byggingen av en trofast replika av Hermione p\u00e5begynt, som i 2015 fullf\u00f8rte den samme reisen som det opprinnelige skipet. Vi har den offisielle lisensen for Hermione La Fayette-foreningen. Bli med oss p\u00e5 denne nye L&#8217;Hermione-reisen!<\/p>\n<p>Er du klar til \u00e5 ta utfordringen? Utforsk v\u00e5rt utvalg og start din modellbyggingsreise med v\u00e5rt byggesett i tre, Hermione La Fayette. <a href='#'>Book nu!<\/a><\/p>","protected":false},"excerpt":{"rendered":"<p>Utforsk den detaljerte treskipsmodellen 1\/89 Hermione La Fayette, et h\u00f8ykvalitets byggesett i tre for b\u00e5de begynnere og erfarne entusiaster innen modellbygging.<\/p>","protected":false},"featured_media":8006,"comment_status":"open","ping_status":"closed","template":"","meta":[],"product_brand":[97],"product_cat":[54],"product_tag":[],"class_list":{"0":"post-8007","1":"product","2":"type-product","3":"status-publish","4":"has-post-thumbnail","6":"product_brand-artesania","7":"product_cat-bater-artesania","9":"first","10":"outofstock","11":"taxable","12":"shipping-taxable","13":"purchasable","14":"product-type-simple"},"_links":{"self":[{"href":"https:\/\/bigfunhobby.com\/da\/wp-json\/wp\/v2\/product\/8007","targetHints":{"allow":["GET"]}}],"collection":[{"href":"https:\/\/bigfunhobby.com\/da\/wp-json\/wp\/v2\/product"}],"about":[{"href":"https:\/\/bigfunhobby.com\/da\/wp-json\/wp\/v2\/types\/product"}],"replies":[{"embeddable":true,"href":"https:\/\/bigfunhobby.com\/da\/wp-json\/wp\/v2\/comments?post=8007"}],"wp:featuredmedia":[{"embeddable":true,"href":"https:\/\/bigfunhobby.com\/da\/wp-json\/wp\/v2\/media\/8006"}],"wp:attachment":[{"href":"https:\/\/bigfunhobby.com\/da\/wp-json\/wp\/v2\/media?parent=8007"}],"wp:term":[{"taxonomy":"product_brand","embeddable":true,"href":"https:\/\/bigfunhobby.com\/da\/wp-json\/wp\/v2\/product_brand?post=8007"},{"taxonomy":"product_cat","embeddable":true,"href":"https:\/\/bigfunhobby.com\/da\/wp-json\/wp\/v2\/product_cat?post=8007"},{"taxonomy":"product_tag","embeddable":true,"href":"https:\/\/bigfunhobby.com\/da\/wp-json\/wp\/v2\/product_tag?post=8007"}],"curies":[{"name":"wp","href":"https:\/\/api.w.org\/{rel}","templated":true}]}}