{"id":8011,"date":"2025-03-08T17:14:21","date_gmt":"2025-03-08T17:14:21","guid":{"rendered":"https:\/\/bigfunhobby.com\/butikk\/1-75-belem-french-training-ship\/"},"modified":"2026-02-23T16:44:08","modified_gmt":"2026-02-23T14:44:08","slug":"1-75-belem-french-training-ship","status":"publish","type":"product","link":"https:\/\/bigfunhobby.com\/da\/butikk\/1-75-belem-french-training-ship\/","title":{"rendered":"1\/75 BELEM FRANSK SKOLESKIB"},"content":{"rendered":"<p>Utforsk historien og teknikken bak det franske oppl\u00e6ringsskipet Belem med dette detaljerte byggesettet. Modellen er i skala 1:75 og er en trofast gjenskapelse av det originale skipet som ble lansert i 1896. Med over 1300 deler, er dette treskipsmodellen en fantastisk utfordring for erfarne modellbyggere.<\/p>\n<h2>Historien om det franske oppl\u00e6ringsskipet Belem<\/h2>\n<p>Belem er det siste franske tremastede skipet, og det eldste tremastede seilskipet i Europa. Skipet ble bygget i Nantes og ble mest brukt i Karibia. Det har v\u00e6rt i engelske, italienske og franske hender, og har fungert som lasteskip, luksuscruise og oppl\u00e6ringsskip. I dag tilbyr Belem kurs for entusiaster og fungerer som et oppl\u00e6ringsskip for den franske marinen.<\/p>\n<h2>Om byggesettet<\/h2>\n<p>Byggesettet for treskipsmodellen av Belem er laget av h\u00f8ykvalitets tre og inneholder ogs\u00e5 mange deler i metall. Det f\u00f8lger med en DVD med trinnvise instruksjoner, takket v\u00e6re 1500 fargebilder og videoguider. M\u00e5lene p\u00e5 den ferdige modellen er 806mm i lengde, 256mm i bredde og 540mm i h\u00f8yde.<\/p>\n<h2>Materialer og spesifikasjoner<\/h2>\n<p>Belem byggesettet inneholder laserkuttet tre i forskjellige tykkelser, bj\u00f8rketrestenger og staver, lindfiner, kjemisk kuttede deler i st\u00e5l og messing, st\u00f8pte deler og bomullstr\u00e5der for rigging. Det f\u00f8lger ogs\u00e5 med bomullsseil som er klare til \u00e5 monteres, og en flott treutstillingsbase.<\/p>\n<p>Bygg din egen treskipsmodell og nyt den historiske og tekniske utfordringen denne modellen gir. Dette er perfekt for modellbyggere p\u00e5 et avansert niv\u00e5 som er interessert i historiske skip. Kj\u00f8p ditt Belem byggesett her og begynn p\u00e5 ditt neste modellbyggingsprosjekt n\u00e5.<\/p>","protected":false},"excerpt":{"rendered":"<p>Bygg en detaljert treskipsmodell av det franske oppl\u00e6ringsskipet Belem fra 1896. Dette byggesettet er for modellbyggere med et avansert niv\u00e5 og inneholder over 1300 deler.<\/p>","protected":false},"featured_media":8010,"comment_status":"open","ping_status":"closed","template":"","meta":[],"product_brand":[97],"product_cat":[54],"product_tag":[],"class_list":{"0":"post-8011","1":"product","2":"type-product","3":"status-publish","4":"has-post-thumbnail","6":"product_brand-artesania","7":"product_cat-bater-artesania","9":"first","10":"outofstock","11":"taxable","12":"shipping-taxable","13":"purchasable","14":"product-type-simple"},"_links":{"self":[{"href":"https:\/\/bigfunhobby.com\/da\/wp-json\/wp\/v2\/product\/8011","targetHints":{"allow":["GET"]}}],"collection":[{"href":"https:\/\/bigfunhobby.com\/da\/wp-json\/wp\/v2\/product"}],"about":[{"href":"https:\/\/bigfunhobby.com\/da\/wp-json\/wp\/v2\/types\/product"}],"replies":[{"embeddable":true,"href":"https:\/\/bigfunhobby.com\/da\/wp-json\/wp\/v2\/comments?post=8011"}],"wp:featuredmedia":[{"embeddable":true,"href":"https:\/\/bigfunhobby.com\/da\/wp-json\/wp\/v2\/media\/8010"}],"wp:attachment":[{"href":"https:\/\/bigfunhobby.com\/da\/wp-json\/wp\/v2\/media?parent=8011"}],"wp:term":[{"taxonomy":"product_brand","embeddable":true,"href":"https:\/\/bigfunhobby.com\/da\/wp-json\/wp\/v2\/product_brand?post=8011"},{"taxonomy":"product_cat","embeddable":true,"href":"https:\/\/bigfunhobby.com\/da\/wp-json\/wp\/v2\/product_cat?post=8011"},{"taxonomy":"product_tag","embeddable":true,"href":"https:\/\/bigfunhobby.com\/da\/wp-json\/wp\/v2\/product_tag?post=8011"}],"curies":[{"name":"wp","href":"https:\/\/api.w.org\/{rel}","templated":true}]}}