{"id":8015,"date":"2025-03-08T17:14:23","date_gmt":"2025-03-08T17:14:23","guid":{"rendered":"https:\/\/bigfunhobby.com\/butikk\/hms-endeavours-figurines-and-accesories-set\/"},"modified":"2025-12-04T10:59:23","modified_gmt":"2025-12-04T08:59:23","slug":"hms-endeavours-figurines-and-accesories-set","status":"publish","type":"product","link":"https:\/\/bigfunhobby.com\/da\/butikk\/hms-endeavours-figurines-and-accesories-set\/","title":{"rendered":"HMS ENDEAVOUR\u00b4S FIGURER OG TILBEH\u00d8RSS\u00c6T"},"content":{"rendered":"<p>Gj\u00f8r din treskipsmodell av det britiske skipet HMS Endeavour enda mer realistisk med HMS Endeavour&#8217;s figursett og tilbeh\u00f8r. Dette settet inneholder 14 metallfigurer og tilbeh\u00f8r i 1\/65 skala, klare til \u00e5 bli montert og malt. Figurene m\u00e5ler fra 25 mm til 30 mm, og inkluderer:<\/p>\n<ul>\n<li>14 figurer: Kaptein James Cook, 3 offiserer, 2 gev\u00e6rsoldater, 7 sj\u00f8menn og 1 kabin-gutt.<\/li>\n<li>6 tilbeh\u00f8r: 1 sekstant, 2 kikkerter (en med tripod), 1 flagg og 2 gev\u00e6rer for soldatene.<\/li>\n<\/ul>\n<p>Du kan male figurene med ett av de to settene med akryl- og vannbaserte maling laget av Artesania Latina, som selges separat: Basic Paints Set for Figurines eller Advanced Paints Set for Figurines. Bruk det spesifikke settet med 4 syntetiske b\u00f8rster for figurer og sm\u00e5 deler (17120), ogs\u00e5 solgt separat.<\/p>\n<h2>Historien til skipet HMS Endeavour<\/h2>\n<p>Monter settet med 14 figurer med metalltilbeh\u00f8r for den trebygde modellen av det britiske skipet HMS Endeavour, opprinnelig et kullskip som senere ble omgjort til \u00e5 gjennomf\u00f8re lange ekspedisjoner av kaptein James Cook i det store S\u00f8rhavet.<\/p>\n<p>HMS Endeavour ble sj\u00f8satt i 1764 og valgt av den nevnte sj\u00f8mannen fire \u00e5r senere for \u00e5 forberede sin historiske reise. HMS Endeavour var en del av viktige oppdagelser. Den oppdaget Australia og bidro til \u00e5 finne Tahiti, New Zealand og mange \u00f8yer i Stillehavet, samt dyre- og plantearter tidligere ukjente i Europa.<\/p>\n<p>N\u00e5 har modellbyggeren dette fabelaktige settet av 14 metallfigurer med tilbeh\u00f8r for den fornyede byggbare modellen av HMS Endeavour i tre. Et must i enhver samling av modellsj\u00f8fart!<\/p>\n<p>Gi modellen din av HMS Endeavour et realistisk preg med denne figuren og tilbeh\u00f8rssettet. Kj\u00f8p her og begynn \u00e5 levendegj\u00f8re din modellbygging i dag!<\/p>","protected":false},"excerpt":{"rendered":"<p>HMS Endeavour&#8217;s figursett og tilbeh\u00f8r er et detaljert sett med 14 metallfigurer og tilbeh\u00f8r i 1\/65 skala, perfekt for \u00e5 legge til ekstra realisme til din treskipsmodell av HMS Endeavour.<\/p>","protected":false},"featured_media":8014,"comment_status":"open","ping_status":"closed","template":"","meta":[],"product_brand":[97],"product_cat":[54],"product_tag":[],"class_list":{"0":"post-8015","1":"product","2":"type-product","3":"status-publish","4":"has-post-thumbnail","6":"product_brand-artesania","7":"product_cat-bater-artesania","9":"first","10":"instock","11":"taxable","12":"shipping-taxable","13":"purchasable","14":"product-type-simple"},"_links":{"self":[{"href":"https:\/\/bigfunhobby.com\/da\/wp-json\/wp\/v2\/product\/8015","targetHints":{"allow":["GET"]}}],"collection":[{"href":"https:\/\/bigfunhobby.com\/da\/wp-json\/wp\/v2\/product"}],"about":[{"href":"https:\/\/bigfunhobby.com\/da\/wp-json\/wp\/v2\/types\/product"}],"replies":[{"embeddable":true,"href":"https:\/\/bigfunhobby.com\/da\/wp-json\/wp\/v2\/comments?post=8015"}],"wp:featuredmedia":[{"embeddable":true,"href":"https:\/\/bigfunhobby.com\/da\/wp-json\/wp\/v2\/media\/8014"}],"wp:attachment":[{"href":"https:\/\/bigfunhobby.com\/da\/wp-json\/wp\/v2\/media?parent=8015"}],"wp:term":[{"taxonomy":"product_brand","embeddable":true,"href":"https:\/\/bigfunhobby.com\/da\/wp-json\/wp\/v2\/product_brand?post=8015"},{"taxonomy":"product_cat","embeddable":true,"href":"https:\/\/bigfunhobby.com\/da\/wp-json\/wp\/v2\/product_cat?post=8015"},{"taxonomy":"product_tag","embeddable":true,"href":"https:\/\/bigfunhobby.com\/da\/wp-json\/wp\/v2\/product_tag?post=8015"}],"curies":[{"name":"wp","href":"https:\/\/api.w.org\/{rel}","templated":true}]}}