{"id":8017,"date":"2025-03-08T17:14:24","date_gmt":"2025-03-08T17:14:24","guid":{"rendered":"https:\/\/bigfunhobby.com\/butikk\/paints-set-for-ship-models-caravels-and-galleons\/"},"modified":"2025-12-04T10:59:23","modified_gmt":"2025-12-04T08:59:23","slug":"paints-set-for-ship-models-caravels-and-galleons","status":"publish","type":"product","link":"https:\/\/bigfunhobby.com\/da\/butikk\/paints-set-for-ship-models-caravels-and-galleons\/","title":{"rendered":"Farves\u00e6t til skibsmodeller: Karaveller og galeoner"},"content":{"rendered":"<p>Forbered deg p\u00e5 \u00e5 bringe dine treskipsmodeller til liv med v\u00e5rt malingsett spesielt designet for modeller av karaveller og galeier. Dette er det ideelle produktet for \u00e5 sikre at de miniatyrreplikaene dine f\u00e5r perfekte og autentiske overflater. Ved hjelp av dette settet kan du f\u00e5 dine 1\/65 skalamodeller av karaveller og 1\/90 skalamodeller av galeiene til \u00e5 skinne etter at de er bygget.<\/p>\n<p><strong>Specifikationer:<\/strong><\/p>\n<ul>\n<li>Vannbaserte og akrylmaling<\/li>\n<li>Spesielt utformet for treskipsmodeller av karaveller og galeier<\/li>\n<li>Kan brukes p\u00e5 b\u00e5de 1\/65 skalamodeller og 1\/90 skalamodeller<\/li>\n<\/ul>\n<p>Dette malingsettet er en kostnadseffektiv l\u00f8sning sammenlignet med \u00e5 kj\u00f8pe malingene individuelt. Med dette settet tilgjengelig i ditt modellbyggingsverksted, kan du gi dine treskipsmodeller et profesjonelt og autentisk utseende.<\/p>\n<p><strong>Historie:<\/strong><\/p>\n<p>Karaveller og galeier er historiske skipstyper som har spilt en viktig rolle i sj\u00f8fartshistorien. Ved \u00e5 bruke dette malingsettet kan du legge til et ekstra niv\u00e5 av realisme til dine modellbyggesett, og skape en troverdig miniatyrreplika av disse ber\u00f8mte skipene.<\/p>\n<p>Enten du er en erfaren modellbygger eller en nybegynner, vil dette malingsettet gi deg de verkt\u00f8yene du trenger for \u00e5 oppn\u00e5 imponerende resultater. Benytt sjansen til \u00e5 fordype deg i modellbyggingshobbyen og oppdag gleden ved \u00e5 skape dine egne, h\u00e5ndmalte treskipsmodeller.<\/p>\n<p>Ikke vent, ta det neste steget i din modellbyggingsreise ved \u00e5 bestille dette malingsettet n\u00e5.<\/p>","protected":false},"excerpt":{"rendered":"<p>Malingsett spesialdesignet for modeller av karaveller og galeier. Perfekt for \u00e5 gi modellene troverdige og livlige ferdigstilte overflater.<\/p>","protected":false},"featured_media":8016,"comment_status":"open","ping_status":"closed","template":"","meta":[],"product_brand":[97],"product_cat":[70],"product_tag":[],"class_list":{"0":"post-8017","1":"product","2":"type-product","3":"status-publish","4":"has-post-thumbnail","6":"product_brand-artesania","7":"product_cat-artesania-maling","9":"first","10":"instock","11":"taxable","12":"shipping-taxable","13":"purchasable","14":"product-type-simple"},"_links":{"self":[{"href":"https:\/\/bigfunhobby.com\/da\/wp-json\/wp\/v2\/product\/8017","targetHints":{"allow":["GET"]}}],"collection":[{"href":"https:\/\/bigfunhobby.com\/da\/wp-json\/wp\/v2\/product"}],"about":[{"href":"https:\/\/bigfunhobby.com\/da\/wp-json\/wp\/v2\/types\/product"}],"replies":[{"embeddable":true,"href":"https:\/\/bigfunhobby.com\/da\/wp-json\/wp\/v2\/comments?post=8017"}],"wp:featuredmedia":[{"embeddable":true,"href":"https:\/\/bigfunhobby.com\/da\/wp-json\/wp\/v2\/media\/8016"}],"wp:attachment":[{"href":"https:\/\/bigfunhobby.com\/da\/wp-json\/wp\/v2\/media?parent=8017"}],"wp:term":[{"taxonomy":"product_brand","embeddable":true,"href":"https:\/\/bigfunhobby.com\/da\/wp-json\/wp\/v2\/product_brand?post=8017"},{"taxonomy":"product_cat","embeddable":true,"href":"https:\/\/bigfunhobby.com\/da\/wp-json\/wp\/v2\/product_cat?post=8017"},{"taxonomy":"product_tag","embeddable":true,"href":"https:\/\/bigfunhobby.com\/da\/wp-json\/wp\/v2\/product_tag?post=8017"}],"curies":[{"name":"wp","href":"https:\/\/api.w.org\/{rel}","templated":true}]}}