{"id":8019,"date":"2025-03-08T17:14:25","date_gmt":"2025-03-08T17:14:25","guid":{"rendered":"https:\/\/bigfunhobby.com\/butikk\/paints-set-for-ship-model-british-boat-hms-endeavour\/"},"modified":"2025-12-04T10:59:23","modified_gmt":"2025-12-04T08:59:23","slug":"farvesaet-til-skibsmodel-af-britisk-bad-hms-endeavour","status":"publish","type":"product","link":"https:\/\/bigfunhobby.com\/da\/butikk\/paints-set-for-ship-model-british-boat-hms-endeavour\/","title":{"rendered":"Farves\u00e6t til skibsmodel: Britisk b\u00e5d HMS Endeavour"},"content":{"rendered":"<p>G\u00e5 p\u00e5 opdagelse i modelbygningens detaljerede verden med dette malers\u00e6t til tr\u00e6skibsmodellen HMS Endeavour. S\u00e6ttet indeholder ni forskellige farver: Off-White, Off-Black, Bright Red, Royal Blue, Deep Yellow, Buff, Cocoa Brown, Gold og Burnt Umber. Hver farve kommer i en 20 ml krukke med vandbaseret akrylmaling.<\/p>\n<p>Denne maling er specielt designet til at kunne anvendes med airbrush, en teknik, der er meget udbredt blandt erfarne modelbyggere. Vandbaseret akrylmaling er mindre \u00e6tsende, mindre giftig og kr\u00e6ver mindre omr\u00f8ring for at opn\u00e5 en ensartet tekstur end andre typer maling. Denne maling er derfor et fremragende valg for b\u00e5de begyndere og erfarne modelbyggere.<\/p>\n<p>Malingen t\u00f8rrer hurtigt, typisk inden for 20 minutter ved ber\u00f8ring og helt p\u00e5 en time. Hvis du har brug for et ekstra lag, skal du kun vente ca. 6 timer. Det anbefales at p\u00e5f\u00f8re et lag primer, f\u00f8r du bruger malingen, for at sikre det bedste resultat.<\/p>\n<p>HMS Endeavour er et historisk skib, som man ved blev brugt af James Cook p\u00e5 hans f\u00f8rste rejse til Stillehavet. Med dette malingss\u00e6t kan du v\u00e6kke din skalamodel af dette ber\u00f8mte skib til live med autentiske og levende farver.<\/p>\n<p>Udforsk det store udvalg af bygges\u00e6t og hobbyprodukter til modellering i vores onlinebutik, og start dit n\u00e6ste projekt i dag. Uanset om du er nybegynder eller erfaren modelbygger, har vi alt, hvad du skal bruge for at skabe fantastiske modeller. K\u00f8b malingss\u00e6ttet til HMS Endeavour tr\u00e6skibsmodel her!<\/p>","protected":false},"excerpt":{"rendered":"<p>Dette malingss\u00e6t til en skalamodel af det britiske skib HMS Endeavour indeholder ni forskellige vandbaserede akrylfarver p\u00e5 20 ml hver. Farverne er ideelle til airbrush-maling og giver et professionelt resultat.<\/p>","protected":false},"featured_media":8018,"comment_status":"open","ping_status":"closed","template":"","meta":[],"product_brand":[97],"product_cat":[70],"product_tag":[],"class_list":{"0":"post-8019","1":"product","2":"type-product","3":"status-publish","4":"has-post-thumbnail","6":"product_brand-artesania","7":"product_cat-artesania-maling","9":"first","10":"instock","11":"taxable","12":"shipping-taxable","13":"purchasable","14":"product-type-simple"},"_links":{"self":[{"href":"https:\/\/bigfunhobby.com\/da\/wp-json\/wp\/v2\/product\/8019","targetHints":{"allow":["GET"]}}],"collection":[{"href":"https:\/\/bigfunhobby.com\/da\/wp-json\/wp\/v2\/product"}],"about":[{"href":"https:\/\/bigfunhobby.com\/da\/wp-json\/wp\/v2\/types\/product"}],"replies":[{"embeddable":true,"href":"https:\/\/bigfunhobby.com\/da\/wp-json\/wp\/v2\/comments?post=8019"}],"wp:featuredmedia":[{"embeddable":true,"href":"https:\/\/bigfunhobby.com\/da\/wp-json\/wp\/v2\/media\/8018"}],"wp:attachment":[{"href":"https:\/\/bigfunhobby.com\/da\/wp-json\/wp\/v2\/media?parent=8019"}],"wp:term":[{"taxonomy":"product_brand","embeddable":true,"href":"https:\/\/bigfunhobby.com\/da\/wp-json\/wp\/v2\/product_brand?post=8019"},{"taxonomy":"product_cat","embeddable":true,"href":"https:\/\/bigfunhobby.com\/da\/wp-json\/wp\/v2\/product_cat?post=8019"},{"taxonomy":"product_tag","embeddable":true,"href":"https:\/\/bigfunhobby.com\/da\/wp-json\/wp\/v2\/product_tag?post=8019"}],"curies":[{"name":"wp","href":"https:\/\/api.w.org\/{rel}","templated":true}]}}