{"id":8027,"date":"2025-03-08T17:14:27","date_gmt":"2025-03-08T17:14:27","guid":{"rendered":"https:\/\/bigfunhobby.com\/butikk\/gauge-h0-article-no-20330-curved-c-track-r3\/"},"modified":"2025-12-04T10:59:23","modified_gmt":"2025-12-04T08:59:23","slug":"sporvidde-h0-varenr-20330-buet-c-skinne-r3","status":"publish","type":"product","link":"https:\/\/bigfunhobby.com\/da\/butikk\/gauge-h0-article-no-20330-curved-c-track-r3\/","title":{"rendered":"Sporvidde H0 - artikel nr. 20330 Buet C-spor (R3)"},"content":{"rendered":"<p>G\u00e5 p\u00e5 opdagelse i modeljernbanens fascinerende univers med sporvidde H0 - varenr. 20330 R3 buet C-skinne. Denne del er afg\u00f8rende for at skabe en unik og realistisk modeljernbane og er perfekt til b\u00e5de begyndere og erfarne modelbyggere.<\/p>\n<p>Sporet er designet til at passe perfekt sammen med andre dele i H0-skalaen og giver dig mulighed for at bygge en komplet modeljernbane med indviklede detaljer og et realistisk udseende. Uanset om du bygger en lille landsbyjernbane eller en stor byjernbane, giver dette spor dig mulighed for at skabe pr\u00e6cis den jernbane, du har forestillet dig.<\/p>\n<ul>\n<li>Skala: H0<\/li>\n<li>Artikel nummer: 20330<\/li>\n<li>Type: R3 buet C-spor<\/li>\n<\/ul>\n<p>Modeljernbaner har en lang historie og er en hobby, der har fascineret entusiaster i mange \u00e5r. P\u00e5 trods af den digitale tidsalder, vi lever i, holder denne hobby stadig stand og forts\u00e6tter med at engagere b\u00e5de unge og gamle. Der er noget s\u00e6rligt ved at skabe sin egen lille verden, og med dette buede C-spor kan du tage din hobby til det n\u00e6ste niveau.<\/p>\n<p>Uanset om du er en erfaren modelbygger eller lige er begyndt p\u00e5 denne fascinerende hobby, vil sporvidde H0 - varenr. 20330 R3 buet C-skinne give dig timevis af kreativ underholdning. Vent ikke, tag springet og begynd at bygge din dr\u00f8mmejernbane i dag. Afgiv din bestilling nu!<\/p>","protected":false},"excerpt":{"rendered":"<p>Udforsk din hobby med sporvidde H0 - artikel nr. 20330 R3 buet C-skinne til modeljernbane. Perfekt til b\u00e5de begyndere og erfarne modelbyggere.<\/p>","protected":false},"featured_media":8026,"comment_status":"open","ping_status":"closed","template":"","meta":[],"product_brand":[107],"product_cat":[72],"product_tag":[],"class_list":{"0":"post-8027","1":"product","2":"type-product","3":"status-publish","4":"has-post-thumbnail","6":"product_brand-marklin","7":"product_cat-marklin-h0-originalen","9":"first","10":"instock","11":"taxable","12":"shipping-taxable","13":"purchasable","14":"product-type-simple"},"_links":{"self":[{"href":"https:\/\/bigfunhobby.com\/da\/wp-json\/wp\/v2\/product\/8027","targetHints":{"allow":["GET"]}}],"collection":[{"href":"https:\/\/bigfunhobby.com\/da\/wp-json\/wp\/v2\/product"}],"about":[{"href":"https:\/\/bigfunhobby.com\/da\/wp-json\/wp\/v2\/types\/product"}],"replies":[{"embeddable":true,"href":"https:\/\/bigfunhobby.com\/da\/wp-json\/wp\/v2\/comments?post=8027"}],"wp:featuredmedia":[{"embeddable":true,"href":"https:\/\/bigfunhobby.com\/da\/wp-json\/wp\/v2\/media\/8026"}],"wp:attachment":[{"href":"https:\/\/bigfunhobby.com\/da\/wp-json\/wp\/v2\/media?parent=8027"}],"wp:term":[{"taxonomy":"product_brand","embeddable":true,"href":"https:\/\/bigfunhobby.com\/da\/wp-json\/wp\/v2\/product_brand?post=8027"},{"taxonomy":"product_cat","embeddable":true,"href":"https:\/\/bigfunhobby.com\/da\/wp-json\/wp\/v2\/product_cat?post=8027"},{"taxonomy":"product_tag","embeddable":true,"href":"https:\/\/bigfunhobby.com\/da\/wp-json\/wp\/v2\/product_tag?post=8027"}],"curies":[{"name":"wp","href":"https:\/\/api.w.org\/{rel}","templated":true}]}}