{"id":8035,"date":"2025-03-08T17:14:29","date_gmt":"2025-03-08T17:14:29","guid":{"rendered":"https:\/\/bigfunhobby.com\/butikk\/gauge-h0-article-no-20099-marklin-start-up-straight-track-set-contents-6-pieces\/"},"modified":"2025-12-04T10:59:23","modified_gmt":"2025-12-04T08:59:23","slug":"gauge-h0-article-no-20099-marklin-start-up-straight-track-set-contents-6-pieces","status":"publish","type":"product","link":"https:\/\/bigfunhobby.com\/da\/butikk\/gauge-h0-article-no-20099-marklin-start-up-straight-track-set-contents-6-pieces\/","title":{"rendered":"Sporvidde H0 - Artikel nr. 20099 M\u00e4rklin Start up - Straight Track Set (Indhold 6 dele)"},"content":{"rendered":"<p>Dette er Gauge H0 &#8211; Artikel nr. 20099 M\u00e4rklin Start opp &#8211; et rett sporsett som gir deg muligheten til \u00e5 utvide din modelljernbane med h\u00f8y kvalitet og presisjon. Settet inneholder seks deler, og er et ideelt tillegg til din samling, uansett om du er en erfaren entusiast eller en nybegynner i modellbygging.<\/p>\n<ul>\n<li>Sporsettet best\u00e5r av fire nr. 24094 rette spor (hver 94.2 mm \/ 3-11\/16&#8242; lang) og to nr. 24077 rette spor (hver 77.5 mm \/ 3-1\/16&#8242; lang).<\/li>\n<li>Det er produsert med presisjon og omsorg, noe som sikrer enkel montering og langvarig bruk.<\/li>\n<li>Perfekt for \u00e5 utvide eksisterende modelljernbanesystemer eller som en start p\u00e5 et nytt prosjekt.<\/li>\n<\/ul>\n<p>Modelljernbane har en lang og fascinerende historie, og har v\u00e6rt en popul\u00e6r hobby for b\u00e5de barn og voksne i mange ti\u00e5r. Med dette sporsettet kan du bli en del av denne tradisjonen, og skape din egen miniatyrverden med tog, stasjoner og landskap.<\/p>\n<p>Enten du ser etter nye deler til din eksisterende modelljernbane, eller vil starte et nytt prosjekt, er dette sporsettet et utmerket valg. Ikke n\u00f8l med \u00e5 utvide din modelljernbane &#8211; bestill Gauge H0 &#8211; Artikel nr. 20099 M\u00e4rklin Start opp &#8211; Rett sporsett i dag!<\/p>","protected":false},"excerpt":{"rendered":"<p>Gauge H0 &#8211; Artikel nr. 20099 M\u00e4rklin Start opp &#8211; Rett sporsett med seks deler, perfekt for utvidelse av din modelljernbane.<\/p>","protected":false},"featured_media":8034,"comment_status":"open","ping_status":"closed","template":"","meta":[],"product_brand":[107],"product_cat":[72],"product_tag":[],"class_list":{"0":"post-8035","1":"product","2":"type-product","3":"status-publish","4":"has-post-thumbnail","6":"product_brand-marklin","7":"product_cat-marklin-h0-originalen","9":"first","10":"instock","11":"taxable","12":"shipping-taxable","13":"purchasable","14":"product-type-simple"},"_links":{"self":[{"href":"https:\/\/bigfunhobby.com\/da\/wp-json\/wp\/v2\/product\/8035","targetHints":{"allow":["GET"]}}],"collection":[{"href":"https:\/\/bigfunhobby.com\/da\/wp-json\/wp\/v2\/product"}],"about":[{"href":"https:\/\/bigfunhobby.com\/da\/wp-json\/wp\/v2\/types\/product"}],"replies":[{"embeddable":true,"href":"https:\/\/bigfunhobby.com\/da\/wp-json\/wp\/v2\/comments?post=8035"}],"wp:featuredmedia":[{"embeddable":true,"href":"https:\/\/bigfunhobby.com\/da\/wp-json\/wp\/v2\/media\/8034"}],"wp:attachment":[{"href":"https:\/\/bigfunhobby.com\/da\/wp-json\/wp\/v2\/media?parent=8035"}],"wp:term":[{"taxonomy":"product_brand","embeddable":true,"href":"https:\/\/bigfunhobby.com\/da\/wp-json\/wp\/v2\/product_brand?post=8035"},{"taxonomy":"product_cat","embeddable":true,"href":"https:\/\/bigfunhobby.com\/da\/wp-json\/wp\/v2\/product_cat?post=8035"},{"taxonomy":"product_tag","embeddable":true,"href":"https:\/\/bigfunhobby.com\/da\/wp-json\/wp\/v2\/product_tag?post=8035"}],"curies":[{"name":"wp","href":"https:\/\/api.w.org\/{rel}","templated":true}]}}