{"id":8045,"date":"2025-03-08T17:14:32","date_gmt":"2025-03-08T17:14:32","guid":{"rendered":"https:\/\/bigfunhobby.com\/butikk\/gauge-h0-article-no-20672-right-curved-turnout\/"},"modified":"2025-12-04T10:59:25","modified_gmt":"2025-12-04T08:59:25","slug":"sporvidde-h0-varenr-20672-hojre-buet-sporskifte","status":"publish","type":"product","link":"https:\/\/bigfunhobby.com\/da\/butikk\/gauge-h0-article-no-20672-right-curved-turnout\/","title":{"rendered":"Sporvidde H0 - Artikel nr. 20672 H\u00f8jrebuet sporskifte"},"content":{"rendered":"<p>Sporvidde H0 - artikel nr. 20672 H\u00f8jrebuet sporskifte er et fremragende valg for alle, der bygger modeljernbaner, uanset om du er nybegynder eller har mere erfaring. Dette h\u00f8jresnoede sporskifte vil tage din modeljernbane til det n\u00e6ste niveau og give dig mulighed for at skabe mere komplekse og interessante banelayouts.<\/p>\n<p><strong>Specifikationer:<\/strong><\/p>\n<ul>\n<li>Indre kurve: R1 = 360 mm \/ 14-3\/16\u2032 \/ 30\u00b0.<\/li>\n<li>Yderste kurve: 30\u00b0 med parallel kurveafstand p\u00e5 77,5 mm \/ 3-1\/16\u2032.<\/li>\n<li>Kan eftermonteres med 74492 elektrisk sporskiftemekanisme<\/li>\n<\/ul>\n<p>Produktet leveres med et manuelt h\u00e5ndgreb, der giver dig fuld kontrol over dine togbev\u00e6gelser. Hvis du vil have endnu mere bekvemmelighed, har du ogs\u00e5 mulighed for at eftermontere en elektrisk sporskiftemekanisme 74492.<\/p>\n<p>Modeljernbaner er en vidunderlig hobby, der kombinerer kreativitet, tekniske f\u00e6rdigheder og k\u00e6rlighed til tog. Uanset om du bygger en skalamodel af et eksisterende toglandskab eller skaber din egen verden, vil dette h\u00f8jrebuede sporskifte give dig flere muligheder for layout og design.<\/p>\n<p>S\u00e5 hvorfor vente? Tag din modeljernbane til det n\u00e6ste niveau med sporvidde H0 - varenr. 20672 H\u00f8jre buet sporskifte. Bestil nu, og begynd at udvide din modeljernbaneverden i dag!<\/p>","protected":false},"excerpt":{"rendered":"<p>Sporvidde H0 - artikel nr. 20672 H\u00f8jre buet sporskifte er en ideel tilf\u00f8jelse til din modeljernbane med et manuelt h\u00e5ndtag og mulighed for at eftermontere en elektrisk sporskiftemekanisme.<\/p>","protected":false},"featured_media":8044,"comment_status":"open","ping_status":"closed","template":"","meta":[],"product_brand":[107],"product_cat":[72],"product_tag":[],"class_list":{"0":"post-8045","1":"product","2":"type-product","3":"status-publish","4":"has-post-thumbnail","6":"product_brand-marklin","7":"product_cat-marklin-h0-originalen","9":"first","10":"instock","11":"taxable","12":"shipping-taxable","13":"purchasable","14":"product-type-simple"},"_links":{"self":[{"href":"https:\/\/bigfunhobby.com\/da\/wp-json\/wp\/v2\/product\/8045","targetHints":{"allow":["GET"]}}],"collection":[{"href":"https:\/\/bigfunhobby.com\/da\/wp-json\/wp\/v2\/product"}],"about":[{"href":"https:\/\/bigfunhobby.com\/da\/wp-json\/wp\/v2\/types\/product"}],"replies":[{"embeddable":true,"href":"https:\/\/bigfunhobby.com\/da\/wp-json\/wp\/v2\/comments?post=8045"}],"wp:featuredmedia":[{"embeddable":true,"href":"https:\/\/bigfunhobby.com\/da\/wp-json\/wp\/v2\/media\/8044"}],"wp:attachment":[{"href":"https:\/\/bigfunhobby.com\/da\/wp-json\/wp\/v2\/media?parent=8045"}],"wp:term":[{"taxonomy":"product_brand","embeddable":true,"href":"https:\/\/bigfunhobby.com\/da\/wp-json\/wp\/v2\/product_brand?post=8045"},{"taxonomy":"product_cat","embeddable":true,"href":"https:\/\/bigfunhobby.com\/da\/wp-json\/wp\/v2\/product_cat?post=8045"},{"taxonomy":"product_tag","embeddable":true,"href":"https:\/\/bigfunhobby.com\/da\/wp-json\/wp\/v2\/product_tag?post=8045"}],"curies":[{"name":"wp","href":"https:\/\/api.w.org\/{rel}","templated":true}]}}