{"id":8051,"date":"2025-03-08T17:14:35","date_gmt":"2025-03-08T17:14:35","guid":{"rendered":"https:\/\/bigfunhobby.com\/butikk\/gauge-h0-article-no-72887-locomotive-shed-kit\/"},"modified":"2025-12-04T10:59:25","modified_gmt":"2025-12-04T08:59:25","slug":"sporvidde-h0-varenr-72887-saet-til-lokomotivskur","status":"publish","type":"product","link":"https:\/\/bigfunhobby.com\/da\/butikk\/gauge-h0-article-no-72887-locomotive-shed-kit\/","title":{"rendered":"Sporvidde H0 - Artikel nr. 72887 Lokomotivstald-s\u00e6t"},"content":{"rendered":"<p>Udforsk modeljernbanernes vidunderlige univers med vores s\u00e6t med lokomotivskur til sporvidde H0 - artikelnr. 72887. Det er en fantastisk tilf\u00f8jelse til b\u00e5de erfarne modelbyggere og dem, der lige er begyndt p\u00e5 denne sp\u00e6ndende hobby.<\/p>\n<h2 class='hdl-2 bottom-10'>H\u00f8jdepunkterne<\/h2>\n<div class='grid-x grid-margin-x'>\n<div class='cell medium-6'>\n<ul class='list-style-disc'>\n<li>Velegnet til systemer med to spor.<\/li>\n<li>Indeholder d\u00f8re, der lukker automatisk.<\/li>\n<\/ul>\n<p class='long-text'><strong>Model:<\/strong>&nbsp;Boksene er arrangeret i 12\u00b0 vinkler. Dette s\u00e6t fungerer godt sammen med 74861, 74862 og 66861 (Trix H0) drejeskiver. S\u00e6ttet kan bruges med C-spor og K-spor (spor medf\u00f8lger ikke). Den brugbare sporl\u00e6ngde i skuret er ca. 30 cm. Skurets d\u00f8re lukker automatisk, n\u00e5r et lokomotiv k\u00f8rer ind i et skur. Faller 191200SA-servoer kan installeres til at betjene d\u00f8rene. St\u00f8rrelse: 377 x 494 mm, h\u00f8jde 129 mm.<\/p>\n<div class='text-addition top-15m'>\n<p>Inkluderer Faller 180653 LED-belysningss\u00e6t (2 stk.).<\/p>\n<p>Kan udbygges med 72889 'Locomotive shed expansion kit'.<\/p>\n<\/div>\n<\/div>\n<\/div>\n<p>Dette s\u00e6t af lokomotivskure giver en autentisk og detaljeret modeloplevelse. Det realistiske design og detaljerne tilf\u00f8jer en ekstra dimension til dit modeljernbanelandskab. Vent ikke l\u00e6ngere, dyk ned i modeljernbanens verden, og oplev gl\u00e6den ved at bygge din egen lokomotivremise. K\u00f8b her, og begynd at bygge nu.<\/p>","protected":false},"excerpt":{"rendered":"<p>Lokomotivskur i skala H0 med plads til to spor og selvlukkende d\u00f8re, perfekt tilf\u00f8jelse til dit modeljernbanelandskab.<\/p>","protected":false},"featured_media":8050,"comment_status":"open","ping_status":"closed","template":"","meta":[],"product_brand":[107],"product_cat":[72],"product_tag":[],"class_list":{"0":"post-8051","1":"product","2":"type-product","3":"status-publish","4":"has-post-thumbnail","6":"product_brand-marklin","7":"product_cat-marklin-h0-originalen","9":"first","10":"instock","11":"taxable","12":"shipping-taxable","13":"purchasable","14":"product-type-simple"},"_links":{"self":[{"href":"https:\/\/bigfunhobby.com\/da\/wp-json\/wp\/v2\/product\/8051","targetHints":{"allow":["GET"]}}],"collection":[{"href":"https:\/\/bigfunhobby.com\/da\/wp-json\/wp\/v2\/product"}],"about":[{"href":"https:\/\/bigfunhobby.com\/da\/wp-json\/wp\/v2\/types\/product"}],"replies":[{"embeddable":true,"href":"https:\/\/bigfunhobby.com\/da\/wp-json\/wp\/v2\/comments?post=8051"}],"wp:featuredmedia":[{"embeddable":true,"href":"https:\/\/bigfunhobby.com\/da\/wp-json\/wp\/v2\/media\/8050"}],"wp:attachment":[{"href":"https:\/\/bigfunhobby.com\/da\/wp-json\/wp\/v2\/media?parent=8051"}],"wp:term":[{"taxonomy":"product_brand","embeddable":true,"href":"https:\/\/bigfunhobby.com\/da\/wp-json\/wp\/v2\/product_brand?post=8051"},{"taxonomy":"product_cat","embeddable":true,"href":"https:\/\/bigfunhobby.com\/da\/wp-json\/wp\/v2\/product_cat?post=8051"},{"taxonomy":"product_tag","embeddable":true,"href":"https:\/\/bigfunhobby.com\/da\/wp-json\/wp\/v2\/product_tag?post=8051"}],"curies":[{"name":"wp","href":"https:\/\/api.w.org\/{rel}","templated":true}]}}