{"id":8065,"date":"2025-03-08T17:14:38","date_gmt":"2025-03-08T17:14:38","guid":{"rendered":"https:\/\/bigfunhobby.com\/butikk\/gauge-h0-article-no-46472-transfesa-tank-car-set\/"},"modified":"2025-12-04T10:59:25","modified_gmt":"2025-12-04T08:59:25","slug":"gauge-h0-article-no-46472-transfesa-tank-car-set","status":"publish","type":"product","link":"https:\/\/bigfunhobby.com\/da\/butikk\/gauge-h0-article-no-46472-transfesa-tank-car-set\/","title":{"rendered":"Gauge H0 &#8211; Article No. 46472 Transfesa Tank Car Set"},"content":{"rendered":"<p>Dette byggesettet av tre type Zags 4-akslede kjemiske tankvogner er et flott tillegg til enhver modelljernbane. Disse vognene ble brukt p\u00e5 Renfe\/Spanish State Railroad, og er registrert i Spanja. De gir et autentisk inntrykk slik de s\u00e5 ut fra 1999.<\/p>\n<p><strong>Specifikationer:<\/strong><\/p>\n<ul>\n<li>Detaljert, delvis \u00e5pen ramme<\/li>\n<li>Ytre sidebjelker er &#8216;U&#8217;-formede med \u00f8yebolter<\/li>\n<li>Trucker er av type Y25<\/li>\n<li>Separat p\u00e5f\u00f8rte arbeids- og bremseplattformer<\/li>\n<li>Individuelle vognnumre<\/li>\n<li>Total lengde over buffere er omtrent 44 cm<\/li>\n<li>DC hjulsett E700580<\/li>\n<\/ul>\n<p>Dette byggesettet gir en unik mulighet til \u00e5 utvide din modelljernbane med h\u00f8ykvalitets kjemiske tankvogner. Byggesettet er laget med fokus p\u00e5 detaljer og autentisitet, noe som garanterer en realistisk og troverdig modell.<\/p>\n<p>Om du er en erfaren modellbygger eller en nybegynner, vil dette byggesettet gi deg timer med kreativ moro og en dypere forst\u00e5else av jernbanehistorien.<\/p>\n<p>Ikke vent, utvid din modelljernbane med dette realistiske kjemiske tankvognsettet. <strong>Book nu!<\/strong><\/p>","protected":false},"excerpt":{"rendered":"<p>Imponerende byggesett av tre type Zags 4-akslede kjemiske tankvogner, registrert i Spania og brukt p\u00e5 Renfe\/Spanish State Railroad. Ideell for modelljernbane-entusiaster.<\/p>","protected":false},"featured_media":8064,"comment_status":"open","ping_status":"closed","template":"","meta":[],"product_brand":[107],"product_cat":[72],"product_tag":[],"class_list":{"0":"post-8065","1":"product","2":"type-product","3":"status-publish","4":"has-post-thumbnail","6":"product_brand-marklin","7":"product_cat-marklin-h0-originalen","9":"first","10":"outofstock","11":"taxable","12":"shipping-taxable","13":"purchasable","14":"product-type-simple"},"_links":{"self":[{"href":"https:\/\/bigfunhobby.com\/da\/wp-json\/wp\/v2\/product\/8065","targetHints":{"allow":["GET"]}}],"collection":[{"href":"https:\/\/bigfunhobby.com\/da\/wp-json\/wp\/v2\/product"}],"about":[{"href":"https:\/\/bigfunhobby.com\/da\/wp-json\/wp\/v2\/types\/product"}],"replies":[{"embeddable":true,"href":"https:\/\/bigfunhobby.com\/da\/wp-json\/wp\/v2\/comments?post=8065"}],"wp:featuredmedia":[{"embeddable":true,"href":"https:\/\/bigfunhobby.com\/da\/wp-json\/wp\/v2\/media\/8064"}],"wp:attachment":[{"href":"https:\/\/bigfunhobby.com\/da\/wp-json\/wp\/v2\/media?parent=8065"}],"wp:term":[{"taxonomy":"product_brand","embeddable":true,"href":"https:\/\/bigfunhobby.com\/da\/wp-json\/wp\/v2\/product_brand?post=8065"},{"taxonomy":"product_cat","embeddable":true,"href":"https:\/\/bigfunhobby.com\/da\/wp-json\/wp\/v2\/product_cat?post=8065"},{"taxonomy":"product_tag","embeddable":true,"href":"https:\/\/bigfunhobby.com\/da\/wp-json\/wp\/v2\/product_tag?post=8065"}],"curies":[{"name":"wp","href":"https:\/\/api.w.org\/{rel}","templated":true}]}}