{"id":8073,"date":"2025-03-08T17:14:41","date_gmt":"2025-03-08T17:14:41","guid":{"rendered":"https:\/\/bigfunhobby.com\/butikk\/gauge-h0-article-no-39498-class-498-1-albatros-steam-locomotive\/"},"modified":"2025-12-04T10:59:25","modified_gmt":"2025-12-04T08:59:25","slug":"gauge-h0-article-no-39498-class-498-1-albatros-steam-locomotive","status":"publish","type":"product","link":"https:\/\/bigfunhobby.com\/da\/butikk\/gauge-h0-article-no-39498-class-498-1-albatros-steam-locomotive\/","title":{"rendered":"Gauge H0 &#8211; Article No. 39498 Class 498.1 &laquo;Albatros&raquo; Steam Locomotive"},"content":{"rendered":"<p>La oss ta deg tilbake i tid med denne imponerende skalamodellen av det historiske Gauge H0 &#8211; Article No. 39498 Class 498.1 &#8216;Albatros&#8217; damplokomotivet. Dette er et must-have for alle som er interessert i modelljernbaner og historiske tog.<\/p>\n<h2>Specifikationer<\/h2>\n<ul>\n<li>Fullstendig ny design.<\/li>\n<li>Detaljert metallkonstruksjon.<\/li>\n<li>Mange separat p\u00e5f\u00f8rte detaljer.<\/li>\n<li>Fabrikkinstallert r\u00f8ykenhet med hastighetsavhengig, dynamisk r\u00f8ykutbl\u00e5sning.<\/li>\n<li>Kabinbelysning kan styres digitalt.<\/li>\n<li>Inkluderer World of Operation mfx+ digital dekoder med omfattende lyd- og lysfunksjoner.<\/li>\n<li>Bufferh\u00f8yde p\u00e5 lokomotivet og tenderen er i henhold til NEM-standarder.<\/li>\n<\/ul>\n<p>Modellen er i hovedsak bygget i metall og har en mfx+ dekoder med omfattende lys- og lydfunksjoner. Den har ogs\u00e5 kontrollert h\u00f8yeffektiv fremdrift med et svinghjul montert i kjelen. Fire aksler drives, og det er montert drivhjul.<\/p>\n<h2>Historikk<\/h2>\n<p>Dette utrolige byggesettet er en n\u00f8yaktig representasjon av det historiske &#8216;Albatros&#8217; damplokomotivet, som opprinnelig ble produsert av \u0160KODA mellom desember 1954 og juni 1955. Det var det siste av de tsjekkoslovakiske ekspresstogdamplokomotivene, og det er fortsatt i drift som museumstog i Bratislava.<\/p>\n<h2>Book nu<\/h2>\n<p>Dette er en unik mulighet til \u00e5 legge til et stykke jernbanehistorie til din modelljernbanesamling. Med sin omfattende detaljering og autentiske funksjoner, vil Gauge H0 &#8211; Article No. 39498 Class 498.1 &#8216;Albatros&#8217; damplokomotiv bringe timer med byggeglede og bli et h\u00f8ydepunkt i ethvert modelljernbanelandskap. Bestill din modell i dag!<\/p>","protected":false},"excerpt":{"rendered":"<p>Denne modellen av Gauge H0 &#8211; Article No. 39498 Class 498.1 &#8216;Albatros&#8217; damplokomotiv er en detaljert skalamodell av det historiske ekspresstoget med autentisk lyd og lys. Den er perfekt for b\u00e5de nybegynnere og erfarne modelljernbaneentusiaster.<\/p>","protected":false},"featured_media":8072,"comment_status":"open","ping_status":"closed","template":"","meta":[],"product_brand":[107],"product_cat":[114,72],"product_tag":[],"class_list":{"0":"post-8073","1":"product","2":"type-product","3":"status-publish","4":"has-post-thumbnail","6":"product_brand-marklin","7":"product_cat-locomotives","8":"product_cat-marklin-h0-originalen","10":"first","11":"outofstock","12":"taxable","13":"shipping-taxable","14":"purchasable","15":"product-type-simple"},"_links":{"self":[{"href":"https:\/\/bigfunhobby.com\/da\/wp-json\/wp\/v2\/product\/8073","targetHints":{"allow":["GET"]}}],"collection":[{"href":"https:\/\/bigfunhobby.com\/da\/wp-json\/wp\/v2\/product"}],"about":[{"href":"https:\/\/bigfunhobby.com\/da\/wp-json\/wp\/v2\/types\/product"}],"replies":[{"embeddable":true,"href":"https:\/\/bigfunhobby.com\/da\/wp-json\/wp\/v2\/comments?post=8073"}],"wp:featuredmedia":[{"embeddable":true,"href":"https:\/\/bigfunhobby.com\/da\/wp-json\/wp\/v2\/media\/8072"}],"wp:attachment":[{"href":"https:\/\/bigfunhobby.com\/da\/wp-json\/wp\/v2\/media?parent=8073"}],"wp:term":[{"taxonomy":"product_brand","embeddable":true,"href":"https:\/\/bigfunhobby.com\/da\/wp-json\/wp\/v2\/product_brand?post=8073"},{"taxonomy":"product_cat","embeddable":true,"href":"https:\/\/bigfunhobby.com\/da\/wp-json\/wp\/v2\/product_cat?post=8073"},{"taxonomy":"product_tag","embeddable":true,"href":"https:\/\/bigfunhobby.com\/da\/wp-json\/wp\/v2\/product_tag?post=8073"}],"curies":[{"name":"wp","href":"https:\/\/api.w.org\/{rel}","templated":true}]}}