{"id":8075,"date":"2025-03-08T17:14:41","date_gmt":"2025-03-08T17:14:41","guid":{"rendered":"https:\/\/bigfunhobby.com\/butikk\/gauge-h0-article-no-39377-class-101-electric-locomotive\/"},"modified":"2025-12-04T10:59:25","modified_gmt":"2025-12-04T08:59:25","slug":"gauge-h0-article-no-39377-class-101-electric-locomotive","status":"publish","type":"product","link":"https:\/\/bigfunhobby.com\/da\/butikk\/gauge-h0-article-no-39377-class-101-electric-locomotive\/","title":{"rendered":"Gauge H0 &#8211; Article No. 39377 Class 101 Electric Locomotive"},"content":{"rendered":"<p><strong>Produktbeskrivelse:<\/strong> Klasse 101 elektrisk lokomotiv &#8216;DAMPFBAHN-ROUTE Sachsen&#8217; er et detaljert modelljernbane tilskudd fra den tyske jernbanen (DB AG). Denne modellen er utf\u00f8rt med kjennetegnene til lokomotivet slik det ser ut i 2022, med veinummer 101 088-3.<\/p>\n<h2 class='hdl-2 bottom-10'>H\u00f8jdepunkterne<\/h2>\n<ul class='list-style-disc'>\n<li>Sentralt montert motor med alle fire drivaksler.<\/li>\n<li>Kabinbelysning for et mer realistisk utseende.<\/li>\n<li>Koblinger med en guide-mekanisme.<\/li>\n<li>mfx+ digital dekoder for avanserte lydfunksjoner.<\/li>\n<\/ul>\n<p class='long-text'><strong>Specifikationer for modellen:<\/strong> Dette skalamodell-lokomotivet har en mfx+ digital dekoder og omfattende lydfunksjoner. Det har ogs\u00e5 styrt h\u00f8yeffektiv fremdrift. Fire drivaksler sikrer god stabilitet og trekkraft. Toglyktene endrer seg med kj\u00f8reretningen, og kan kontrolleres digitalt. Langdistanse hovedlys kan styres separat. Kabinbelysningen kan ogs\u00e5 kontrolleres, noe som gir en st\u00f8rre f\u00f8lelse av realisme. Lengden p\u00e5 lokomotivet er 21.9 cm.<\/p>\n<p>I samarbeid med Dampfbahn-Route Sachsen, har denne modellen blitt n\u00f8ye designet for \u00e5 etterligne det virkelige lokomotivet ned til minste detalj. For de som foretrekker DC-versjoner, kan en tilsvarende modell finnes i Trix H0-sortimentet under varenummer 25377.<\/p>\n<p>Dette er et ideelt valg for b\u00e5de nybegynnere og erfarne modelljernbaneentusiaster. Enten du utvider din eksisterende jernbane eller starter en ny, er dette lokomotivet et flott tilskudd til din samling. S\u00e5 hvorfor vente? <strong>K\u00f8b nu<\/strong> og ta din modelljernbane til det neste niv\u00e5et!<\/p>","protected":false},"excerpt":{"rendered":"<p>Klassisk elektrisk lokomotiv i skala H0, modell 39377 Klasse 101, med detaljer som kabinbelysning og fire drivaksler. Perfekt tillegg til enhver modelljernbane.<\/p>","protected":false},"featured_media":8074,"comment_status":"open","ping_status":"closed","template":"","meta":[],"product_brand":[107],"product_cat":[114,72],"product_tag":[],"class_list":{"0":"post-8075","1":"product","2":"type-product","3":"status-publish","4":"has-post-thumbnail","6":"product_brand-marklin","7":"product_cat-locomotives","8":"product_cat-marklin-h0-originalen","10":"first","11":"instock","12":"taxable","13":"shipping-taxable","14":"purchasable","15":"product-type-simple"},"_links":{"self":[{"href":"https:\/\/bigfunhobby.com\/da\/wp-json\/wp\/v2\/product\/8075","targetHints":{"allow":["GET"]}}],"collection":[{"href":"https:\/\/bigfunhobby.com\/da\/wp-json\/wp\/v2\/product"}],"about":[{"href":"https:\/\/bigfunhobby.com\/da\/wp-json\/wp\/v2\/types\/product"}],"replies":[{"embeddable":true,"href":"https:\/\/bigfunhobby.com\/da\/wp-json\/wp\/v2\/comments?post=8075"}],"wp:featuredmedia":[{"embeddable":true,"href":"https:\/\/bigfunhobby.com\/da\/wp-json\/wp\/v2\/media\/8074"}],"wp:attachment":[{"href":"https:\/\/bigfunhobby.com\/da\/wp-json\/wp\/v2\/media?parent=8075"}],"wp:term":[{"taxonomy":"product_brand","embeddable":true,"href":"https:\/\/bigfunhobby.com\/da\/wp-json\/wp\/v2\/product_brand?post=8075"},{"taxonomy":"product_cat","embeddable":true,"href":"https:\/\/bigfunhobby.com\/da\/wp-json\/wp\/v2\/product_cat?post=8075"},{"taxonomy":"product_tag","embeddable":true,"href":"https:\/\/bigfunhobby.com\/da\/wp-json\/wp\/v2\/product_tag?post=8075"}],"curies":[{"name":"wp","href":"https:\/\/api.w.org\/{rel}","templated":true}]}}