{"id":8081,"date":"2025-03-08T17:14:43","date_gmt":"2025-03-08T17:14:43","guid":{"rendered":"https:\/\/bigfunhobby.com\/butikk\/gauge-h0-article-no-29345-marklin-my-world-batman-starter-set-ice\/"},"modified":"2025-12-04T10:59:25","modified_gmt":"2025-12-04T08:59:25","slug":"gauge-h0-article-no-29345-marklin-my-world-batman-starter-set-ice","status":"publish","type":"product","link":"https:\/\/bigfunhobby.com\/da\/butikk\/gauge-h0-article-no-29345-marklin-my-world-batman-starter-set-ice\/","title":{"rendered":"Gauge H0 &#8211; Article No. 29345 M\u00e4rklin my world &#8211; &laquo;Batman&raquo; Starter Set ICE"},"content":{"rendered":"<p>Dykk inn i verden av Batman med dette spennende startsettet fra M\u00e4rklin my world. Med et unikt Batman-design, gir settet b\u00e5de nybegynnere og erfarne entusiaster muligheten til \u00e5 bygge en egen modelljernbane.<\/p>\n<h2>H\u00f8jdepunkterne<\/h2>\n<ul>\n<li>Unikt togdesign fra Batman og Gotham Citys verden<\/li>\n<li>God lekeglede med M\u00e4rklin my world hevet jernbane og lek p\u00e5 to niv\u00e5er<\/li>\n<li>Tog med lys- og lydfunksjoner<\/li>\n<li>Nem betjening for b\u00f8rn med M\u00e4rklin Power Control Stick<\/li>\n<li>Enkel sammenkobling av vognene med magnetiske koblinger<\/li>\n<li>Solid plastbane designet for barn for rask oppsett og nedtagning<\/li>\n<\/ul>\n<p><strong>Model:<\/strong> Toget drives av batteri og har magnetiske koblinger mellom de enkelte togdelene. Toget inkluderer tre hastighetsniv\u00e5er i fremover og revers, tre lydfunksjoner, og trekke frontlys. Alle disse funksjonene kan kontrolleres med den tr\u00e5dl\u00f8se, infrar\u00f8de togkontrolleren, M\u00e4rklin Power Control Stick, som er designet for barn. Toglengden er 41 cm.<\/p>\n<p>Startsettet inkluderer ogs\u00e5 byggeklosser for \u00e5 lage M\u00e4rklin my world hevet jernbane. Med disse kan toget g\u00e5 fra niv\u00e5 0 til niv\u00e5 1, og det gir muligheten til \u00e5 bygge jernbanepillarer i forskjellige h\u00f8yder. Innholdet i settet er 12 deler med kurvet plastskinner, 12 deler med rette plastskinner, 72 byggeklosser for jernbanepillarer, og 14 adapterblokker for montering av skinnene. Alle delene er laget av robust plast, designet for barn. I tillegg f\u00f8lger det med et ark med klistremerker med temaer fra Batman-verdenen for \u00e5 dekorere toget og s\u00f8ylene.<\/p>\n<p>Toget kan opereres med to forskjellige frekvenser (S\/T), noe som gj\u00f8r at et ekstra my world-tog kan legges til. Settet kan utvides med 23302 plastskinner forh\u00f8yet jernbane-utvidelsessett.<\/p>\n<p>V\u00e6r med p\u00e5 en spennende togtur i Gotham Citys verden. <strong>Kj\u00f8p ditt M\u00e4rklin my world &#8216;Batman&#8217; startsett i dag!<\/strong><\/p>","protected":false},"excerpt":{"rendered":"<p>Oppdag M\u00e4rklin my world &#8216;Batman&#8217; startsett i Gauge H0 skala. Dette unike settet tilbyr en spennende togtur med lys- og lydfunksjoner og en solid plastbane designet for barn.<\/p>","protected":false},"featured_media":8080,"comment_status":"open","ping_status":"closed","template":"","meta":[],"product_brand":[107],"product_cat":[72,113],"product_tag":[],"class_list":{"0":"post-8081","1":"product","2":"type-product","3":"status-publish","4":"has-post-thumbnail","6":"product_brand-marklin","7":"product_cat-marklin-h0-originalen","8":"product_cat-startersets","10":"first","11":"outofstock","12":"taxable","13":"shipping-taxable","14":"purchasable","15":"product-type-simple"},"_links":{"self":[{"href":"https:\/\/bigfunhobby.com\/da\/wp-json\/wp\/v2\/product\/8081","targetHints":{"allow":["GET"]}}],"collection":[{"href":"https:\/\/bigfunhobby.com\/da\/wp-json\/wp\/v2\/product"}],"about":[{"href":"https:\/\/bigfunhobby.com\/da\/wp-json\/wp\/v2\/types\/product"}],"replies":[{"embeddable":true,"href":"https:\/\/bigfunhobby.com\/da\/wp-json\/wp\/v2\/comments?post=8081"}],"wp:featuredmedia":[{"embeddable":true,"href":"https:\/\/bigfunhobby.com\/da\/wp-json\/wp\/v2\/media\/8080"}],"wp:attachment":[{"href":"https:\/\/bigfunhobby.com\/da\/wp-json\/wp\/v2\/media?parent=8081"}],"wp:term":[{"taxonomy":"product_brand","embeddable":true,"href":"https:\/\/bigfunhobby.com\/da\/wp-json\/wp\/v2\/product_brand?post=8081"},{"taxonomy":"product_cat","embeddable":true,"href":"https:\/\/bigfunhobby.com\/da\/wp-json\/wp\/v2\/product_cat?post=8081"},{"taxonomy":"product_tag","embeddable":true,"href":"https:\/\/bigfunhobby.com\/da\/wp-json\/wp\/v2\/product_tag?post=8081"}],"curies":[{"name":"wp","href":"https:\/\/api.w.org\/{rel}","templated":true}]}}