{"id":8083,"date":"2025-03-08T17:14:44","date_gmt":"2025-03-08T17:14:44","guid":{"rendered":"https:\/\/bigfunhobby.com\/butikk\/gauge-h0-article-no-29346-marklin-my-world-construction-site-starter-set\/"},"modified":"2025-12-04T10:59:25","modified_gmt":"2025-12-04T08:59:25","slug":"sporvidde-h0-varenr-29346-marklin-my-world-byggeplads-startsaet","status":"publish","type":"product","link":"https:\/\/bigfunhobby.com\/da\/butikk\/gauge-h0-article-no-29346-marklin-my-world-construction-site-starter-set\/","title":{"rendered":"Sporvidde H0 - Artikel nr. 29346 M\u00e4rklin my world - \"Byggeplads\" starts\u00e6t"},"content":{"rendered":"<p>Sporvidde H0 - 29346 M\u00e4rklin my world - 'Construction Site' Starter Set er det perfekte bygges\u00e6t til b\u00e5de begyndere og erfarne modeltogentusiaster. Denne realistiske modeljernbane er designet med fokus p\u00e5 detaljer og vil give timevis af byggesjov og leg.<\/p>\n<ul>\n<li>Nem betjening for b\u00f8rn med M\u00e4rklin Power Control Stick<\/li>\n<li>Oplad hurtigt dit lokomotiv med genopladeligt batteri og USB-ladekabel<\/li>\n<li>Sp\u00e6ndende byggelyde og lys medf\u00f8lger<\/li>\n<li>Arbejdstrucks til p\u00e5- og afl\u00e6sning<\/li>\n<li>Cementblander med roterende tragt, der kan \u00e5bnes, inklusive sm\u00e5 baller som last<\/li>\n<li>Byggepladsk\u00f8ret\u00f8jer inkluderet<\/li>\n<li>4-delt tog 48 cm langt<\/li>\n<li>Passer til 'Byggeplads'-temaets verden<\/li>\n<\/ul>\n<p>Modellen har et flot konstruktionsdesign. Lokomotivet har et batteridrevet drev og en magnetisk kobling bagp\u00e5. Motoren, det genopladelige batteri og al elektronikken er designet til at v\u00e6re utilg\u00e6ngelige for b\u00f8rn. Lokomotivet kan oplades med det medf\u00f8lgende ladekabel. Lokomotivet har 3 hastighedsniveauer b\u00e5de fremad og bagud, 3 lydfunktioner og tredobbelt forlygte, som kan styres med M\u00e4rklin Power Control Stick, der er designet til b\u00f8rn. Togs\u00e6ttet kan betjenes med 2 forskellige frekvenser, s\u00e5 et andet batteridrevet tog kan betjenes med dette s\u00e6t p\u00e5 samme tid.<\/p>\n<p>S\u00e6ttet indeholder 13 stykker buede plastskinner, 6 stykker lige plastskinner, 1 venstresving, 1 sporstopper og en tr\u00e5dl\u00f8s M\u00e4rklin Power Control Stick, der er nem at bruge. Et USB-opladerkabel til lokomotivet og 2 AAA-batterier til controlleren er inkluderet i dette s\u00e6t.<\/p>\n<p>Uanset om du er en erfaren modelbygger eller en nybegynder, vil dette s\u00e6t give dig en autentisk modeljernbaneoplevelse. Udforsk vores online shop for flere modeljernbane- og bygges\u00e6tprodukter. K\u00f8b Gauge H0 - 29346 M\u00e4rklin my world - 'Construction Site' Starter Set nu, og start dit modeljernbaneeventyr!<\/p>\n<p>&#8216;<\/p>","protected":false},"excerpt":{"rendered":"<p>Spur H0 - 29346 M\u00e4rklin my world - 'Construction Site' starts\u00e6t indeholder en detaljeret byggetogsmodel med genopladeligt batteri, lyd- og lysfunktioner samt fungerende lastbiler til p\u00e5- og afl\u00e6sning.<\/p>","protected":false},"featured_media":8082,"comment_status":"open","ping_status":"closed","template":"","meta":[],"product_brand":[107],"product_cat":[72,113],"product_tag":[],"class_list":{"0":"post-8083","1":"product","2":"type-product","3":"status-publish","4":"has-post-thumbnail","6":"product_brand-marklin","7":"product_cat-marklin-h0-originalen","8":"product_cat-startersets","10":"first","11":"outofstock","12":"taxable","13":"shipping-taxable","14":"purchasable","15":"product-type-simple"},"_links":{"self":[{"href":"https:\/\/bigfunhobby.com\/da\/wp-json\/wp\/v2\/product\/8083","targetHints":{"allow":["GET"]}}],"collection":[{"href":"https:\/\/bigfunhobby.com\/da\/wp-json\/wp\/v2\/product"}],"about":[{"href":"https:\/\/bigfunhobby.com\/da\/wp-json\/wp\/v2\/types\/product"}],"replies":[{"embeddable":true,"href":"https:\/\/bigfunhobby.com\/da\/wp-json\/wp\/v2\/comments?post=8083"}],"wp:featuredmedia":[{"embeddable":true,"href":"https:\/\/bigfunhobby.com\/da\/wp-json\/wp\/v2\/media\/8082"}],"wp:attachment":[{"href":"https:\/\/bigfunhobby.com\/da\/wp-json\/wp\/v2\/media?parent=8083"}],"wp:term":[{"taxonomy":"product_brand","embeddable":true,"href":"https:\/\/bigfunhobby.com\/da\/wp-json\/wp\/v2\/product_brand?post=8083"},{"taxonomy":"product_cat","embeddable":true,"href":"https:\/\/bigfunhobby.com\/da\/wp-json\/wp\/v2\/product_cat?post=8083"},{"taxonomy":"product_tag","embeddable":true,"href":"https:\/\/bigfunhobby.com\/da\/wp-json\/wp\/v2\/product_tag?post=8083"}],"curies":[{"name":"wp","href":"https:\/\/api.w.org\/{rel}","templated":true}]}}