{"id":8097,"date":"2025-03-08T17:14:47","date_gmt":"2025-03-08T17:14:47","guid":{"rendered":"https:\/\/bigfunhobby.com\/butikk\/gauge-h0-article-no-39686-class-di3-diesel-locomotive-nsb\/"},"modified":"2025-12-04T10:59:25","modified_gmt":"2025-12-04T08:59:25","slug":"sporvidde-h0-varenr-39686-klasse-di3-diesellokomotiv-nsb","status":"publish","type":"product","link":"https:\/\/bigfunhobby.com\/da\/butikk\/gauge-h0-article-no-39686-class-di3-diesel-locomotive-nsb\/","title":{"rendered":"Sporvidde H0 - Artikel nr. 39686 Klasse Di3 Diesellokomotiv NSB"},"content":{"rendered":"<p>Dette er en skalamodel af det klassiske Di3-diesellokomotiv fra Norske Statsbaner (NSB). Modellen er i skala H0, som er den mest popul\u00e6re skala inden for modeljernbanehobbyen. Dette er en god tilf\u00f8jelse til din samling, uanset om du er en erfaren modeljernbaneentusiast eller en nybegynder.<\/p>\n<h2 class='hdl-2 bottom-10'>Produktets egenskaber<\/h2>\n<ul class='list-style-disc'>\n<li>Leveres med mfx+ digital dekoder for realistisk kontrol.<\/li>\n<li>Fire aksler drives af kardanaksler til autentisk fremdrift.<\/li>\n<li>Tre hovedlys og to r\u00f8de markeringslys, som kan styres digitalt.<\/li>\n<li>Oplyst f\u00f8rerhus, der kan styres separat.<\/li>\n<li>Detaljer som metaldetaljerne og gitteret p\u00e5 endevinduet er p\u00e5f\u00f8rt separat for at opn\u00e5 en h\u00f8j grad af realisme.<\/li>\n<\/ul>\n<p>Modellen har en l\u00e6ngde over buffere p\u00e5 21,7 cm og er ideel til at tilf\u00f8je en autentisk og realistisk dimension til din modeljernbane. Den gr\u00f8nne farve og detaljerne er tro mod det originale Di3-lokomotiv fra NSB.<\/p>\n<p>For at udvide din samling p\u00e5 bedste vis finder du et passende godstogss\u00e6t i M\u00e4rklins H0-serie under artikelnummer 46067.<\/p>\n<p>Du vil elske detaljeringsgraden og den autentiske fornemmelse af dette modeljernbaneprodukt. Vent ikke, forbedr din modeljernbaneoplevelse med dette NSB Di3-diesellokomotiv i dag.<\/p>","protected":false},"excerpt":{"rendered":"<p>Klassisk Di3-diesellokomotiv i skala H0 fra NSB. Perfekt til modeljernbaneentusiaster med digital styring og autentiske detaljer.<\/p>","protected":false},"featured_media":8096,"comment_status":"open","ping_status":"closed","template":"","meta":[],"product_brand":[107],"product_cat":[114,72],"product_tag":[],"class_list":{"0":"post-8097","1":"product","2":"type-product","3":"status-publish","4":"has-post-thumbnail","6":"product_brand-marklin","7":"product_cat-locomotives","8":"product_cat-marklin-h0-originalen","10":"first","11":"instock","12":"taxable","13":"shipping-taxable","14":"purchasable","15":"product-type-simple"},"_links":{"self":[{"href":"https:\/\/bigfunhobby.com\/da\/wp-json\/wp\/v2\/product\/8097","targetHints":{"allow":["GET"]}}],"collection":[{"href":"https:\/\/bigfunhobby.com\/da\/wp-json\/wp\/v2\/product"}],"about":[{"href":"https:\/\/bigfunhobby.com\/da\/wp-json\/wp\/v2\/types\/product"}],"replies":[{"embeddable":true,"href":"https:\/\/bigfunhobby.com\/da\/wp-json\/wp\/v2\/comments?post=8097"}],"wp:featuredmedia":[{"embeddable":true,"href":"https:\/\/bigfunhobby.com\/da\/wp-json\/wp\/v2\/media\/8096"}],"wp:attachment":[{"href":"https:\/\/bigfunhobby.com\/da\/wp-json\/wp\/v2\/media?parent=8097"}],"wp:term":[{"taxonomy":"product_brand","embeddable":true,"href":"https:\/\/bigfunhobby.com\/da\/wp-json\/wp\/v2\/product_brand?post=8097"},{"taxonomy":"product_cat","embeddable":true,"href":"https:\/\/bigfunhobby.com\/da\/wp-json\/wp\/v2\/product_cat?post=8097"},{"taxonomy":"product_tag","embeddable":true,"href":"https:\/\/bigfunhobby.com\/da\/wp-json\/wp\/v2\/product_tag?post=8097"}],"curies":[{"name":"wp","href":"https:\/\/api.w.org\/{rel}","templated":true}]}}