{"id":8101,"date":"2025-03-08T17:14:48","date_gmt":"2025-03-08T17:14:48","guid":{"rendered":"https:\/\/bigfunhobby.com\/butikk\/gauge-g-article-no-70403-freight-train-starter-set\/"},"modified":"2025-12-04T10:59:25","modified_gmt":"2025-12-04T08:59:25","slug":"sporvidde-g-varenr-70403-godstog-startsaet","status":"publish","type":"product","link":"https:\/\/bigfunhobby.com\/da\/butikk\/gauge-g-article-no-70403-freight-train-starter-set\/","title":{"rendered":"Spor G - Artikel nr. 70403 Godstogsstarts\u00e6t"},"content":{"rendered":"<p>Dette Gauge G Item no. 70403 Freight Train Starter kit er perfekt til b\u00e5de begyndere og erfarne modeljernbaneentusiaster. S\u00e6ttet giver dig alt, hvad du beh\u00f8ver for at komme i gang med at bygge din egen modeljernbane.<\/p>\n<p>S\u00e6ttet indeholder et godstog med et 'Stainz'-damplokomotiv, en ballastvogn og en lavlastervogn. Damplokomotivet er udstyret med en kraftig motor, elektronisk damplyd og en r\u00f8ggenerator, som vil g\u00f8re din modeljernbaneoplevelse endnu mere realistisk.<\/p>\n<ul>\n<li>Togs\u00e6ttets l\u00e6ngde er hele 85 cm.<\/li>\n<li>Den cirkul\u00e6re rille har en diameter p\u00e5 1.290 mm, eller 51 tommer.<\/li>\n<li>S\u00e6ttet indeholder ogs\u00e5 en str\u00f8mforsyning til 230 volt og en controller.<\/li>\n<\/ul>\n<p>OBS! Belastningen p\u00e5 den lave vogn kan variere, da det er en pr\u00f8ve.<\/p>\n<p>Ingen modeljernbane er komplet uden et kraftigt, effektivt og realistisk tog. Med dette starts\u00e6t f\u00e5r du en god base for din modeljernbane, som du kan bygge videre p\u00e5 med flere skinner, tog og tilbeh\u00f8r. Hvis du er interesseret i modeljernbaner og gerne vil starte med et solidt fundament, er dette s\u00e6t noget for dig.<\/p>\n<p>S\u00e5 vent ikke l\u00e6ngere. Tag springet ind i modeljernbanens fascinerende verden. K\u00f8b dit Gauge G Item No. 70403 Freight Train Starter Set nu, og begynd at bygge i dag!<\/p>","protected":false},"excerpt":{"rendered":"<p>Modeljernbanestarts\u00e6t i spor G, med damplokomotivet 'Stainz', ballastvogn og lav vogn med l\u00e6s. Indeholder cirkul\u00e6rt spor, str\u00f8mforsyning og betjening.<\/p>","protected":false},"featured_media":8100,"comment_status":"open","ping_status":"closed","template":"","meta":[],"product_brand":[108],"product_cat":[74],"product_tag":[],"class_list":{"0":"post-8101","1":"product","2":"type-product","3":"status-publish","4":"has-post-thumbnail","6":"product_brand-lgb","7":"product_cat-lgb","9":"first","10":"instock","11":"taxable","12":"shipping-taxable","13":"purchasable","14":"product-type-simple"},"_links":{"self":[{"href":"https:\/\/bigfunhobby.com\/da\/wp-json\/wp\/v2\/product\/8101","targetHints":{"allow":["GET"]}}],"collection":[{"href":"https:\/\/bigfunhobby.com\/da\/wp-json\/wp\/v2\/product"}],"about":[{"href":"https:\/\/bigfunhobby.com\/da\/wp-json\/wp\/v2\/types\/product"}],"replies":[{"embeddable":true,"href":"https:\/\/bigfunhobby.com\/da\/wp-json\/wp\/v2\/comments?post=8101"}],"wp:featuredmedia":[{"embeddable":true,"href":"https:\/\/bigfunhobby.com\/da\/wp-json\/wp\/v2\/media\/8100"}],"wp:attachment":[{"href":"https:\/\/bigfunhobby.com\/da\/wp-json\/wp\/v2\/media?parent=8101"}],"wp:term":[{"taxonomy":"product_brand","embeddable":true,"href":"https:\/\/bigfunhobby.com\/da\/wp-json\/wp\/v2\/product_brand?post=8101"},{"taxonomy":"product_cat","embeddable":true,"href":"https:\/\/bigfunhobby.com\/da\/wp-json\/wp\/v2\/product_cat?post=8101"},{"taxonomy":"product_tag","embeddable":true,"href":"https:\/\/bigfunhobby.com\/da\/wp-json\/wp\/v2\/product_tag?post=8101"}],"curies":[{"name":"wp","href":"https:\/\/api.w.org\/{rel}","templated":true}]}}