{"id":8105,"date":"2025-03-08T17:14:49","date_gmt":"2025-03-08T17:14:49","guid":{"rendered":"https:\/\/bigfunhobby.com\/butikk\/gauge-g-article-no-19902-station-track-set\/"},"modified":"2025-12-04T10:59:27","modified_gmt":"2025-12-04T08:59:27","slug":"gauge-g-article-no-19902-station-track-set","status":"publish","type":"product","link":"https:\/\/bigfunhobby.com\/da\/butikk\/gauge-g-article-no-19902-station-track-set\/","title":{"rendered":"Sporvidde G - artikel nr. 19902 Stationskorts\u00e6t"},"content":{"rendered":"<p>Dreamer du om \u00e5 ta din modelljernbane til neste niv\u00e5? Med Gauge G 19902 Stasjonssporsett kan du transformere din grunnleggende startpakke til et omfattende jernbanesystem. Dette settet gir deg muligheten til \u00e5 lage en oval bane med et passerende spor, slik at to tog kan passere, ett tog kan parkere, og du kan bytte biler eller flytte et lokomotiv fra den ene enden av toget til den andre.<\/p>\n<ul>\n<li>1 &#8211; 12000 manuell h\u00f8yreh\u00e5ndsveksel<\/li>\n<li>1 &#8211; 12100 manuell venstreh\u00e5ndsveksel<\/li>\n<li>9 &#8211; 10000 rettspor seksjoner<\/li>\n<li>2 &#8211; 11000 kurvede spor seksjoner<\/li>\n<\/ul>\n<p>Det er ingen bedre f\u00f8lelse enn \u00e5 se din modelljernbane vokse og utvikle seg. Enten du er en erfaren modellbygger eller en nybegynner, vil dette settet gi deg timer med kreativ glede. Stasjonssporsettet er robust og slitesterkt, noe som sikrer at din modelljernbane vil vare i \u00e5revis.<\/p>\n<p>Ikke la denne muligheten g\u00e5 fra deg. Utvid din modelljernbane med Gauge G 19902 Stasjonssporsett og opplev gleden ved \u00e5 se din skalamodell-lokomotiv kj\u00f8re p\u00e5 ditt eget tilpassede spor. Kj\u00f8p n\u00e5 og start din modellbyggingsreise!<\/p>","protected":false},"excerpt":{"rendered":"<p>Utvid samlingen din med Gauge G 19902 Stasjonssporsett, ideell for \u00e5 forvandle ditt starter-sett til en kompleks modelljernbane.<\/p>","protected":false},"featured_media":8104,"comment_status":"open","ping_status":"closed","template":"","meta":[],"product_brand":[108],"product_cat":[74],"product_tag":[],"class_list":{"0":"post-8105","1":"product","2":"type-product","3":"status-publish","4":"has-post-thumbnail","6":"product_brand-lgb","7":"product_cat-lgb","9":"first","10":"outofstock","11":"taxable","12":"shipping-taxable","13":"purchasable","14":"product-type-simple"},"_links":{"self":[{"href":"https:\/\/bigfunhobby.com\/da\/wp-json\/wp\/v2\/product\/8105","targetHints":{"allow":["GET"]}}],"collection":[{"href":"https:\/\/bigfunhobby.com\/da\/wp-json\/wp\/v2\/product"}],"about":[{"href":"https:\/\/bigfunhobby.com\/da\/wp-json\/wp\/v2\/types\/product"}],"replies":[{"embeddable":true,"href":"https:\/\/bigfunhobby.com\/da\/wp-json\/wp\/v2\/comments?post=8105"}],"wp:featuredmedia":[{"embeddable":true,"href":"https:\/\/bigfunhobby.com\/da\/wp-json\/wp\/v2\/media\/8104"}],"wp:attachment":[{"href":"https:\/\/bigfunhobby.com\/da\/wp-json\/wp\/v2\/media?parent=8105"}],"wp:term":[{"taxonomy":"product_brand","embeddable":true,"href":"https:\/\/bigfunhobby.com\/da\/wp-json\/wp\/v2\/product_brand?post=8105"},{"taxonomy":"product_cat","embeddable":true,"href":"https:\/\/bigfunhobby.com\/da\/wp-json\/wp\/v2\/product_cat?post=8105"},{"taxonomy":"product_tag","embeddable":true,"href":"https:\/\/bigfunhobby.com\/da\/wp-json\/wp\/v2\/product_tag?post=8105"}],"curies":[{"name":"wp","href":"https:\/\/api.w.org\/{rel}","templated":true}]}}