{"id":8111,"date":"2025-03-08T17:14:52","date_gmt":"2025-03-08T17:14:52","guid":{"rendered":"https:\/\/bigfunhobby.com\/butikk\/occre-pin-pusher\/"},"modified":"2026-03-03T12:26:14","modified_gmt":"2026-03-03T10:26:14","slug":"occre-pin-pusher","status":"publish","type":"product","link":"https:\/\/bigfunhobby.com\/da\/butikk\/occre-pin-pusher\/","title":{"rendered":"OcCre - Skubber til stifter"},"content":{"rendered":"<p>OcCre Pin Pusher er et uundv\u00e6rligt v\u00e6rkt\u00f8j for alle, der interesserer sig for modelbygning. Med denne smarte enhed kan du s\u00e6tte stifter i dine bygges\u00e6t uden at skulle bruge en hammer. Det giver dig st\u00f8rre pr\u00e6cision og kontrol, hvilket er s\u00e6rligt vigtigt, n\u00e5r detaljeringsgraden er h\u00f8j.<\/p>\n<p>Dette v\u00e6rkt\u00f8j er ikke kun nyttigt for dem, der bygger <strong>Modeller af tr\u00e6skibe<\/strong> eller andre <strong>bygges\u00e6t i tr\u00e6<\/strong>men ogs\u00e5 for dem, der arbejder med <strong>Plastikmodeller<\/strong> og <strong>Skalamodeller<\/strong>. Det er ogs\u00e5 et uvurderligt tilbeh\u00f8r til dem, der bygger <strong>modeljernbane<\/strong>og andre miniaturer <strong>Lokomotiver<\/strong>.<\/p>\n<ul>\n<li>Kvalitetsv\u00e6rkt\u00f8j til pr\u00e6cisionsarbejde<\/li>\n<li>Eliminerer behovet for en hammer<\/li>\n<li>Uundv\u00e6rlig til modellering<\/li>\n<\/ul>\n<p>S\u00e5 uanset om du foretr\u00e6kker at arbejde med tr\u00e6, plast eller metal, vil OcCre Pin Pusher v\u00e6re en meget v\u00e6rdifuld tilf\u00f8jelse til din v\u00e6rkt\u00f8jskasse. Med dette v\u00e6rkt\u00f8j kan du tage dine kit-projekter til nye h\u00f8jder og virkelig s\u00e6tte dit personlige pr\u00e6g p\u00e5 hvert eneste stykke.<\/p>\n<p>Vent ikke l\u00e6ngere, forbedr din modelleringsoplevelse med OcCre Pin Pusher. <strong>K\u00f8b her<\/strong> og tag dine byggeprojekter til det n\u00e6ste niveau.<\/p>","protected":false},"excerpt":{"rendered":"<p>OcCre Pin Pusher er et uundv\u00e6rligt v\u00e6rkt\u00f8j til at s\u00e6tte stifter i dine modelprojekter uden brug af en hammer. Perfekt til modelskibe, modeljernbaner og veterank\u00f8ret\u00f8jer.<\/p>","protected":false},"featured_media":8110,"comment_status":"open","ping_status":"closed","template":"","meta":[],"product_brand":[95],"product_cat":[58],"product_tag":[],"class_list":{"0":"post-8111","1":"product","2":"type-product","3":"status-publish","4":"has-post-thumbnail","6":"product_brand-occre","7":"product_cat-verktoy","9":"first","10":"instock","11":"taxable","12":"shipping-taxable","13":"purchasable","14":"product-type-simple"},"_links":{"self":[{"href":"https:\/\/bigfunhobby.com\/da\/wp-json\/wp\/v2\/product\/8111","targetHints":{"allow":["GET"]}}],"collection":[{"href":"https:\/\/bigfunhobby.com\/da\/wp-json\/wp\/v2\/product"}],"about":[{"href":"https:\/\/bigfunhobby.com\/da\/wp-json\/wp\/v2\/types\/product"}],"replies":[{"embeddable":true,"href":"https:\/\/bigfunhobby.com\/da\/wp-json\/wp\/v2\/comments?post=8111"}],"wp:featuredmedia":[{"embeddable":true,"href":"https:\/\/bigfunhobby.com\/da\/wp-json\/wp\/v2\/media\/8110"}],"wp:attachment":[{"href":"https:\/\/bigfunhobby.com\/da\/wp-json\/wp\/v2\/media?parent=8111"}],"wp:term":[{"taxonomy":"product_brand","embeddable":true,"href":"https:\/\/bigfunhobby.com\/da\/wp-json\/wp\/v2\/product_brand?post=8111"},{"taxonomy":"product_cat","embeddable":true,"href":"https:\/\/bigfunhobby.com\/da\/wp-json\/wp\/v2\/product_cat?post=8111"},{"taxonomy":"product_tag","embeddable":true,"href":"https:\/\/bigfunhobby.com\/da\/wp-json\/wp\/v2\/product_tag?post=8111"}],"curies":[{"name":"wp","href":"https:\/\/api.w.org\/{rel}","templated":true}]}}