{"id":8113,"date":"2025-03-08T17:14:52","date_gmt":"2025-03-08T17:14:52","guid":{"rendered":"https:\/\/bigfunhobby.com\/butikk\/1700-queen-mary-2\/"},"modified":"2025-12-04T10:59:28","modified_gmt":"2025-12-04T08:59:28","slug":"1700-queen-mary-2","status":"publish","type":"product","link":"https:\/\/bigfunhobby.com\/da\/butikk\/1700-queen-mary-2\/","title":{"rendered":"1:700 DRONNING MARY 2"},"content":{"rendered":"<p>G\u00e5 p\u00e5 opdagelse i verdens mest ber\u00f8mte passagerskibs historie og pragt med dette detaljerede plastikbygges\u00e6t af Queen Mary 2. Dette models\u00e6t i skala 1\/700 indeholder 323 dele, s\u00e5 du kan bygge din egen miniatureversion af dette ikoniske skib.<\/p>\n<p>S\u00e6ttet har en sv\u00e6rhedsgrad p\u00e5 4 ud af 5, hvilket g\u00f8r det ideelt til erfarne modelbyggere, der s\u00f8ger en udfordring. N\u00e5r modellen er f\u00e6rdig, m\u00e5ler den imponerende 49,4 cm i l\u00e6ngden.<\/p>\n<ul>\n<li>Detaljeret skrog i to dele<\/li>\n<li>4 Motorhus med propeller<\/li>\n<li>Strukturerede hoved- og promenaded\u00e6k<\/li>\n<li>Detaljerede swimmingpools<\/li>\n<li>Transparente dele til beskyttelsesvinduer<\/li>\n<li>Separate udflugtsb\u00e5de, redningsb\u00e5de, motorb\u00e5de<\/li>\n<li>Udstillingsstand<\/li>\n<li>Stort udvalg af klisterm\u00e6rker<\/li>\n<\/ul>\n<p>Pakken indeholder et plastiks\u00e6t (ikke samlet), en illustreret flersproget samlevejledning og et s\u00e6t klisterm\u00e6rker. De farver, som producenten anbefaler, er hvid, antracitgr\u00e5, italiensk r\u00f8d, rust, beige, st\u00e5l, sort, lysegr\u00e5 og m\u00f8rkegr\u00e5. Lim, maling og pensler medf\u00f8lger ikke.<\/p>\n<p>Queen Mary 2 er en levende del af s\u00f8fartshistorien, og med dette s\u00e6t kan du bringe et stykke af den historie ind i dit eget hjem. Uanset om du er en erfaren modelbygger eller en entusiast, der s\u00f8ger en ny udfordring, er dette s\u00e6t en unik mulighed for at dykke ned i en verden af detaljeret modelbygning.<\/p>\n<p>Vent ikke, start dit n\u00e6ste modelbygningsprojekt i dag. K\u00f8b Queen Mary 2 plastbygges\u00e6ttet nu!<\/p>","protected":false},"excerpt":{"rendered":"<p>Genoplev den majest\u00e6tiske Queen Mary 2 med dette detaljerede plastiks\u00e6t i skala 1\/700. Perfekt til erfarne modelbyggere, der s\u00f8ger en udfordring.<\/p>","protected":false},"featured_media":8112,"comment_status":"open","ping_status":"closed","template":"","meta":[],"product_brand":[104],"product_cat":[56],"product_tag":[],"class_list":{"0":"post-8113","1":"product","2":"type-product","3":"status-publish","4":"has-post-thumbnail","6":"product_brand-revell","7":"product_cat-bater","9":"first","10":"outofstock","11":"taxable","12":"shipping-taxable","13":"purchasable","14":"product-type-simple"},"_links":{"self":[{"href":"https:\/\/bigfunhobby.com\/da\/wp-json\/wp\/v2\/product\/8113","targetHints":{"allow":["GET"]}}],"collection":[{"href":"https:\/\/bigfunhobby.com\/da\/wp-json\/wp\/v2\/product"}],"about":[{"href":"https:\/\/bigfunhobby.com\/da\/wp-json\/wp\/v2\/types\/product"}],"replies":[{"embeddable":true,"href":"https:\/\/bigfunhobby.com\/da\/wp-json\/wp\/v2\/comments?post=8113"}],"wp:featuredmedia":[{"embeddable":true,"href":"https:\/\/bigfunhobby.com\/da\/wp-json\/wp\/v2\/media\/8112"}],"wp:attachment":[{"href":"https:\/\/bigfunhobby.com\/da\/wp-json\/wp\/v2\/media?parent=8113"}],"wp:term":[{"taxonomy":"product_brand","embeddable":true,"href":"https:\/\/bigfunhobby.com\/da\/wp-json\/wp\/v2\/product_brand?post=8113"},{"taxonomy":"product_cat","embeddable":true,"href":"https:\/\/bigfunhobby.com\/da\/wp-json\/wp\/v2\/product_cat?post=8113"},{"taxonomy":"product_tag","embeddable":true,"href":"https:\/\/bigfunhobby.com\/da\/wp-json\/wp\/v2\/product_tag?post=8113"}],"curies":[{"name":"wp","href":"https:\/\/api.w.org\/{rel}","templated":true}]}}