{"id":8115,"date":"2025-03-08T17:14:53","date_gmt":"2025-03-08T17:14:53","guid":{"rendered":"https:\/\/bigfunhobby.com\/butikk\/article-no-60216-central-station-3-plus\/"},"modified":"2026-03-26T09:25:33","modified_gmt":"2026-03-26T07:25:33","slug":"article-no-60216-central-station-3-plus","status":"publish","type":"product","link":"https:\/\/bigfunhobby.com\/da\/butikk\/article-no-60216-central-station-3-plus\/","title":{"rendered":"Artikel nr. 60216 Central Station 3 plus"},"content":{"rendered":"<p>Uansett om du er nybegynner eller erfaren entusiast med modelljernbane, er Article No. 60216 Central Station 3 plus det ultimate verkt\u00f8yet for deg. Denne digitale styringssentralen gir deg full kontroll over ditt modelljernbanesystem, med en h\u00f8yoppl\u00f8selig fargeskjerm og et innebygd sentralt sporplan kontrollpanel. Str\u00f8mforsyning bestilles separat.<\/p>\n<ul>\n<li>Styrer opptil 32 funksjoner p\u00e5 dine lokomotiver<\/li>\n<li>Kan kontrollere opp til 320 Motorola og 2048 DCC-spolenheter<\/li>\n<li>Har to innebygde kortlesere for lokomotiv<\/li>\n<li>Innebygd h\u00f8yttaler for avspilling av typiske modelljernbane lyder<\/li>\n<li>Innebygd SD-kortspor for utvidet lagring<\/li>\n<li>Innebygd kraftig Booster for \u00e5 forsyne layouten med str\u00f8m<\/li>\n<li>To USB-verter for mus, tastatur, USB-stick osv., og en USB-ladeport<\/li>\n<li>Direkte tilkoblinger for 2 Mobile Stations og en Bus-ekspansjonsenhet<\/li>\n<li>Innebygd s88-tilkobling<\/li>\n<li>Tilkoblinger for nettverk, eksterne h\u00f8yttalere, M\u00e4rklin Bus<\/li>\n<li>Flere Central Station 3 plus-enheter kan betjenes sammen p\u00e5 en layout<\/li>\n<\/ul>\n<p>Med Article No. 60216 Central Station 3 plus kan du enkelt kontrollere b\u00e5de lokomotiver og hele layouten. Denne styringssentralen gir deg muligheten til \u00e5 skape en realistisk og detaljert modelljernbaneopplevelse. Tilgjengelige tilkoblinger for nettverk, eksterne h\u00f8yttalere, og M\u00e4rklin Bus gir deg maksimal frihet og fleksibilitet i oppsettet ditt.<\/p>\n<p>Ingen detalj er for liten i verden av modellbygging, og med denne styringssentralen kan du f\u00e5 mest mulig ut av hobbyen din. Enten du bygger ditt f\u00f8rste sett eller du er en erfaren modellbygger, vil Article No. 60216 Central Station 3 plus gi en ny dimensjon til din modelljernbane.<\/p>\n<p>Utforsk fullt potensiale av din modelljernbane med Article No. 60216 Central Station 3 plus. Kj\u00f8p her og ta kontroll over ditt modelljernbaneunivers!<\/p>","protected":false},"excerpt":{"rendered":"<p>Article No. 60216 Central Station 3 plus er en toppmoderne digital styringssentral til modelljernbane, med ber\u00f8ringsskjerm og innebygd sporplan. Den styrer opptil 32 funksjoner p\u00e5 lokomotiver og 2048 DCC-spolenheter.<\/p>","protected":false},"featured_media":8114,"comment_status":"open","ping_status":"closed","template":"","meta":[],"product_brand":[107],"product_cat":[72],"product_tag":[],"class_list":{"0":"post-8115","1":"product","2":"type-product","3":"status-publish","4":"has-post-thumbnail","6":"product_brand-marklin","7":"product_cat-marklin-h0-originalen","9":"first","10":"instock","11":"taxable","12":"shipping-taxable","13":"purchasable","14":"product-type-simple"},"_links":{"self":[{"href":"https:\/\/bigfunhobby.com\/da\/wp-json\/wp\/v2\/product\/8115","targetHints":{"allow":["GET"]}}],"collection":[{"href":"https:\/\/bigfunhobby.com\/da\/wp-json\/wp\/v2\/product"}],"about":[{"href":"https:\/\/bigfunhobby.com\/da\/wp-json\/wp\/v2\/types\/product"}],"replies":[{"embeddable":true,"href":"https:\/\/bigfunhobby.com\/da\/wp-json\/wp\/v2\/comments?post=8115"}],"wp:featuredmedia":[{"embeddable":true,"href":"https:\/\/bigfunhobby.com\/da\/wp-json\/wp\/v2\/media\/8114"}],"wp:attachment":[{"href":"https:\/\/bigfunhobby.com\/da\/wp-json\/wp\/v2\/media?parent=8115"}],"wp:term":[{"taxonomy":"product_brand","embeddable":true,"href":"https:\/\/bigfunhobby.com\/da\/wp-json\/wp\/v2\/product_brand?post=8115"},{"taxonomy":"product_cat","embeddable":true,"href":"https:\/\/bigfunhobby.com\/da\/wp-json\/wp\/v2\/product_cat?post=8115"},{"taxonomy":"product_tag","embeddable":true,"href":"https:\/\/bigfunhobby.com\/da\/wp-json\/wp\/v2\/product_tag?post=8115"}],"curies":[{"name":"wp","href":"https:\/\/api.w.org\/{rel}","templated":true}]}}