{"id":8119,"date":"2025-03-08T17:14:54","date_gmt":"2025-03-08T17:14:54","guid":{"rendered":"https:\/\/bigfunhobby.com\/butikk\/175-danmark-special-edition-wooden-hull\/"},"modified":"2025-12-04T10:59:28","modified_gmt":"2025-12-04T08:59:28","slug":"175-danmark-special-edition-traeskrog","status":"publish","type":"product","link":"https:\/\/bigfunhobby.com\/da\/butikk\/175-danmark-special-edition-wooden-hull\/","title":{"rendered":"1:75 DANMARK SPECIALUDGAVE - TR\u00c6SKROG"},"content":{"rendered":"<p>'1:75 Denmark Special Edition' er et tr\u00e6s\u00e6t af h\u00f8j kvalitet, der er designet til modelbygningsentusiaster p\u00e5 alle erfaringsniveauer. Dette skibsmodels\u00e6t i tr\u00e6 giver dig mulighed for at bygge en meget detaljeret model af det klassiske danske skoleskib fra 1933. <\/p>\n<p>Skibet er et st\u00e5lkl\u00e6dt, tremastet, fuldrigget skib bygget p\u00e5 Nakskov Skibsv\u00e6rft i Danmark. Skibet ejes af Kongeriget Danmark og har siden 1933 givet grundl\u00e6ggende tr\u00e6ning til unge mennesker, der \u00f8nsker en karriere til s\u00f8s. Ved s\u00e6rlige lejligheder krydser det Atlanten for at bes\u00f8ge USA, hvor det under Anden Verdenskrig fungerede som tr\u00e6ningsskib for amerikanske kadetter.<\/p>\n<p>Dette s\u00e6t giver dig en autentisk modeloplevelse med instruktioner p\u00e5 engelsk, fransk, tysk, dansk og hollandsk. <\/p>\n<ul>\n<li>Produktkategori: Bygges\u00e6t i tr\u00e6<\/li>\n<li>M\u00e5lestok: 1:75<\/li>\n<li>Materialer: Tr\u00e6<\/li>\n<\/ul>\n<p>Uanset om du er en erfaren modelbygger eller en nybegynder, er dette modelbygges\u00e6t til tr\u00e6skibe en fantastisk mulighed for at dykke dybere ned i historien og modelbyggeriet. Genskab det ikoniske danske skoleskib i dit eget hjem, og bliv imponeret over detaljeringsgraden og kvaliteten.<\/p>\n<p>Er du klar til at kaste dig ud i et nyt modelbyggeprojekt? Bestil '1:75 Denmark Special Edition' her, og begynd at bygge i dag!<\/p>","protected":false},"excerpt":{"rendered":"<p>1:75 Denmark Special Edition' er et unikt tr\u00e6skibsmodels\u00e6t med autentiske detaljer, inspireret af det historiske danske skoleskib fra 1933.<\/p>","protected":false},"featured_media":8118,"comment_status":"open","ping_status":"closed","template":"","meta":[],"product_brand":[96],"product_cat":[53],"product_tag":[],"class_list":{"0":"post-8119","1":"product","2":"type-product","3":"status-publish","4":"has-post-thumbnail","6":"product_brand-billing-boats","7":"product_cat-bater-billing-boats","9":"first","10":"instock","11":"taxable","12":"shipping-taxable","13":"purchasable","14":"product-type-simple"},"_links":{"self":[{"href":"https:\/\/bigfunhobby.com\/da\/wp-json\/wp\/v2\/product\/8119","targetHints":{"allow":["GET"]}}],"collection":[{"href":"https:\/\/bigfunhobby.com\/da\/wp-json\/wp\/v2\/product"}],"about":[{"href":"https:\/\/bigfunhobby.com\/da\/wp-json\/wp\/v2\/types\/product"}],"replies":[{"embeddable":true,"href":"https:\/\/bigfunhobby.com\/da\/wp-json\/wp\/v2\/comments?post=8119"}],"wp:featuredmedia":[{"embeddable":true,"href":"https:\/\/bigfunhobby.com\/da\/wp-json\/wp\/v2\/media\/8118"}],"wp:attachment":[{"href":"https:\/\/bigfunhobby.com\/da\/wp-json\/wp\/v2\/media?parent=8119"}],"wp:term":[{"taxonomy":"product_brand","embeddable":true,"href":"https:\/\/bigfunhobby.com\/da\/wp-json\/wp\/v2\/product_brand?post=8119"},{"taxonomy":"product_cat","embeddable":true,"href":"https:\/\/bigfunhobby.com\/da\/wp-json\/wp\/v2\/product_cat?post=8119"},{"taxonomy":"product_tag","embeddable":true,"href":"https:\/\/bigfunhobby.com\/da\/wp-json\/wp\/v2\/product_tag?post=8119"}],"curies":[{"name":"wp","href":"https:\/\/api.w.org\/{rel}","templated":true}]}}