{"id":8121,"date":"2025-03-08T17:14:54","date_gmt":"2025-03-08T17:14:54","guid":{"rendered":"https:\/\/bigfunhobby.com\/butikk\/emilie-robin-search-and-rescue-boat-plastic-hull\/"},"modified":"2025-12-04T10:59:28","modified_gmt":"2025-12-04T08:59:28","slug":"emilie-robin-search-and-rescue-boat-plastic-hull","status":"publish","type":"product","link":"https:\/\/bigfunhobby.com\/da\/butikk\/emilie-robin-search-and-rescue-boat-plastic-hull\/","title":{"rendered":"EMILIE ROBIN SEARCH AND RESCUE BOAT &#8211; PLASTIC HULL"},"content":{"rendered":"<p>Dette byggesettet fra EMILIE ROBIN SEARCH AND RESCUE BOAT er perfekt for b\u00e5de nybegynnere og erfarne entusiaster innen modellbygging. Med plastskrog og laserkuttede trekomponenter gir det en autentisk og detaljert modell av den ber\u00f8mte redningsb\u00e5ten.<\/p>\n<ul>\n<li>Skala 1:33 &#8211; Lengde 60,5 cm<\/li>\n<li>Trinnvis instruksjoner, plan og fotomanual<\/li>\n<li>Ekstra detaljbilder<\/li>\n<\/ul>\n<p>&#8216;Emilie Robin&#8217; ble levert fra North Sea Shipyard i Ringk\u00f8bing, Danmark, i 1989. Livb\u00e5ten ble oppkalt etter den parisiske kj\u00f8pmannen Emile Robin, en filantropist, cognacprodusent og visepresident for den franske veldedighetsorganisasjonen La Soci\u00e9t\u00e9 Centrale de Sauvetage des Naufrag\u00e9s (Selskapet for Redning av Skibbrudne). Emile Robin er en av de viktigste velgj\u00f8rerne i den 150 \u00e5r lange historien til den danske livb\u00e5ttjenesten. &#8216;Emilie Robin&#8217; er permanent stasjonert ved livb\u00e5tstasjonen i Hvide Sande, p\u00e5 vestkysten av Danmark.<\/p>\n<p>Denne plastmodellen av &#8216;Emilie Robin&#8217; er en skalamodell av h\u00f8y kvalitet som gir deg en autentisk byggeopplevelse. Perfekt for de som elsker modellbygging og for de som \u00f8nsker \u00e5 dykke dypere inn i den fascinerende verden av skipskonstruksjon.<\/p>\n<p>Ikke vent, start din modellbyggingsreise med &#8216;Emilie Robin&#8217; redningsb\u00e5t. Kj\u00f8p her!<\/p>","protected":false},"excerpt":{"rendered":"<p>Byggesett av &#8216;Emilie Robin&#8217; redningsb\u00e5t med plastskrog og laserkuttede trekomponenter. Perfekt for entusiaster innen skalamodellbygging.<\/p>","protected":false},"featured_media":8120,"comment_status":"open","ping_status":"closed","template":"","meta":[],"product_brand":[96],"product_cat":[53],"product_tag":[],"class_list":{"0":"post-8121","1":"product","2":"type-product","3":"status-publish","4":"has-post-thumbnail","6":"product_brand-billing-boats","7":"product_cat-bater-billing-boats","9":"first","10":"instock","11":"taxable","12":"shipping-taxable","13":"purchasable","14":"product-type-simple"},"_links":{"self":[{"href":"https:\/\/bigfunhobby.com\/da\/wp-json\/wp\/v2\/product\/8121","targetHints":{"allow":["GET"]}}],"collection":[{"href":"https:\/\/bigfunhobby.com\/da\/wp-json\/wp\/v2\/product"}],"about":[{"href":"https:\/\/bigfunhobby.com\/da\/wp-json\/wp\/v2\/types\/product"}],"replies":[{"embeddable":true,"href":"https:\/\/bigfunhobby.com\/da\/wp-json\/wp\/v2\/comments?post=8121"}],"wp:featuredmedia":[{"embeddable":true,"href":"https:\/\/bigfunhobby.com\/da\/wp-json\/wp\/v2\/media\/8120"}],"wp:attachment":[{"href":"https:\/\/bigfunhobby.com\/da\/wp-json\/wp\/v2\/media?parent=8121"}],"wp:term":[{"taxonomy":"product_brand","embeddable":true,"href":"https:\/\/bigfunhobby.com\/da\/wp-json\/wp\/v2\/product_brand?post=8121"},{"taxonomy":"product_cat","embeddable":true,"href":"https:\/\/bigfunhobby.com\/da\/wp-json\/wp\/v2\/product_cat?post=8121"},{"taxonomy":"product_tag","embeddable":true,"href":"https:\/\/bigfunhobby.com\/da\/wp-json\/wp\/v2\/product_tag?post=8121"}],"curies":[{"name":"wp","href":"https:\/\/api.w.org\/{rel}","templated":true}]}}