{"id":8131,"date":"2025-03-08T17:14:58","date_gmt":"2025-03-08T17:14:58","guid":{"rendered":"https:\/\/bigfunhobby.com\/butikk\/wwi-planes-paints-set-12-x-20-ml\/"},"modified":"2025-12-04T10:59:28","modified_gmt":"2025-12-04T08:59:28","slug":"wwi-fly-maling-saet-12-x-20-ml","status":"publish","type":"product","link":"https:\/\/bigfunhobby.com\/da\/butikk\/wwi-planes-paints-set-12-x-20-ml\/","title":{"rendered":"WWI PLANES PAINTS SET (12 x 20 ml)"},"content":{"rendered":"<p>Nu kan du v\u00e6kke de historiske krigsfly fra F\u00f8rste Verdenskrig til live med vores WWI PLANES PAINTS SET. Dette malingss\u00e6t er specielt designet til modelflybygning og indeholder 12 omhyggeligt udvalgte farver p\u00e5 20 ml hver, som vil give dine plastikmodeller en autentisk og realistisk finish.<\/p>\n<p><strong>Specifikationer:<\/strong><\/p>\n<ul>\n<li>Produktnavn: S\u00c6T MED MALING TIL WWI-FLY<\/li>\n<li>Antal farver: 12<\/li>\n<li>St\u00f8rrelse: 20ml<\/li>\n<\/ul>\n<p>Dette malingss\u00e6t er ideelt til b\u00e5de begyndere og erfarne modelbyggere. Farverne er nemme at p\u00e5f\u00f8re og giver et professionelt resultat. De kan bruges p\u00e5 alle typer modelfly, uanset skala. <\/p>\n<p>At bygge og male modelfly er mere end bare en hobby. Det er en kunstform og en l\u00e6rerig oplevelse. Med WWI PLANES PAINTS SET kan du udforske F\u00f8rste Verdenskrigs historie gennem dine modelfly og skabe dit eget flyvende museum derhjemme.<\/p>\n<p>G\u00e5 ikke glip af muligheden for at tage din modellering til n\u00e6ste niveau. <strong>Bestil dit WWI PLANES PAINTS SET nu<\/strong> og oplev gl\u00e6den ved at skabe autentiske og realistiske modelfly.<\/p>","protected":false},"excerpt":{"rendered":"<p>G\u00f8r dine modelfly autentiske med WWI PLANES PAINTS SET. S\u00e6ttet indeholder 12 forskellige farver til at give dine modelfly det rigtige udseende.<\/p>","protected":false},"featured_media":8130,"comment_status":"open","ping_status":"closed","template":"","meta":[],"product_brand":[97],"product_cat":[70],"product_tag":[],"class_list":{"0":"post-8131","1":"product","2":"type-product","3":"status-publish","4":"has-post-thumbnail","6":"product_brand-artesania","7":"product_cat-artesania-maling","9":"first","10":"instock","11":"taxable","12":"shipping-taxable","13":"purchasable","14":"product-type-simple"},"_links":{"self":[{"href":"https:\/\/bigfunhobby.com\/da\/wp-json\/wp\/v2\/product\/8131","targetHints":{"allow":["GET"]}}],"collection":[{"href":"https:\/\/bigfunhobby.com\/da\/wp-json\/wp\/v2\/product"}],"about":[{"href":"https:\/\/bigfunhobby.com\/da\/wp-json\/wp\/v2\/types\/product"}],"replies":[{"embeddable":true,"href":"https:\/\/bigfunhobby.com\/da\/wp-json\/wp\/v2\/comments?post=8131"}],"wp:featuredmedia":[{"embeddable":true,"href":"https:\/\/bigfunhobby.com\/da\/wp-json\/wp\/v2\/media\/8130"}],"wp:attachment":[{"href":"https:\/\/bigfunhobby.com\/da\/wp-json\/wp\/v2\/media?parent=8131"}],"wp:term":[{"taxonomy":"product_brand","embeddable":true,"href":"https:\/\/bigfunhobby.com\/da\/wp-json\/wp\/v2\/product_brand?post=8131"},{"taxonomy":"product_cat","embeddable":true,"href":"https:\/\/bigfunhobby.com\/da\/wp-json\/wp\/v2\/product_cat?post=8131"},{"taxonomy":"product_tag","embeddable":true,"href":"https:\/\/bigfunhobby.com\/da\/wp-json\/wp\/v2\/product_tag?post=8131"}],"curies":[{"name":"wp","href":"https:\/\/api.w.org\/{rel}","templated":true}]}}