{"id":8133,"date":"2025-03-08T17:14:58","date_gmt":"2025-03-08T17:14:58","guid":{"rendered":"https:\/\/bigfunhobby.com\/butikk\/belem-paints-set-6-x-20-ml\/"},"modified":"2025-12-04T10:59:28","modified_gmt":"2025-12-04T08:59:28","slug":"belem-malingssaet-6-x-20-ml","status":"publish","type":"product","link":"https:\/\/bigfunhobby.com\/da\/butikk\/belem-paints-set-6-x-20-ml\/","title":{"rendered":"BELEM PAINTS SET (6 x 20 ml)"},"content":{"rendered":"<p>Giv dit tr\u00e6skibsprojekt et professionelt pr\u00e6g med vores BELEM Paints Set. Dette s\u00e6t er ideelt til b\u00e5de begyndere og erfarne modelbyggere og giver en autentisk, detaljeret finish til din BELEM tr\u00e6skibsmodel.<\/p>\n<p><b>Specifikationer:<\/b><\/p>\n<ul>\n<li>Farves\u00e6ttet best\u00e5r af 6 forskellige farver p\u00e5 20 ml hver, som er n\u00f8je udvalgt til at matche farvepaletten p\u00e5 det historiske BELEM-skib.<\/li>\n<li>Malingss\u00e6ttet er lavet af materialer af h\u00f8j kvalitet, som med garanti giver en glat og holdbar finish.<\/li>\n<\/ul>\n<p>Dette produkt er perfekt til dem, der interesserer sig for skibsmodellering i tr\u00e6 og bygges\u00e6t til voksne. Det giver dig mulighed for at tilf\u00f8je ekstra detaljer til dit arbejde og opn\u00e5 et realistisk og professionelt udseende.<\/p>\n<p><b>Historie:<\/b><\/p>\n<p>BELEM er anerkendt som et af de mest ikoniske tr\u00e6skibe i den maritime historie. Ved at bruge vores BELEM-farves\u00e6t kan du genskabe dette historiske fart\u00f8j med fantastiske detaljer og autenticitet.<\/p>\n<p>Lad ikke dit s\u00e6t blive upersonligt og uf\u00e6rdigt. G\u00f8r det til dit eget kunstv\u00e6rk med BELEM Paints Set. Se udvalget, og bestil dit s\u00e6t i dag for at tage dit modelbygningsprojekt til det n\u00e6ste niveau.<\/p>","protected":false},"excerpt":{"rendered":"<p>Opfrisk din BELEM tr\u00e6skibsmodel med vores BELEM-farves\u00e6t, der er perfekt til at give dine modeller liv med detaljerede og autentiske farver.<\/p>","protected":false},"featured_media":8132,"comment_status":"open","ping_status":"closed","template":"","meta":[],"product_brand":[97],"product_cat":[70],"product_tag":[],"class_list":{"0":"post-8133","1":"product","2":"type-product","3":"status-publish","4":"has-post-thumbnail","6":"product_brand-artesania","7":"product_cat-artesania-maling","9":"first","10":"outofstock","11":"taxable","12":"shipping-taxable","13":"purchasable","14":"product-type-simple"},"_links":{"self":[{"href":"https:\/\/bigfunhobby.com\/da\/wp-json\/wp\/v2\/product\/8133","targetHints":{"allow":["GET"]}}],"collection":[{"href":"https:\/\/bigfunhobby.com\/da\/wp-json\/wp\/v2\/product"}],"about":[{"href":"https:\/\/bigfunhobby.com\/da\/wp-json\/wp\/v2\/types\/product"}],"replies":[{"embeddable":true,"href":"https:\/\/bigfunhobby.com\/da\/wp-json\/wp\/v2\/comments?post=8133"}],"wp:featuredmedia":[{"embeddable":true,"href":"https:\/\/bigfunhobby.com\/da\/wp-json\/wp\/v2\/media\/8132"}],"wp:attachment":[{"href":"https:\/\/bigfunhobby.com\/da\/wp-json\/wp\/v2\/media?parent=8133"}],"wp:term":[{"taxonomy":"product_brand","embeddable":true,"href":"https:\/\/bigfunhobby.com\/da\/wp-json\/wp\/v2\/product_brand?post=8133"},{"taxonomy":"product_cat","embeddable":true,"href":"https:\/\/bigfunhobby.com\/da\/wp-json\/wp\/v2\/product_cat?post=8133"},{"taxonomy":"product_tag","embeddable":true,"href":"https:\/\/bigfunhobby.com\/da\/wp-json\/wp\/v2\/product_tag?post=8133"}],"curies":[{"name":"wp","href":"https:\/\/api.w.org\/{rel}","templated":true}]}}